{"id":33105,"date":"2026-02-04T14:52:46","date_gmt":"2026-02-04T11:52:46","guid":{"rendered":"https:\/\/a-pant.ee\/product\/televizor-lg-32ld565\/"},"modified":"2026-02-22T12:13:52","modified_gmt":"2026-02-22T09:13:52","slug":"televizo-lg-32ld565-pult-provod","status":"publish","type":"product","link":"https:\/\/a-pant.ee\/ru\/product\/televizo-lg-32ld565-pult-provod\/","title":{"rendered":"\u0422\u0435\u043b\u0435\u0432\u0438\u0437\u043e LG 32LD565 + \u043f\u0443\u043b\u044c\u0442 + \u043f\u0440\u043e\u0432\u043e\u0434"},"content":{"rendered":"\n<p> Teler LG 32LD565 + pult + juhe, heas seisu- ja t\u00f6\u00f6korras! <\/p><p> KIRJELDUS <\/p><p> Seadme t\u00fc\u00fcp: vedelkristall-televisioon (LCD) <\/p><p> Ekraani diagonaal: 32 tolli <\/p><p> Ekraani eraldusv\u00f5ime: 1366 \u00d7 768 (HD) <\/p><p> Ekraani formaadisuhte: 16:9 <\/p><p> Taustvalgus: LED <\/p><p> Digitaalne TV: sisseehitatud DVB-T\/DVB-C vastuv\u00f5tja <\/p><p> Analoog TV: toetatud <\/p><p> \u00dchendused: HDMI, USB, VGA, SCART, komponente sisend <\/p><p> Audio: sisseehitatud k\u00f5larid <\/p><p> Juhtimine: nupud korpusel ja puldist <\/p>\n","protected":false},"excerpt":{"rendered":"<p>Teler LG 32LD565 + pult + juhe, heas seisu- ja t\u00f6\u00f6korras! KIRJELDUS Seadme t\u00fc\u00fcp: vedelkristall-televisioon (LCD) Ekraani diagonaal: 32 tolli Ekraani eraldusv\u00f5ime: 1366 \u00d7 768 (HD) Ekraani formaadisuhte: 16:9 Taustvalgus: LED Digitaalne TV: sisseehitatud DVB-T\/DVB-C vastuv\u00f5tja Analoog TV: toetatud \u00dchendused: HDMI, USB, VGA, SCART, komponente sisend Audio: sisseehitatud k\u00f5larid Juhtimine: nupud korpusel ja puldist<\/p>\n","protected":false},"featured_media":33106,"comment_status":"closed","ping_status":"closed","template":"","meta":{"inline_featured_image":false},"product_brand":[],"product_cat":[181],"product_tag":[],"class_list":{"0":"post-33105","1":"product","2":"type-product","3":"status-publish","4":"has-post-thumbnail","6":"product_cat-televizory","7":"product_shipping_class-oversize","8":"pa_asukoht-mustamae","9":"pa_seisukord-ispolzovano","11":"first","12":"outofstock","13":"taxable","14":"shipping-taxable","15":"purchasable","16":"product-type-simple"},"_links":{"self":[{"href":"https:\/\/a-pant.ee\/ru\/wp-json\/wp\/v2\/product\/33105","targetHints":{"allow":["GET"]}}],"collection":[{"href":"https:\/\/a-pant.ee\/ru\/wp-json\/wp\/v2\/product"}],"about":[{"href":"https:\/\/a-pant.ee\/ru\/wp-json\/wp\/v2\/types\/product"}],"replies":[{"embeddable":true,"href":"https:\/\/a-pant.ee\/ru\/wp-json\/wp\/v2\/comments?post=33105"}],"wp:featuredmedia":[{"embeddable":true,"href":"https:\/\/a-pant.ee\/ru\/wp-json\/wp\/v2\/media\/33106"}],"wp:attachment":[{"href":"https:\/\/a-pant.ee\/ru\/wp-json\/wp\/v2\/media?parent=33105"}],"wp:term":[{"taxonomy":"product_brand","embeddable":true,"href":"https:\/\/a-pant.ee\/ru\/wp-json\/wp\/v2\/product_brand?post=33105"},{"taxonomy":"product_cat","embeddable":true,"href":"https:\/\/a-pant.ee\/ru\/wp-json\/wp\/v2\/product_cat?post=33105"},{"taxonomy":"product_tag","embeddable":true,"href":"https:\/\/a-pant.ee\/ru\/wp-json\/wp\/v2\/product_tag?post=33105"}],"curies":[{"name":"wp","href":"https:\/\/api.w.org\/{rel}","templated":true}]}}