{"id":33100,"date":"2026-02-04T14:52:46","date_gmt":"2026-02-04T11:52:46","guid":{"rendered":"https:\/\/a-pant.ee\/product\/teploventilyator-pf02-g\/"},"modified":"2026-02-22T12:13:52","modified_gmt":"2026-02-22T09:13:52","slug":"teploventilyator-pf02-g","status":"publish","type":"product","link":"https:\/\/a-pant.ee\/ru\/product\/teploventilyator-pf02-g\/","title":{"rendered":"\u0422\u0435\u043f\u043b\u043e\u0432\u0435\u043d\u0442\u0438\u043b\u044f\u0442\u043e\u0440 PF02-G"},"content":{"rendered":"\n<p> Elektriline soojapuhur PF02-G, heas seisu- ja t\u00f6\u00f6korras! <\/p><p> KIRJELDUS <\/p><p> Seadme t\u00fc\u00fcp: keraamiline soojapuhur (PTC) <\/p><p> Toitepinge: 220\u2013240 V <\/p><p> V\u00f5rgusagedus: 50\u201360 Hz <\/p><p> V\u00f5imsus: 3000 W <\/p><p> Kaitseklass: IP20 <\/p><p> K\u00fctteelemendi t\u00fc\u00fcp: keraamiline PTC <\/p><p> Toide: elektriv\u00f5rk <\/p><p> Toitekaabel: H05VV-F 3G 1,5 mm\u00b2 <\/p><p> Kaabli pikkus: 1,2 m <\/p><p> Vastavusm\u00e4rgistus: CE <\/p><p> Maaletooja \/ ettev\u00f5te: Pureva O\u00dc, Eesti <\/p><p> Tootjariik: P.R.C. <\/p><p> Kasutusala: ruumide soojendamine <\/p>\n","protected":false},"excerpt":{"rendered":"<p>Elektriline soojapuhur PF02-G, heas seisu- ja t\u00f6\u00f6korras! KIRJELDUS Seadme t\u00fc\u00fcp: keraamiline soojapuhur (PTC) Toitepinge: 220\u2013240 V V\u00f5rgusagedus: 50\u201360 Hz V\u00f5imsus: 3000 W Kaitseklass: IP20 K\u00fctteelemendi t\u00fc\u00fcp: keraamiline PTC Toide: elektriv\u00f5rk Toitekaabel: H05VV-F 3G 1,5 mm\u00b2 Kaabli pikkus: 1,2 m Vastavusm\u00e4rgistus: CE Maaletooja \/ ettev\u00f5te: Pureva O\u00dc, Eesti Tootjariik: P.R.C. Kasutusala: ruumide soojendamine<\/p>\n","protected":false},"featured_media":33101,"comment_status":"closed","ping_status":"open","template":"","meta":{"inline_featured_image":false},"product_brand":[],"product_cat":[246],"product_tag":[],"class_list":{"0":"post-33100","1":"product","2":"type-product","3":"status-publish","4":"has-post-thumbnail","6":"product_cat-instrumenty-drugoe","7":"pa_asukoht-mustamae","8":"pa_seisukord-ispolzovano","10":"first","11":"instock","12":"taxable","13":"shipping-taxable","14":"purchasable","15":"product-type-simple"},"_links":{"self":[{"href":"https:\/\/a-pant.ee\/ru\/wp-json\/wp\/v2\/product\/33100","targetHints":{"allow":["GET"]}}],"collection":[{"href":"https:\/\/a-pant.ee\/ru\/wp-json\/wp\/v2\/product"}],"about":[{"href":"https:\/\/a-pant.ee\/ru\/wp-json\/wp\/v2\/types\/product"}],"replies":[{"embeddable":true,"href":"https:\/\/a-pant.ee\/ru\/wp-json\/wp\/v2\/comments?post=33100"}],"wp:featuredmedia":[{"embeddable":true,"href":"https:\/\/a-pant.ee\/ru\/wp-json\/wp\/v2\/media\/33101"}],"wp:attachment":[{"href":"https:\/\/a-pant.ee\/ru\/wp-json\/wp\/v2\/media?parent=33100"}],"wp:term":[{"taxonomy":"product_brand","embeddable":true,"href":"https:\/\/a-pant.ee\/ru\/wp-json\/wp\/v2\/product_brand?post=33100"},{"taxonomy":"product_cat","embeddable":true,"href":"https:\/\/a-pant.ee\/ru\/wp-json\/wp\/v2\/product_cat?post=33100"},{"taxonomy":"product_tag","embeddable":true,"href":"https:\/\/a-pant.ee\/ru\/wp-json\/wp\/v2\/product_tag?post=33100"}],"curies":[{"name":"wp","href":"https:\/\/api.w.org\/{rel}","templated":true}]}}