{"id":33093,"date":"2026-02-04T14:52:46","date_gmt":"2026-02-04T11:52:46","guid":{"rendered":"https:\/\/a-pant.ee\/product\/seredrjannye-izdeliya-lot-m29\/"},"modified":"2026-02-22T12:13:52","modified_gmt":"2026-02-22T09:13:52","slug":"serebryannye-izdeliya-lot-m29","status":"publish","type":"product","link":"https:\/\/a-pant.ee\/ru\/product\/serebryannye-izdeliya-lot-m29\/","title":{"rendered":"\u0421\u0435\u0440\u0435\u0431\u0440\u044f\u043d\u043d\u044b\u0435 \u0438\u0437\u0434\u0435\u043b\u0438\u044f Lot M29"},"content":{"rendered":"\n<p> H\u00f5be tooted Lot M29, heas seisu- ja t\u00f6\u00f6korras! <\/p><p> KIRJELDUS <\/p><p> Proov: 925 <br \/> Toodete kogukaal: 15,74 g <br \/> Kaelakett: 4,78 g <br \/> Kaelakett: 4,78 g <br \/> Ripats: 1,24 g <br \/> Ripats: 2,09 g <br \/> S\u00f5rmus: 2,83 g <\/p>\n","protected":false},"excerpt":{"rendered":"<p>H\u00f5be tooted Lot M29, heas seisu- ja t\u00f6\u00f6korras! KIRJELDUS Proov: 925 Toodete kogukaal: 15,74 g Kaelakett: 4,78 g Kaelakett: 4,78 g Ripats: 1,24 g Ripats: 2,09 g S\u00f5rmus: 2,83 g<\/p>\n","protected":false},"featured_media":33094,"comment_status":"closed","ping_status":"open","template":"","meta":{"inline_featured_image":false},"product_brand":[],"product_cat":[185],"product_tag":[],"class_list":{"0":"post-33093","1":"product","2":"type-product","3":"status-publish","4":"has-post-thumbnail","6":"product_cat-serebro","7":"pa_asukoht-mustamae","8":"pa_seisukord-ispolzovano","10":"first","11":"instock","12":"taxable","13":"shipping-taxable","14":"purchasable","15":"product-type-simple"},"_links":{"self":[{"href":"https:\/\/a-pant.ee\/ru\/wp-json\/wp\/v2\/product\/33093","targetHints":{"allow":["GET"]}}],"collection":[{"href":"https:\/\/a-pant.ee\/ru\/wp-json\/wp\/v2\/product"}],"about":[{"href":"https:\/\/a-pant.ee\/ru\/wp-json\/wp\/v2\/types\/product"}],"replies":[{"embeddable":true,"href":"https:\/\/a-pant.ee\/ru\/wp-json\/wp\/v2\/comments?post=33093"}],"wp:featuredmedia":[{"embeddable":true,"href":"https:\/\/a-pant.ee\/ru\/wp-json\/wp\/v2\/media\/33094"}],"wp:attachment":[{"href":"https:\/\/a-pant.ee\/ru\/wp-json\/wp\/v2\/media?parent=33093"}],"wp:term":[{"taxonomy":"product_brand","embeddable":true,"href":"https:\/\/a-pant.ee\/ru\/wp-json\/wp\/v2\/product_brand?post=33093"},{"taxonomy":"product_cat","embeddable":true,"href":"https:\/\/a-pant.ee\/ru\/wp-json\/wp\/v2\/product_cat?post=33093"},{"taxonomy":"product_tag","embeddable":true,"href":"https:\/\/a-pant.ee\/ru\/wp-json\/wp\/v2\/product_tag?post=33093"}],"curies":[{"name":"wp","href":"https:\/\/api.w.org\/{rel}","templated":true}]}}