{"id":33081,"date":"2026-02-04T14:49:17","date_gmt":"2026-02-04T11:49:17","guid":{"rendered":"https:\/\/a-pant.ee\/product\/pistolet-dlya-gvozdej-essve-cn-15-90-yashchik\/"},"modified":"2026-02-22T12:13:57","modified_gmt":"2026-02-22T09:13:57","slug":"pistolet-dlya-gvozdej-essve-cn-15-90-yashhik","status":"publish","type":"product","link":"https:\/\/a-pant.ee\/ru\/product\/pistolet-dlya-gvozdej-essve-cn-15-90-yashhik\/","title":{"rendered":"\u041f\u0438\u0441\u0442\u043e\u043b\u0435\u0442 \u0434\u043b\u044f \u0433\u0432\u043e\u0437\u0434\u0435\u0439 Essve CN 15\/90 + \u044f\u0449\u0438\u043a"},"content":{"rendered":"\n<p> Naelap\u00fcstol Essve CN 15\/90 + kohver, heas seisu- ja t\u00f6\u00f6korras! <\/p><p> KIRJELDUS <\/p><p> Pikkus\/laius\/k\u00f5rgus: 311\/132\/357 mm <br \/> Kaal: 3,3 kg <br \/> \u00d5hur\u00f5hk: Max 8 bar (120 psi) <br \/> Magasini mahutavus: 150-300 tk <br \/> Naela diameeter <br \/> &#8212; traatk\u00f6ide: 2,5-3,1 mm <br \/> &#8212; plastk\u00f6ide: 2,5-3,1 mm <br \/> Naela pikkus: 45-90 mm <br \/> Nurk: 15\u00b0 <br \/> Naela t\u00fc\u00fcp: 15\u00b0 rullk\u00f6ide <br \/> Helitase (dBA): LPA, 2s = 107,5 \/ LPA, 1s = 1m 94,5 <br \/> Vibratsioon: 2,54 m\/s\u22832; <\/p>\n","protected":false},"excerpt":{"rendered":"<p>Naelap\u00fcstol Essve CN 15\/90 + kohver, heas seisu- ja t\u00f6\u00f6korras! KIRJELDUS Pikkus\/laius\/k\u00f5rgus: 311\/132\/357 mm Kaal: 3,3 kg \u00d5hur\u00f5hk: Max 8 bar (120 psi) Magasini mahutavus: 150-300 tk Naela diameeter &#8212; traatk\u00f6ide: 2,5-3,1 mm &#8212; plastk\u00f6ide: 2,5-3,1 mm Naela pikkus: 45-90 mm Nurk: 15\u00b0 Naela t\u00fc\u00fcp: 15\u00b0 rullk\u00f6ide Helitase (dBA): LPA, 2s = 107,5 \/ LPA, [&hellip;]<\/p>\n","protected":false},"featured_media":33082,"comment_status":"closed","ping_status":"open","template":"","meta":{"inline_featured_image":false},"product_brand":[],"product_cat":[236],"product_tag":[],"class_list":{"0":"post-33081","1":"product","2":"type-product","3":"status-publish","4":"has-post-thumbnail","6":"product_cat-pnevmaticheskij-instrument","7":"pa_asukoht-mustamae","8":"pa_seisukord-ispolzovano","10":"first","11":"instock","12":"taxable","13":"shipping-taxable","14":"purchasable","15":"product-type-simple"},"_links":{"self":[{"href":"https:\/\/a-pant.ee\/ru\/wp-json\/wp\/v2\/product\/33081","targetHints":{"allow":["GET"]}}],"collection":[{"href":"https:\/\/a-pant.ee\/ru\/wp-json\/wp\/v2\/product"}],"about":[{"href":"https:\/\/a-pant.ee\/ru\/wp-json\/wp\/v2\/types\/product"}],"replies":[{"embeddable":true,"href":"https:\/\/a-pant.ee\/ru\/wp-json\/wp\/v2\/comments?post=33081"}],"wp:featuredmedia":[{"embeddable":true,"href":"https:\/\/a-pant.ee\/ru\/wp-json\/wp\/v2\/media\/33082"}],"wp:attachment":[{"href":"https:\/\/a-pant.ee\/ru\/wp-json\/wp\/v2\/media?parent=33081"}],"wp:term":[{"taxonomy":"product_brand","embeddable":true,"href":"https:\/\/a-pant.ee\/ru\/wp-json\/wp\/v2\/product_brand?post=33081"},{"taxonomy":"product_cat","embeddable":true,"href":"https:\/\/a-pant.ee\/ru\/wp-json\/wp\/v2\/product_cat?post=33081"},{"taxonomy":"product_tag","embeddable":true,"href":"https:\/\/a-pant.ee\/ru\/wp-json\/wp\/v2\/product_tag?post=33081"}],"curies":[{"name":"wp","href":"https:\/\/api.w.org\/{rel}","templated":true}]}}