{"id":33075,"date":"2026-02-04T14:49:17","date_gmt":"2026-02-04T11:49:17","guid":{"rendered":"https:\/\/a-pant.ee\/product\/akkumulyatornaya-drel-metabo-powermaxx-bs\/"},"modified":"2026-02-22T12:13:57","modified_gmt":"2026-02-22T09:13:57","slug":"akkumulyatornaya-drel-metabo-powermaxx-bs-akku-zaryadka","status":"publish","type":"product","link":"https:\/\/a-pant.ee\/ru\/product\/akkumulyatornaya-drel-metabo-powermaxx-bs-akku-zaryadka\/","title":{"rendered":"\u0410\u043a\u043a\u0443\u043c\u0443\u043b\u044f\u0442\u043e\u0440\u043d\u0430\u044f \u0434\u0440\u0435\u043b\u044c Metabo PowerMaxx BS + \u0430\u043a\u043a\u0443 + \u0437\u0430\u0440\u044f\u0434\u043a\u0430"},"content":{"rendered":"\n<p> Akutrell Metabo PowerMaxx BS + aku + laadija, heas seisu- ja t\u00f6\u00f6korras! <\/p><p> KIRJELDUS <\/p><p> L\u00fchidalt tootest <br \/> Aku pinge <br \/> 10,8 V <br \/> Patareide arv <br \/> 2 <br \/> Maksimaalne p\u00f6\u00f6rdemoment <br \/> 34 Nm <br \/> Max puuri l\u00e4bim\u00f5\u00f5t (puit) <br \/> 22 mm <br \/> Max puuri l\u00e4bim\u00f5\u00f5t (metall) <br \/> 10 mm <br \/> Kaal <br \/> 0,8 kg <br \/> Aku mahutavus <br \/> 2 Ah <br \/> pakett <br \/> juhtum <br \/> Disaini omadused <br \/> toitenupu lukk, otsikute kasutamine ilma padrunita, pro\u017eektori lamp, spindlilukk <br \/> Padruni l\u00e4bim\u00f5\u00f5t <br \/> 1-10 mm <br \/> Funktsioonid <br \/> tagasik\u00e4ik, kiiruse reguleerimine <br \/> Laadija <br \/> 1 aku jaoks <br \/> Kasseti t\u00fc\u00fcp <br \/> kiirkinnitus <br \/> Max t\u00fchik\u00e4igu kiirus <br \/> 1400 p\u00f6\u00f6ret minutis <\/p>\n","protected":false},"excerpt":{"rendered":"<p>Akutrell Metabo PowerMaxx BS + aku + laadija, heas seisu- ja t\u00f6\u00f6korras! KIRJELDUS L\u00fchidalt tootest Aku pinge 10,8 V Patareide arv 2 Maksimaalne p\u00f6\u00f6rdemoment 34 Nm Max puuri l\u00e4bim\u00f5\u00f5t (puit) 22 mm Max puuri l\u00e4bim\u00f5\u00f5t (metall) 10 mm Kaal 0,8 kg Aku mahutavus 2 Ah pakett juhtum Disaini omadused toitenupu lukk, otsikute kasutamine ilma padrunita, [&hellip;]<\/p>\n","protected":false},"featured_media":33076,"comment_status":"closed","ping_status":"closed","template":"","meta":{"inline_featured_image":false},"product_brand":[],"product_cat":[221],"product_tag":[],"class_list":{"0":"post-33075","1":"product","2":"type-product","3":"status-publish","4":"has-post-thumbnail","6":"product_cat-akkumulyatornye-dreli","7":"pa_asukoht-mustamae","8":"pa_seisukord-ispolzovano","10":"first","11":"outofstock","12":"taxable","13":"shipping-taxable","14":"purchasable","15":"product-type-simple"},"_links":{"self":[{"href":"https:\/\/a-pant.ee\/ru\/wp-json\/wp\/v2\/product\/33075","targetHints":{"allow":["GET"]}}],"collection":[{"href":"https:\/\/a-pant.ee\/ru\/wp-json\/wp\/v2\/product"}],"about":[{"href":"https:\/\/a-pant.ee\/ru\/wp-json\/wp\/v2\/types\/product"}],"replies":[{"embeddable":true,"href":"https:\/\/a-pant.ee\/ru\/wp-json\/wp\/v2\/comments?post=33075"}],"wp:featuredmedia":[{"embeddable":true,"href":"https:\/\/a-pant.ee\/ru\/wp-json\/wp\/v2\/media\/33076"}],"wp:attachment":[{"href":"https:\/\/a-pant.ee\/ru\/wp-json\/wp\/v2\/media?parent=33075"}],"wp:term":[{"taxonomy":"product_brand","embeddable":true,"href":"https:\/\/a-pant.ee\/ru\/wp-json\/wp\/v2\/product_brand?post=33075"},{"taxonomy":"product_cat","embeddable":true,"href":"https:\/\/a-pant.ee\/ru\/wp-json\/wp\/v2\/product_cat?post=33075"},{"taxonomy":"product_tag","embeddable":true,"href":"https:\/\/a-pant.ee\/ru\/wp-json\/wp\/v2\/product_tag?post=33075"}],"curies":[{"name":"wp","href":"https:\/\/api.w.org\/{rel}","templated":true}]}}