{"id":33062,"date":"2026-02-04T14:49:17","date_gmt":"2026-02-04T11:49:17","guid":{"rendered":"https:\/\/a-pant.ee\/product\/drel-makita-m8104-chemodan\/"},"modified":"2026-02-22T12:13:57","modified_gmt":"2026-02-22T09:13:57","slug":"drel-makita-m8104-chemodan","status":"publish","type":"product","link":"https:\/\/a-pant.ee\/ru\/product\/drel-makita-m8104-chemodan\/","title":{"rendered":"\u0414\u0440\u0435\u043b\u044c Makita M8104 + \u0427\u0435\u043c\u043e\u0434\u0430\u043d"},"content":{"rendered":"\n<p><strong> Trell Makita M8104 + Kohver <\/strong> , heas seisu- ja t\u00f6\u00f6korras! <\/p><p> KIRJELDUS <\/p><ul><li> L\u00f6\u00f6ktrell, toide 230 V v\u00f5rgust <\/li><li> V\u00f5imsus: ~430 W <\/li><li> P\u00f6\u00f6rded: kuni 3000 p\/min <\/li><li> L\u00f6\u00f6gisagedus: kuni 33 000 l\u00f6\u00f6ki\/min <\/li><li> Puurimine: betoon\/metall kuni 13 mm, puit kuni 18 mm <\/li><li> Padrun: 13 mm, kiirkinnitus <\/li><li> P\u00f6\u00f6rlemissuuna vahetus (revers): olemas <\/li><li> Kaal: umbes 1,7 kg <\/li><\/ul>\n","protected":false},"excerpt":{"rendered":"<p>Trell Makita M8104 + Kohver , heas seisu- ja t\u00f6\u00f6korras! KIRJELDUS L\u00f6\u00f6ktrell, toide 230 V v\u00f5rgust V\u00f5imsus: ~430 W P\u00f6\u00f6rded: kuni 3000 p\/min L\u00f6\u00f6gisagedus: kuni 33 000 l\u00f6\u00f6ki\/min Puurimine: betoon\/metall kuni 13 mm, puit kuni 18 mm Padrun: 13 mm, kiirkinnitus P\u00f6\u00f6rlemissuuna vahetus (revers): olemas Kaal: umbes 1,7 kg<\/p>\n","protected":false},"featured_media":33063,"comment_status":"closed","ping_status":"open","template":"","meta":{"inline_featured_image":false},"product_brand":[],"product_cat":[239],"product_tag":[],"class_list":{"0":"post-33062","1":"product","2":"type-product","3":"status-publish","4":"has-post-thumbnail","6":"product_cat-perforatory-i-dreli","7":"pa_asukoht-lasnamae","8":"pa_seisukord-ispolzovano","10":"first","11":"instock","12":"taxable","13":"shipping-taxable","14":"purchasable","15":"product-type-simple"},"_links":{"self":[{"href":"https:\/\/a-pant.ee\/ru\/wp-json\/wp\/v2\/product\/33062","targetHints":{"allow":["GET"]}}],"collection":[{"href":"https:\/\/a-pant.ee\/ru\/wp-json\/wp\/v2\/product"}],"about":[{"href":"https:\/\/a-pant.ee\/ru\/wp-json\/wp\/v2\/types\/product"}],"replies":[{"embeddable":true,"href":"https:\/\/a-pant.ee\/ru\/wp-json\/wp\/v2\/comments?post=33062"}],"wp:featuredmedia":[{"embeddable":true,"href":"https:\/\/a-pant.ee\/ru\/wp-json\/wp\/v2\/media\/33063"}],"wp:attachment":[{"href":"https:\/\/a-pant.ee\/ru\/wp-json\/wp\/v2\/media?parent=33062"}],"wp:term":[{"taxonomy":"product_brand","embeddable":true,"href":"https:\/\/a-pant.ee\/ru\/wp-json\/wp\/v2\/product_brand?post=33062"},{"taxonomy":"product_cat","embeddable":true,"href":"https:\/\/a-pant.ee\/ru\/wp-json\/wp\/v2\/product_cat?post=33062"},{"taxonomy":"product_tag","embeddable":true,"href":"https:\/\/a-pant.ee\/ru\/wp-json\/wp\/v2\/product_tag?post=33062"}],"curies":[{"name":"wp","href":"https:\/\/api.w.org\/{rel}","templated":true}]}}