{"id":33057,"date":"2026-02-04T14:49:17","date_gmt":"2026-02-04T11:49:17","guid":{"rendered":"https:\/\/a-pant.ee\/product\/mojka-vysokogo-davleniya-jimmy-jw31\/"},"modified":"2026-02-22T12:13:57","modified_gmt":"2026-02-22T09:13:57","slug":"mojka-vysokogo-davleniya-jimmy-jw31-prinadlezhnosti-sumka","status":"publish","type":"product","link":"https:\/\/a-pant.ee\/ru\/product\/mojka-vysokogo-davleniya-jimmy-jw31-prinadlezhnosti-sumka\/","title":{"rendered":"\u041c\u043e\u0439\u043a\u0430 \u0432\u044b\u0441\u043e\u043a\u043e\u0433\u043e \u0434\u0430\u0432\u043b\u0435\u043d\u0438\u044f Jimmy JW31 + \u043f\u0440\u0438\u043d\u0430\u0434\u043b\u0435\u0436\u043d\u043e\u0441\u0442\u0438 + \u0441\u0443\u043c\u043a\u0430"},"content":{"rendered":"\n<p> K\u00f5rgsurvepesur Jimmy JW31 + tarvikud + kott, heas seisu- ja t\u00f6\u00f6korras! <\/p><p> KIRJELDUS <\/p><p> \u25cf Veesurve: 2,2 MPa <br \/> \u25cf Veevooluhulk: 180 l\/h <br \/> \u25cf Nimir\u00f5hk: kvaliteetne 2,2 MPa, energias\u00e4\u00e4sture\u017eiimis: 0,8 MPa <br \/> \u25cf Nimivooluhulk: 3 l\/min <br \/> \u25cf Maksimaalne sisendr\u00f5hk: 0,5 MPa <br \/> \u25cf Aku: 2500 mAh laetav aku (kaasas) <br \/> \u25cf Kiirlaadimine: 21 V 1 A <br \/> \u25cf Laadimisaeg: 2,5 tundi <br \/> \u25cf Veetoru pikkus: 6 meetrit <\/p>\n","protected":false},"excerpt":{"rendered":"<p>K\u00f5rgsurvepesur Jimmy JW31 + tarvikud + kott, heas seisu- ja t\u00f6\u00f6korras! KIRJELDUS \u25cf Veesurve: 2,2 MPa \u25cf Veevooluhulk: 180 l\/h \u25cf Nimir\u00f5hk: kvaliteetne 2,2 MPa, energias\u00e4\u00e4sture\u017eiimis: 0,8 MPa \u25cf Nimivooluhulk: 3 l\/min \u25cf Maksimaalne sisendr\u00f5hk: 0,5 MPa \u25cf Aku: 2500 mAh laetav aku (kaasas) \u25cf Kiirlaadimine: 21 V 1 A \u25cf Laadimisaeg: 2,5 tundi \u25cf [&hellip;]<\/p>\n","protected":false},"featured_media":33058,"comment_status":"closed","ping_status":"open","template":"","meta":{"inline_featured_image":false},"product_brand":[],"product_cat":[246],"product_tag":[],"class_list":{"0":"post-33057","1":"product","2":"type-product","3":"status-publish","4":"has-post-thumbnail","6":"product_cat-instrumenty-drugoe","7":"pa_asukoht-mustamae","8":"pa_seisukord-ispolzovano","10":"first","11":"instock","12":"taxable","13":"shipping-taxable","14":"purchasable","15":"product-type-simple"},"_links":{"self":[{"href":"https:\/\/a-pant.ee\/ru\/wp-json\/wp\/v2\/product\/33057","targetHints":{"allow":["GET"]}}],"collection":[{"href":"https:\/\/a-pant.ee\/ru\/wp-json\/wp\/v2\/product"}],"about":[{"href":"https:\/\/a-pant.ee\/ru\/wp-json\/wp\/v2\/types\/product"}],"replies":[{"embeddable":true,"href":"https:\/\/a-pant.ee\/ru\/wp-json\/wp\/v2\/comments?post=33057"}],"wp:featuredmedia":[{"embeddable":true,"href":"https:\/\/a-pant.ee\/ru\/wp-json\/wp\/v2\/media\/33058"}],"wp:attachment":[{"href":"https:\/\/a-pant.ee\/ru\/wp-json\/wp\/v2\/media?parent=33057"}],"wp:term":[{"taxonomy":"product_brand","embeddable":true,"href":"https:\/\/a-pant.ee\/ru\/wp-json\/wp\/v2\/product_brand?post=33057"},{"taxonomy":"product_cat","embeddable":true,"href":"https:\/\/a-pant.ee\/ru\/wp-json\/wp\/v2\/product_cat?post=33057"},{"taxonomy":"product_tag","embeddable":true,"href":"https:\/\/a-pant.ee\/ru\/wp-json\/wp\/v2\/product_tag?post=33057"}],"curies":[{"name":"wp","href":"https:\/\/api.w.org\/{rel}","templated":true}]}}