{"id":33051,"date":"2026-02-04T14:49:17","date_gmt":"2026-02-04T11:49:17","guid":{"rendered":"https:\/\/a-pant.ee\/product\/akkumulyatornye-dreli-milwaukee-m18-blcpp2a\/"},"modified":"2026-02-22T12:13:57","modified_gmt":"2026-02-22T09:13:57","slug":"akkumulyatornye-dreli-milwaukee-m18-blcpp2a-chemodan","status":"publish","type":"product","link":"https:\/\/a-pant.ee\/ru\/product\/akkumulyatornye-dreli-milwaukee-m18-blcpp2a-chemodan\/","title":{"rendered":"\u0410\u043a\u043a\u0443\u043c\u0443\u043b\u044f\u0442\u043e\u0440\u043d\u044b\u0435 \u0434\u0440\u0435\u043b\u0438 Milwaukee M18 BLCPP2A + \u0447\u0435\u043c\u043e\u0434\u0430\u043d"},"content":{"rendered":"\n<p> Akutrellid Milwaukee M18 BLCPP2A + kohver\u00a0, heas seisu- ja t\u00f6\u00f6korras! <\/p><p> KIRJELDUS <\/p><p> Akul\u00f6\u00f6ktrell M18 BLPDRC <br \/> Pinge: 18 V <br \/> Max puuri m\u00f5\u00f5t: 52\/13\/16 mm (puit \/ teras \/ kivi) <br \/> Padruni m\u00f5\u00f5t: 13 mm <br \/> T\u00fchijooksukiirus: 0-550 \/ 0-1700 p\/min <br \/> Suurim l\u00f6\u00f6gisagedus: 0 &#8212; 25,500 l\/min <br \/> Max v\u00e4\u00e4ne: 60,5 Nm <br \/> Pikkus: 152 mm <br \/> Kaal: 1 kg <br \/> Kaal koos 5,0 Ah akuga: 1,5 kg <\/p><p> Akul\u00f6\u00f6kkruvikeeraja M18 BLIDRC <br \/> T\u00fchik\u00e4igup\u00f6\u00f6rded: 0-3600 p\/min <br \/> L\u00f6\u00f6kide arv: 0-4900 l\/min <br \/> Tarviku kinnitus: 1\u20444\u02dd Hex <br \/> Maks p\u00f6\u00f6rdemoment: 190 Nm <br \/> Poldi suurim l\u00e4bim\u00f5\u00f5t: M14 <br \/> Kaal koos 5,0 Ah akuga: 1.3 kg <\/p>\n","protected":false},"excerpt":{"rendered":"<p>Akutrellid Milwaukee M18 BLCPP2A + kohver\u00a0, heas seisu- ja t\u00f6\u00f6korras! KIRJELDUS Akul\u00f6\u00f6ktrell M18 BLPDRC Pinge: 18 V Max puuri m\u00f5\u00f5t: 52\/13\/16 mm (puit \/ teras \/ kivi) Padruni m\u00f5\u00f5t: 13 mm T\u00fchijooksukiirus: 0-550 \/ 0-1700 p\/min Suurim l\u00f6\u00f6gisagedus: 0 &#8212; 25,500 l\/min Max v\u00e4\u00e4ne: 60,5 Nm Pikkus: 152 mm Kaal: 1 kg Kaal koos 5,0 [&hellip;]<\/p>\n","protected":false},"featured_media":33052,"comment_status":"closed","ping_status":"open","template":"","meta":{"inline_featured_image":false},"product_brand":[],"product_cat":[221],"product_tag":[],"class_list":{"0":"post-33051","1":"product","2":"type-product","3":"status-publish","4":"has-post-thumbnail","6":"product_cat-akkumulyatornye-dreli","7":"pa_asukoht-lasnamae","8":"pa_seisukord-ispolzovano","10":"first","11":"instock","12":"taxable","13":"shipping-taxable","14":"purchasable","15":"product-type-simple"},"_links":{"self":[{"href":"https:\/\/a-pant.ee\/ru\/wp-json\/wp\/v2\/product\/33051","targetHints":{"allow":["GET"]}}],"collection":[{"href":"https:\/\/a-pant.ee\/ru\/wp-json\/wp\/v2\/product"}],"about":[{"href":"https:\/\/a-pant.ee\/ru\/wp-json\/wp\/v2\/types\/product"}],"replies":[{"embeddable":true,"href":"https:\/\/a-pant.ee\/ru\/wp-json\/wp\/v2\/comments?post=33051"}],"wp:featuredmedia":[{"embeddable":true,"href":"https:\/\/a-pant.ee\/ru\/wp-json\/wp\/v2\/media\/33052"}],"wp:attachment":[{"href":"https:\/\/a-pant.ee\/ru\/wp-json\/wp\/v2\/media?parent=33051"}],"wp:term":[{"taxonomy":"product_brand","embeddable":true,"href":"https:\/\/a-pant.ee\/ru\/wp-json\/wp\/v2\/product_brand?post=33051"},{"taxonomy":"product_cat","embeddable":true,"href":"https:\/\/a-pant.ee\/ru\/wp-json\/wp\/v2\/product_cat?post=33051"},{"taxonomy":"product_tag","embeddable":true,"href":"https:\/\/a-pant.ee\/ru\/wp-json\/wp\/v2\/product_tag?post=33051"}],"curies":[{"name":"wp","href":"https:\/\/api.w.org\/{rel}","templated":true}]}}