{"id":33046,"date":"2026-02-04T14:49:17","date_gmt":"2026-02-04T11:49:17","guid":{"rendered":"https:\/\/a-pant.ee\/product\/lazer-dewalt-dcle34031n-akumulator-5-0ah\/"},"modified":"2026-02-22T12:13:56","modified_gmt":"2026-02-22T09:13:56","slug":"360-lazer-dewalt-dcle34031n-aku-50ach","status":"publish","type":"product","link":"https:\/\/a-pant.ee\/ru\/product\/360-lazer-dewalt-dcle34031n-aku-50ach\/","title":{"rendered":"360 \u041b\u0430\u0437\u0435\u0440 Dewalt DCLE34031N + \u0410\u041a\u0423 5,0\u0410\u0427"},"content":{"rendered":"\n<p> 360 Laser Dewalt DCLE34031N + Aku 5,0AH, heas seisu- ja t\u00f6\u00f6korras! <\/p><p> KIRJELDUS <\/p><ul><li> Seadme t\u00fc\u00fcp: akutoitega lamp \/ t\u00f6\u00f6valgusti <\/li><li> Toide: t\u00f6\u00f6tab DeWalt XR akudega <\/li><li> Akumahtuvus: 5,0 Ah liitium-ioon <\/li><li> Reguleeritav valgusintensiivsus <\/li><li> Mitmed valgustusre\u017eiimid <\/li><li> Pea kallutatav nurk t\u00f6\u00f6ala valgustamiseks <\/li><li> Akutoide tagab juhtmevaba liikuvuse <\/li><li> Sobib kasutamiseks ehitusplatsil, t\u00f6\u00f6kojas, garaa\u017eis ja v\u00e4litingimustes <\/li><li> Vastupidav korpus mehaanilistele koormustele <\/li><li> Kerge ja mugav kaasas kanda <\/li><li> Akun\u00e4itaja <\/li><\/ul>\n","protected":false},"excerpt":{"rendered":"<p>360 Laser Dewalt DCLE34031N + Aku 5,0AH, heas seisu- ja t\u00f6\u00f6korras! KIRJELDUS Seadme t\u00fc\u00fcp: akutoitega lamp \/ t\u00f6\u00f6valgusti Toide: t\u00f6\u00f6tab DeWalt XR akudega Akumahtuvus: 5,0 Ah liitium-ioon Reguleeritav valgusintensiivsus Mitmed valgustusre\u017eiimid Pea kallutatav nurk t\u00f6\u00f6ala valgustamiseks Akutoide tagab juhtmevaba liikuvuse Sobib kasutamiseks ehitusplatsil, t\u00f6\u00f6kojas, garaa\u017eis ja v\u00e4litingimustes Vastupidav korpus mehaanilistele koormustele Kerge ja mugav kaasas [&hellip;]<\/p>\n","protected":false},"featured_media":33047,"comment_status":"closed","ping_status":"open","template":"","meta":{"inline_featured_image":false},"product_brand":[],"product_cat":[232],"product_tag":[],"class_list":{"0":"post-33046","1":"product","2":"type-product","3":"status-publish","4":"has-post-thumbnail","6":"product_cat-lazernye-niveliry","7":"pa_asukoht-mustamae","8":"pa_seisukord-ispolzovano","11":"first","12":"instock","13":"taxable","14":"shipping-taxable","15":"purchasable","16":"product-type-simple"},"_links":{"self":[{"href":"https:\/\/a-pant.ee\/ru\/wp-json\/wp\/v2\/product\/33046","targetHints":{"allow":["GET"]}}],"collection":[{"href":"https:\/\/a-pant.ee\/ru\/wp-json\/wp\/v2\/product"}],"about":[{"href":"https:\/\/a-pant.ee\/ru\/wp-json\/wp\/v2\/types\/product"}],"replies":[{"embeddable":true,"href":"https:\/\/a-pant.ee\/ru\/wp-json\/wp\/v2\/comments?post=33046"}],"wp:featuredmedia":[{"embeddable":true,"href":"https:\/\/a-pant.ee\/ru\/wp-json\/wp\/v2\/media\/33047"}],"wp:attachment":[{"href":"https:\/\/a-pant.ee\/ru\/wp-json\/wp\/v2\/media?parent=33046"}],"wp:term":[{"taxonomy":"product_brand","embeddable":true,"href":"https:\/\/a-pant.ee\/ru\/wp-json\/wp\/v2\/product_brand?post=33046"},{"taxonomy":"product_cat","embeddable":true,"href":"https:\/\/a-pant.ee\/ru\/wp-json\/wp\/v2\/product_cat?post=33046"},{"taxonomy":"product_tag","embeddable":true,"href":"https:\/\/a-pant.ee\/ru\/wp-json\/wp\/v2\/product_tag?post=33046"}],"curies":[{"name":"wp","href":"https:\/\/api.w.org\/{rel}","templated":true}]}}