{"id":33040,"date":"2026-02-04T14:49:17","date_gmt":"2026-02-04T11:49:17","guid":{"rendered":"https:\/\/a-pant.ee\/product\/samokat-urbango-zaryadka\/"},"modified":"2026-02-22T12:13:56","modified_gmt":"2026-02-22T09:13:56","slug":"samokat-urbango-zaryadka","status":"publish","type":"product","link":"https:\/\/a-pant.ee\/ru\/product\/samokat-urbango-zaryadka\/","title":{"rendered":"\u0421\u0430\u043c\u043e\u043a\u0430\u0442 Urbango + \u0417\u0430\u0440\u044f\u0434\u043a\u0430"},"content":{"rendered":"\n<p> M\u00fc\u00fcakse\u00a0T\u00f5ukerattas Urbango + Laadija\u00a0, heas seisu- ja t\u00f6\u00f6korras! <\/p><p><br \/> Gaasik\u00e4epide ja n\u00e4idikupaneel ei ole kinnitatud, vajavad \u00fclevaatamist. <\/p><p> L\u00e4bis\u00f5it 144KM <\/p><p> KIRJELDUS <\/p><ul><li> Seadme t\u00fc\u00fcp: elektriline t\u00f5ukeratas <\/li><li> Kasutusotstarve: linnas\u00f5it <\/li><li> Mootori t\u00fc\u00fcp: elektriline rummumootor <\/li><li> Maksimaalne kiirus: kuni 25 km\/h <\/li><li> S\u00f5iduulatus: kuni 20\u201325 km <\/li><li> Aku t\u00fc\u00fcp: liitium-ioon <\/li><li> Laadimisaeg: umbes 4\u20136 tundi <\/li><li> Rataste l\u00e4bim\u00f5\u00f5t: umbes 8\u2033 <\/li><li> Piduris\u00fcsteem: tagumine mehaaniline pidur <\/li><li> Raam: kokkupandav konstruktsioon <\/li><li> Juhtraud: k\u00f5rgus reguleeritav <\/li><li> Ekraan: digitaalne, kiiruse ja aku n\u00e4iduga <\/li><li> Valgustus: eesmine tuli, tagumine pidurituli <\/li><li> Maksimaalne kandev\u00f5ime: kuni 100 kg <\/li><li> Sobib igap\u00e4evaseks linnas liikumiseks <\/li><\/ul>\n","protected":false},"excerpt":{"rendered":"<p>M\u00fc\u00fcakse\u00a0T\u00f5ukerattas Urbango + Laadija\u00a0, heas seisu- ja t\u00f6\u00f6korras! Gaasik\u00e4epide ja n\u00e4idikupaneel ei ole kinnitatud, vajavad \u00fclevaatamist. L\u00e4bis\u00f5it 144KM KIRJELDUS Seadme t\u00fc\u00fcp: elektriline t\u00f5ukeratas Kasutusotstarve: linnas\u00f5it Mootori t\u00fc\u00fcp: elektriline rummumootor Maksimaalne kiirus: kuni 25 km\/h S\u00f5iduulatus: kuni 20\u201325 km Aku t\u00fc\u00fcp: liitium-ioon Laadimisaeg: umbes 4\u20136 tundi Rataste l\u00e4bim\u00f5\u00f5t: umbes 8\u2033 Piduris\u00fcsteem: tagumine mehaaniline pidur Raam: kokkupandav [&hellip;]<\/p>\n","protected":false},"featured_media":33041,"comment_status":"closed","ping_status":"closed","template":"","meta":{"inline_featured_image":false},"product_brand":[],"product_cat":[215],"product_tag":[],"class_list":{"0":"post-33040","1":"product","2":"type-product","3":"status-publish","4":"has-post-thumbnail","6":"product_cat-elektricheskie-samokaty","7":"product_shipping_class-oversize","8":"pa_asukoht-mustamae","9":"pa_seisukord-ispolzovano","11":"first","12":"outofstock","13":"taxable","14":"shipping-taxable","15":"purchasable","16":"product-type-simple"},"_links":{"self":[{"href":"https:\/\/a-pant.ee\/ru\/wp-json\/wp\/v2\/product\/33040","targetHints":{"allow":["GET"]}}],"collection":[{"href":"https:\/\/a-pant.ee\/ru\/wp-json\/wp\/v2\/product"}],"about":[{"href":"https:\/\/a-pant.ee\/ru\/wp-json\/wp\/v2\/types\/product"}],"replies":[{"embeddable":true,"href":"https:\/\/a-pant.ee\/ru\/wp-json\/wp\/v2\/comments?post=33040"}],"wp:featuredmedia":[{"embeddable":true,"href":"https:\/\/a-pant.ee\/ru\/wp-json\/wp\/v2\/media\/33041"}],"wp:attachment":[{"href":"https:\/\/a-pant.ee\/ru\/wp-json\/wp\/v2\/media?parent=33040"}],"wp:term":[{"taxonomy":"product_brand","embeddable":true,"href":"https:\/\/a-pant.ee\/ru\/wp-json\/wp\/v2\/product_brand?post=33040"},{"taxonomy":"product_cat","embeddable":true,"href":"https:\/\/a-pant.ee\/ru\/wp-json\/wp\/v2\/product_cat?post=33040"},{"taxonomy":"product_tag","embeddable":true,"href":"https:\/\/a-pant.ee\/ru\/wp-json\/wp\/v2\/product_tag?post=33040"}],"curies":[{"name":"wp","href":"https:\/\/api.w.org\/{rel}","templated":true}]}}