{"id":33035,"date":"2026-02-04T14:49:17","date_gmt":"2026-02-04T11:49:17","guid":{"rendered":"https:\/\/a-pant.ee\/product\/gajkovert-makita-dtw301-bez-aku-korobka\/"},"modified":"2026-02-22T12:13:56","modified_gmt":"2026-02-22T09:13:56","slug":"gajkovert-makita-dtw301-bez-aku-korobka-kak-novyj","status":"publish","type":"product","link":"https:\/\/a-pant.ee\/ru\/product\/gajkovert-makita-dtw301-bez-aku-korobka-kak-novyj\/","title":{"rendered":"\u0413\u0430\u0439\u043a\u043e\u0432\u0435\u0440\u0442 Makita DTW301 \u0411\u0435\u0437 \u0430\u043a\u0443 + \u041a\u043e\u0440\u043e\u0431\u043a\u0430, \u041a\u0430\u043a \u041d\u043e\u0432\u044b\u0439"},"content":{"rendered":"\n<p> Mutrikeeraja Makita DTW301 ilma akuta + Karp, Nagu UUS, heas seisu- ja t\u00f6\u00f6korras! <\/p><p> KIRJELDUS <\/p><ul><li> T\u00f6\u00f6riista t\u00fc\u00fcp: akul\u00f6\u00f6kmutriv\u00f5ti <\/li><li> Aku pinge: 18 V <\/li><li> Mootori t\u00fc\u00fcp: hari\u00advaba (brushless) <\/li><li> V\u00f5lli suurus \/ pesa: 1\/2 &#187; <\/li><li> Maksimaalne p\u00f6\u00f6rdemoment: umbes 300 N\u00b7m <\/li><li> L\u00f6\u00f6kide sagedus: k\u00f5rge efektiivseks keeramiseks\/p\u00f6\u00f6ramiseks <\/li><li> V\u00f5imsuse \/ kiiruse reguleerimine <\/li><li> Revers funktsioon keeramiseks ja lahtikeeramiseks <\/li><li> Kompaktne ja ergonoomiline disain <\/li><li> Sobib kasutamiseks: rataste vahetamiseks, ehitus- ja mehaanilisteks t\u00f6\u00f6deks <\/li><\/ul>\n","protected":false},"excerpt":{"rendered":"<p>Mutrikeeraja Makita DTW301 ilma akuta + Karp, Nagu UUS, heas seisu- ja t\u00f6\u00f6korras! KIRJELDUS T\u00f6\u00f6riista t\u00fc\u00fcp: akul\u00f6\u00f6kmutriv\u00f5ti Aku pinge: 18 V Mootori t\u00fc\u00fcp: hari\u00advaba (brushless) V\u00f5lli suurus \/ pesa: 1\/2 &#187; Maksimaalne p\u00f6\u00f6rdemoment: umbes 300 N\u00b7m L\u00f6\u00f6kide sagedus: k\u00f5rge efektiivseks keeramiseks\/p\u00f6\u00f6ramiseks V\u00f5imsuse \/ kiiruse reguleerimine Revers funktsioon keeramiseks ja lahtikeeramiseks Kompaktne ja ergonoomiline disain Sobib [&hellip;]<\/p>\n","protected":false},"featured_media":33036,"comment_status":"closed","ping_status":"open","template":"","meta":{"inline_featured_image":false},"product_brand":[],"product_cat":[221],"product_tag":[],"class_list":{"0":"post-33035","1":"product","2":"type-product","3":"status-publish","4":"has-post-thumbnail","6":"product_cat-akkumulyatornye-dreli","7":"pa_asukoht-mustamae","8":"pa_seisukord-ispolzovano","10":"first","11":"instock","12":"taxable","13":"shipping-taxable","14":"purchasable","15":"product-type-simple"},"_links":{"self":[{"href":"https:\/\/a-pant.ee\/ru\/wp-json\/wp\/v2\/product\/33035","targetHints":{"allow":["GET"]}}],"collection":[{"href":"https:\/\/a-pant.ee\/ru\/wp-json\/wp\/v2\/product"}],"about":[{"href":"https:\/\/a-pant.ee\/ru\/wp-json\/wp\/v2\/types\/product"}],"replies":[{"embeddable":true,"href":"https:\/\/a-pant.ee\/ru\/wp-json\/wp\/v2\/comments?post=33035"}],"wp:featuredmedia":[{"embeddable":true,"href":"https:\/\/a-pant.ee\/ru\/wp-json\/wp\/v2\/media\/33036"}],"wp:attachment":[{"href":"https:\/\/a-pant.ee\/ru\/wp-json\/wp\/v2\/media?parent=33035"}],"wp:term":[{"taxonomy":"product_brand","embeddable":true,"href":"https:\/\/a-pant.ee\/ru\/wp-json\/wp\/v2\/product_brand?post=33035"},{"taxonomy":"product_cat","embeddable":true,"href":"https:\/\/a-pant.ee\/ru\/wp-json\/wp\/v2\/product_cat?post=33035"},{"taxonomy":"product_tag","embeddable":true,"href":"https:\/\/a-pant.ee\/ru\/wp-json\/wp\/v2\/product_tag?post=33035"}],"curies":[{"name":"wp","href":"https:\/\/api.w.org\/{rel}","templated":true}]}}