{"id":33030,"date":"2026-02-04T14:49:17","date_gmt":"2026-02-04T11:49:17","guid":{"rendered":"https:\/\/a-pant.ee\/product\/stroitelnyj-fen-powerplus-x102\/"},"modified":"2026-02-22T12:13:56","modified_gmt":"2026-02-22T09:13:56","slug":"stroitelnyj-fen-powerplus-x102-nasadki-kejs","status":"publish","type":"product","link":"https:\/\/a-pant.ee\/ru\/product\/stroitelnyj-fen-powerplus-x102-nasadki-kejs\/","title":{"rendered":"\u0421\u0442\u0440\u043e\u0438\u0442\u0435\u043b\u044c\u043d\u044b\u0439 \u0444\u0435\u043d Powerplus x102 + \u043d\u0430\u0441\u0430\u0434\u043a\u0438 + \u041a\u0435\u0439\u0441"},"content":{"rendered":"\n<p> Ehitusf\u00f6\u00f6n Powerplus x102 + Otsikud + Kohver, heas seisu- ja t\u00f6\u00f6korras! <\/p><p> KIRJELDUS <\/p><ul><li> Seadme t\u00fc\u00fcp: ehituskuumapuhur (kuuma\u00f5hup\u00fcstol) <\/li><li> Toide: 230 V, 50 Hz <\/li><li> V\u00f5imsus: umbes 1800\u20132000 W <\/li><li> Reguleeritav temperatuur: umbes 75 \u00b0C kuni 600 \u00b0C <\/li><li> Reguleeritav \u00f5huvool: umbes 250\u2013550 l\/min <\/li><li> Elektrooniline temperatuuri reguleerimine <\/li><li> Digitaalne ekraan temperatuuri n\u00e4idikuga <\/li><li> Mitmed t\u00f6\u00f6re\u017eiimid erinevate \u00fclesannete jaoks <\/li><li> \u00dclekuumenemiskaitse <\/li><li> Mugav ergonoomiline k\u00e4epide <\/li><li> Sobib kasutamiseks: v\u00e4rvi eemaldamiseks, soojendamiseks, liimi ja plastiku pehmendamiseks, plastmaterjalide keevitamiseks, kuivamiseks ja muuks ehitust\u00f6\u00f6ks <\/li><\/ul>\n","protected":false},"excerpt":{"rendered":"<p>Ehitusf\u00f6\u00f6n Powerplus x102 + Otsikud + Kohver, heas seisu- ja t\u00f6\u00f6korras! KIRJELDUS Seadme t\u00fc\u00fcp: ehituskuumapuhur (kuuma\u00f5hup\u00fcstol) Toide: 230 V, 50 Hz V\u00f5imsus: umbes 1800\u20132000 W Reguleeritav temperatuur: umbes 75 \u00b0C kuni 600 \u00b0C Reguleeritav \u00f5huvool: umbes 250\u2013550 l\/min Elektrooniline temperatuuri reguleerimine Digitaalne ekraan temperatuuri n\u00e4idikuga Mitmed t\u00f6\u00f6re\u017eiimid erinevate \u00fclesannete jaoks \u00dclekuumenemiskaitse Mugav ergonoomiline k\u00e4epide Sobib [&hellip;]<\/p>\n","protected":false},"featured_media":33031,"comment_status":"closed","ping_status":"closed","template":"","meta":{"inline_featured_image":false},"product_brand":[],"product_cat":[222],"product_tag":[],"class_list":{"0":"post-33030","1":"product","2":"type-product","3":"status-publish","4":"has-post-thumbnail","6":"product_cat-stroitelnye-feny","7":"pa_asukoht-mustamae","8":"pa_seisukord-ispolzovano","10":"first","11":"outofstock","12":"taxable","13":"shipping-taxable","14":"purchasable","15":"product-type-simple"},"_links":{"self":[{"href":"https:\/\/a-pant.ee\/ru\/wp-json\/wp\/v2\/product\/33030","targetHints":{"allow":["GET"]}}],"collection":[{"href":"https:\/\/a-pant.ee\/ru\/wp-json\/wp\/v2\/product"}],"about":[{"href":"https:\/\/a-pant.ee\/ru\/wp-json\/wp\/v2\/types\/product"}],"replies":[{"embeddable":true,"href":"https:\/\/a-pant.ee\/ru\/wp-json\/wp\/v2\/comments?post=33030"}],"wp:featuredmedia":[{"embeddable":true,"href":"https:\/\/a-pant.ee\/ru\/wp-json\/wp\/v2\/media\/33031"}],"wp:attachment":[{"href":"https:\/\/a-pant.ee\/ru\/wp-json\/wp\/v2\/media?parent=33030"}],"wp:term":[{"taxonomy":"product_brand","embeddable":true,"href":"https:\/\/a-pant.ee\/ru\/wp-json\/wp\/v2\/product_brand?post=33030"},{"taxonomy":"product_cat","embeddable":true,"href":"https:\/\/a-pant.ee\/ru\/wp-json\/wp\/v2\/product_cat?post=33030"},{"taxonomy":"product_tag","embeddable":true,"href":"https:\/\/a-pant.ee\/ru\/wp-json\/wp\/v2\/product_tag?post=33030"}],"curies":[{"name":"wp","href":"https:\/\/api.w.org\/{rel}","templated":true}]}}