{"id":33025,"date":"2026-02-04T14:49:17","date_gmt":"2026-02-04T11:49:17","guid":{"rendered":"https:\/\/a-pant.ee\/product\/komplekt-instrumentov-sheppach-tb235\/"},"modified":"2026-02-22T12:13:56","modified_gmt":"2026-02-22T09:13:56","slug":"komplekt-instrumentov-sheppach-tb235","status":"publish","type":"product","link":"https:\/\/a-pant.ee\/ru\/product\/komplekt-instrumentov-sheppach-tb235\/","title":{"rendered":"\u041a\u043e\u043c\u043f\u043b\u0435\u043a\u0442 \u0418\u043d\u0441\u0442\u0440\u0443\u043c\u0435\u043d\u0442\u043e\u0432 Sheppach TB235"},"content":{"rendered":"\n<p> T\u00f6\u00f6ristakomplekt Sheppach TB235, heas seisu- ja t\u00f6\u00f6korras! <\/p><p> KIRJELDUS <\/p><ul><li> Komplekti t\u00fc\u00fcp: universaalne k\u00e4sit\u00f6\u00f6riistade komplekt <\/li><li> T\u00f6\u00f6riistade arv: 233 tk <\/li><li> Materjal: tugev kroom-vanaadium teras <\/li><li> T\u00f6\u00f6riistad on paigutatud vastupidavasse plastkasti, mille nurgad on tugevdatud <\/li><li> Praktiline komplekt kasutamiseks kodus, t\u00f6\u00f6kojas, autos, ehitusplatsil v\u00f5i telkimisel <\/li><li> Komplekt sisaldab erinevaid padruneid, bittide otsikuid, pidurv\u00f5tmeid, pikendusi, adaptereid, v\u00f5tmeid ja bittide hoidjaid <\/li><li> Kaal: umbes 8,75 kg <\/li><li> T\u00f6\u00f6riistad on korrektselt organiseeritud ja mugavalt paigutatud kohvris <\/li><li> Sobib paljude remondi- ja monteerimist\u00f6\u00f6de tegemiseks <\/li><\/ul>\n","protected":false},"excerpt":{"rendered":"<p>T\u00f6\u00f6ristakomplekt Sheppach TB235, heas seisu- ja t\u00f6\u00f6korras! KIRJELDUS Komplekti t\u00fc\u00fcp: universaalne k\u00e4sit\u00f6\u00f6riistade komplekt T\u00f6\u00f6riistade arv: 233 tk Materjal: tugev kroom-vanaadium teras T\u00f6\u00f6riistad on paigutatud vastupidavasse plastkasti, mille nurgad on tugevdatud Praktiline komplekt kasutamiseks kodus, t\u00f6\u00f6kojas, autos, ehitusplatsil v\u00f5i telkimisel Komplekt sisaldab erinevaid padruneid, bittide otsikuid, pidurv\u00f5tmeid, pikendusi, adaptereid, v\u00f5tmeid ja bittide hoidjaid Kaal: umbes 8,75 [&hellip;]<\/p>\n","protected":false},"featured_media":33026,"comment_status":"closed","ping_status":"open","template":"","meta":{"inline_featured_image":false},"product_brand":[],"product_cat":[246,247],"product_tag":[],"class_list":{"0":"post-33025","1":"product","2":"type-product","3":"status-publish","4":"has-post-thumbnail","6":"product_cat-instrumenty-drugoe","7":"product_cat-universalnye-instrumenty","8":"pa_asukoht-mustamae","9":"pa_seisukord-ispolzovano","11":"first","12":"instock","13":"taxable","14":"shipping-taxable","15":"purchasable","16":"product-type-simple"},"_links":{"self":[{"href":"https:\/\/a-pant.ee\/ru\/wp-json\/wp\/v2\/product\/33025","targetHints":{"allow":["GET"]}}],"collection":[{"href":"https:\/\/a-pant.ee\/ru\/wp-json\/wp\/v2\/product"}],"about":[{"href":"https:\/\/a-pant.ee\/ru\/wp-json\/wp\/v2\/types\/product"}],"replies":[{"embeddable":true,"href":"https:\/\/a-pant.ee\/ru\/wp-json\/wp\/v2\/comments?post=33025"}],"wp:featuredmedia":[{"embeddable":true,"href":"https:\/\/a-pant.ee\/ru\/wp-json\/wp\/v2\/media\/33026"}],"wp:attachment":[{"href":"https:\/\/a-pant.ee\/ru\/wp-json\/wp\/v2\/media?parent=33025"}],"wp:term":[{"taxonomy":"product_brand","embeddable":true,"href":"https:\/\/a-pant.ee\/ru\/wp-json\/wp\/v2\/product_brand?post=33025"},{"taxonomy":"product_cat","embeddable":true,"href":"https:\/\/a-pant.ee\/ru\/wp-json\/wp\/v2\/product_cat?post=33025"},{"taxonomy":"product_tag","embeddable":true,"href":"https:\/\/a-pant.ee\/ru\/wp-json\/wp\/v2\/product_tag?post=33025"}],"curies":[{"name":"wp","href":"https:\/\/api.w.org\/{rel}","templated":true}]}}