{"id":33020,"date":"2026-02-04T14:49:17","date_gmt":"2026-02-04T11:49:17","guid":{"rendered":"https:\/\/a-pant.ee\/product\/zarjadka-makita-dc18wa-akb-14-4v\/"},"modified":"2026-02-22T12:13:55","modified_gmt":"2026-02-22T09:13:55","slug":"zaryadka-makita-dc18wa-akb-144v-15ach","status":"publish","type":"product","link":"https:\/\/a-pant.ee\/ru\/product\/zaryadka-makita-dc18wa-akb-144v-15ach\/","title":{"rendered":"\u0417\u0430\u0440\u044f\u0434\u043a\u0430 Makita DC18WA + \u0410\u041a\u0411 14,4V 1,5A\u0427"},"content":{"rendered":"\n<p> Laadija Makita DC18WA + AKU 14,4V 1,5AH, heas seisu- ja t\u00f6\u00f6korras! <\/p><p> KIRJELDUS <\/p><ul><li> Seadme t\u00fc\u00fcp: akulaadija <\/li><li> Toitepinge: 220\u2013240 V (vahelduvvool) <\/li><li> Toetatav akude t\u00f6\u00f6pinge: 7,2\u201318 V <\/li><li> \u00dchilduvus Makita Li-ion akudega <\/li><li> \u00dclekoormuse ja \u00fclekuumenemise kaitse <\/li><li> Laadimisn\u00e4idik <\/li><li> Automaatne laadimise l\u00f5petamine <\/li><li> Kompaktne ja vastupidav korpus <\/li><li> L\u00fchise kaitse <\/li><li> T\u00f5hus jahutuss\u00fcsteem <\/li><\/ul><ul><li> T\u00fc\u00fcp: Li-ion akupatarei <\/li><li> Nimiping: 14,4 V <\/li><li> Mahtuvus: 1,5 Ah <\/li><li> \u00dchilduvus: sobib 14,4 V t\u00f6\u00f6riistadele <\/li><li> \u00dclekoormuse kaitse <\/li><li> Madal iset\u00fchjenemine <\/li><li> Pikk kasutusiga <\/li><li> Kompaktne ja kerge korpus <\/li><li> Kindel kinnituss\u00fcsteem t\u00f6\u00f6riistas <\/li><\/ul>\n","protected":false},"excerpt":{"rendered":"<p>Laadija Makita DC18WA + AKU 14,4V 1,5AH, heas seisu- ja t\u00f6\u00f6korras! KIRJELDUS Seadme t\u00fc\u00fcp: akulaadija Toitepinge: 220\u2013240 V (vahelduvvool) Toetatav akude t\u00f6\u00f6pinge: 7,2\u201318 V \u00dchilduvus Makita Li-ion akudega \u00dclekoormuse ja \u00fclekuumenemise kaitse Laadimisn\u00e4idik Automaatne laadimise l\u00f5petamine Kompaktne ja vastupidav korpus L\u00fchise kaitse T\u00f5hus jahutuss\u00fcsteem T\u00fc\u00fcp: Li-ion akupatarei Nimiping: 14,4 V Mahtuvus: 1,5 Ah \u00dchilduvus: sobib [&hellip;]<\/p>\n","protected":false},"featured_media":33021,"comment_status":"closed","ping_status":"closed","template":"","meta":{"inline_featured_image":false},"product_brand":[],"product_cat":[223],"product_tag":[],"class_list":{"0":"post-33020","1":"product","2":"type-product","3":"status-publish","4":"has-post-thumbnail","6":"product_cat-vsyo-dlya-instrumenta","7":"pa_asukoht-mustamae","8":"pa_seisukord-ispolzovano","10":"first","11":"outofstock","12":"taxable","13":"shipping-taxable","14":"purchasable","15":"product-type-simple"},"_links":{"self":[{"href":"https:\/\/a-pant.ee\/ru\/wp-json\/wp\/v2\/product\/33020","targetHints":{"allow":["GET"]}}],"collection":[{"href":"https:\/\/a-pant.ee\/ru\/wp-json\/wp\/v2\/product"}],"about":[{"href":"https:\/\/a-pant.ee\/ru\/wp-json\/wp\/v2\/types\/product"}],"replies":[{"embeddable":true,"href":"https:\/\/a-pant.ee\/ru\/wp-json\/wp\/v2\/comments?post=33020"}],"wp:featuredmedia":[{"embeddable":true,"href":"https:\/\/a-pant.ee\/ru\/wp-json\/wp\/v2\/media\/33021"}],"wp:attachment":[{"href":"https:\/\/a-pant.ee\/ru\/wp-json\/wp\/v2\/media?parent=33020"}],"wp:term":[{"taxonomy":"product_brand","embeddable":true,"href":"https:\/\/a-pant.ee\/ru\/wp-json\/wp\/v2\/product_brand?post=33020"},{"taxonomy":"product_cat","embeddable":true,"href":"https:\/\/a-pant.ee\/ru\/wp-json\/wp\/v2\/product_cat?post=33020"},{"taxonomy":"product_tag","embeddable":true,"href":"https:\/\/a-pant.ee\/ru\/wp-json\/wp\/v2\/product_tag?post=33020"}],"curies":[{"name":"wp","href":"https:\/\/api.w.org\/{rel}","templated":true}]}}