{"id":32952,"date":"2026-02-04T14:44:02","date_gmt":"2026-02-04T11:44:02","guid":{"rendered":"https:\/\/a-pant.ee\/product\/bluetooth-kolonka-jbl-go-essential-2\/"},"modified":"2026-02-22T12:16:44","modified_gmt":"2026-02-22T09:16:44","slug":"bluetooth-kolonka-jbl-go-essential-2-korobka","status":"publish","type":"product","link":"https:\/\/a-pant.ee\/ru\/product\/bluetooth-kolonka-jbl-go-essential-2-korobka\/","title":{"rendered":"Bluetooth \u043a\u043e\u043b\u043e\u043d\u043a\u0430 JBL Go Essential 2 + \u043a\u043e\u0440\u043e\u0431\u043a\u0430"},"content":{"rendered":"\n<p> Bluetooth k\u00f5lar JBL Go Essential 2 + karp\u00a0, heas seisu- ja t\u00f6\u00f6korras! <\/p><p> KIRJELDUS <\/p><p> V\u00e4rv sinine <\/p><p> Bluetooth Jah &#8212; (Bluetooth 4.1) <\/p><p> Heliv\u00f5imsus 3 W <\/p><p> Sagedusala 180 &#8212; 20 000 Hz <\/p><p> Aku t\u00f6\u00f6aeg 5 tundi <\/p><p> Veekindel Jah &#8212; (IPX7) <\/p><p> K\u00f5lari suurus 8,27 cm <\/p><p> USB Micro-USB <\/p>\n","protected":false},"excerpt":{"rendered":"<p>Bluetooth k\u00f5lar JBL Go Essential 2 + karp\u00a0, heas seisu- ja t\u00f6\u00f6korras! KIRJELDUS V\u00e4rv sinine Bluetooth Jah &#8212; (Bluetooth 4.1) Heliv\u00f5imsus 3 W Sagedusala 180 &#8212; 20 000 Hz Aku t\u00f6\u00f6aeg 5 tundi Veekindel Jah &#8212; (IPX7) K\u00f5lari suurus 8,27 cm USB Micro-USB<\/p>\n","protected":false},"featured_media":32953,"comment_status":"closed","ping_status":"open","template":"","meta":{"inline_featured_image":false},"product_brand":[],"product_cat":[167],"product_tag":[],"class_list":{"0":"post-32952","1":"product","2":"type-product","3":"status-publish","4":"has-post-thumbnail","6":"product_cat-kolonki","7":"pa_asukoht-lasnamae","8":"pa_seisukord-ispolzovano","10":"first","11":"instock","12":"taxable","13":"shipping-taxable","14":"purchasable","15":"product-type-simple"},"_links":{"self":[{"href":"https:\/\/a-pant.ee\/ru\/wp-json\/wp\/v2\/product\/32952","targetHints":{"allow":["GET"]}}],"collection":[{"href":"https:\/\/a-pant.ee\/ru\/wp-json\/wp\/v2\/product"}],"about":[{"href":"https:\/\/a-pant.ee\/ru\/wp-json\/wp\/v2\/types\/product"}],"replies":[{"embeddable":true,"href":"https:\/\/a-pant.ee\/ru\/wp-json\/wp\/v2\/comments?post=32952"}],"wp:featuredmedia":[{"embeddable":true,"href":"https:\/\/a-pant.ee\/ru\/wp-json\/wp\/v2\/media\/32953"}],"wp:attachment":[{"href":"https:\/\/a-pant.ee\/ru\/wp-json\/wp\/v2\/media?parent=32952"}],"wp:term":[{"taxonomy":"product_brand","embeddable":true,"href":"https:\/\/a-pant.ee\/ru\/wp-json\/wp\/v2\/product_brand?post=32952"},{"taxonomy":"product_cat","embeddable":true,"href":"https:\/\/a-pant.ee\/ru\/wp-json\/wp\/v2\/product_cat?post=32952"},{"taxonomy":"product_tag","embeddable":true,"href":"https:\/\/a-pant.ee\/ru\/wp-json\/wp\/v2\/product_tag?post=32952"}],"curies":[{"name":"wp","href":"https:\/\/api.w.org\/{rel}","templated":true}]}}