{"id":32947,"date":"2026-02-04T14:44:02","date_gmt":"2026-02-04T11:44:02","guid":{"rendered":"https:\/\/a-pant.ee\/product\/mikser-einhell-te-mx-1600-2-ce-novyy\/"},"modified":"2026-02-22T12:16:43","modified_gmt":"2026-02-22T09:16:43","slug":"mikser-einhell-te-mx-1600-2-se-novyj","status":"publish","type":"product","link":"https:\/\/a-pant.ee\/ru\/product\/mikser-einhell-te-mx-1600-2-se-novyj\/","title":{"rendered":"\u041c\u0438\u043a\u0441\u0435\u0440 Einhell TE-MX 1600-2 \u0421E \u041d\u041e\u0412\u042b\u0419"},"content":{"rendered":"\n<p> Segutrell Einhell TE-MX 1600-2 CE UUS\u00a0, heas seisu- ja t\u00f6\u00f6korras! <\/p><p> KIRJELDUS <\/p><p> Toide: 220-240 V | 50 Hz <br \/> V\u00f5imsus: 1600 W <br \/> Kiirus t\u00fchik\u00e4igul: 180-460 \/ 300-750 p\/min <br \/> Kaal: 4,95 kg <br \/> M\u00f5\u00f5dud: 581 x 324 x 212 mm <\/p>\n","protected":false},"excerpt":{"rendered":"<p>Segutrell Einhell TE-MX 1600-2 CE UUS\u00a0, heas seisu- ja t\u00f6\u00f6korras! KIRJELDUS Toide: 220-240 V | 50 Hz V\u00f5imsus: 1600 W Kiirus t\u00fchik\u00e4igul: 180-460 \/ 300-750 p\/min Kaal: 4,95 kg M\u00f5\u00f5dud: 581 x 324 x 212 mm<\/p>\n","protected":false},"featured_media":32948,"comment_status":"closed","ping_status":"open","template":"","meta":{"inline_featured_image":false},"product_brand":[],"product_cat":[241],"product_tag":[],"class_list":{"0":"post-32947","1":"product","2":"type-product","3":"status-publish","4":"has-post-thumbnail","6":"product_cat-miksery","7":"pa_asukoht-lasnamae","8":"pa_seisukord-ispolzovano","10":"first","11":"instock","12":"taxable","13":"shipping-taxable","14":"purchasable","15":"product-type-simple"},"_links":{"self":[{"href":"https:\/\/a-pant.ee\/ru\/wp-json\/wp\/v2\/product\/32947","targetHints":{"allow":["GET"]}}],"collection":[{"href":"https:\/\/a-pant.ee\/ru\/wp-json\/wp\/v2\/product"}],"about":[{"href":"https:\/\/a-pant.ee\/ru\/wp-json\/wp\/v2\/types\/product"}],"replies":[{"embeddable":true,"href":"https:\/\/a-pant.ee\/ru\/wp-json\/wp\/v2\/comments?post=32947"}],"wp:featuredmedia":[{"embeddable":true,"href":"https:\/\/a-pant.ee\/ru\/wp-json\/wp\/v2\/media\/32948"}],"wp:attachment":[{"href":"https:\/\/a-pant.ee\/ru\/wp-json\/wp\/v2\/media?parent=32947"}],"wp:term":[{"taxonomy":"product_brand","embeddable":true,"href":"https:\/\/a-pant.ee\/ru\/wp-json\/wp\/v2\/product_brand?post=32947"},{"taxonomy":"product_cat","embeddable":true,"href":"https:\/\/a-pant.ee\/ru\/wp-json\/wp\/v2\/product_cat?post=32947"},{"taxonomy":"product_tag","embeddable":true,"href":"https:\/\/a-pant.ee\/ru\/wp-json\/wp\/v2\/product_tag?post=32947"}],"curies":[{"name":"wp","href":"https:\/\/api.w.org\/{rel}","templated":true}]}}