{"id":32941,"date":"2026-02-04T14:44:02","date_gmt":"2026-02-04T11:44:02","guid":{"rendered":"https:\/\/a-pant.ee\/product\/akkumulyatornyy-udarniy-shurupovert-dewalt-dcf887\/"},"modified":"2026-02-22T12:16:43","modified_gmt":"2026-02-22T09:16:43","slug":"akkumulyatornyj-udarnyj-shurupovert-dewalt-dcf887","status":"publish","type":"product","link":"https:\/\/a-pant.ee\/ru\/product\/akkumulyatornyj-udarnyj-shurupovert-dewalt-dcf887\/","title":{"rendered":"\u0410\u043a\u043a\u0443\u043c\u0443\u043b\u044f\u0442\u043e\u0440\u043d\u044b\u0439 \u0443\u0434\u0430\u0440\u043d\u044b\u0439 \u0448\u0443\u0440\u0443\u043f\u043e\u0432\u0435\u0440\u0442 DeWalt DCF887"},"content":{"rendered":"\n<p> L\u00f6\u00f6kkruvikeeraja DeWalt DCF887\u00a0, heas seisu- ja t\u00f6\u00f6korras! <\/p><p> KIRJELDUS <\/p><p> -Pinge 18 V-Maksimaalne p\u00f6\u00f6rdemoment 205 Nm-V\u00f5imsus 400 W-Koormuskiirus 0-1000, 0-2800, 0-3250 p \/ min-M\u00f5jud minutis 0 &#8212; 3800 kujutist minutis-Maks. Poldi l\u00e4bim\u00f5\u00f5t M12-Biti hoidik 6.35mm (1\/4 &#171;)-Kaal 0,94 kg-Pikkus 134 mm-K\u00f5rgus 195 mm <\/p>\n","protected":false},"excerpt":{"rendered":"<p>L\u00f6\u00f6kkruvikeeraja DeWalt DCF887\u00a0, heas seisu- ja t\u00f6\u00f6korras! KIRJELDUS -Pinge 18 V-Maksimaalne p\u00f6\u00f6rdemoment 205 Nm-V\u00f5imsus 400 W-Koormuskiirus 0-1000, 0-2800, 0-3250 p \/ min-M\u00f5jud minutis 0 &#8212; 3800 kujutist minutis-Maks. Poldi l\u00e4bim\u00f5\u00f5t M12-Biti hoidik 6.35mm (1\/4 &#171;)-Kaal 0,94 kg-Pikkus 134 mm-K\u00f5rgus 195 mm<\/p>\n","protected":false},"featured_media":32942,"comment_status":"closed","ping_status":"open","template":"","meta":{"inline_featured_image":false},"product_brand":[],"product_cat":[221],"product_tag":[],"class_list":{"0":"post-32941","1":"product","2":"type-product","3":"status-publish","4":"has-post-thumbnail","6":"product_cat-akkumulyatornye-dreli","7":"pa_asukoht-lasnamae","8":"pa_seisukord-ispolzovano","10":"first","11":"instock","12":"taxable","13":"shipping-taxable","14":"purchasable","15":"product-type-simple"},"_links":{"self":[{"href":"https:\/\/a-pant.ee\/ru\/wp-json\/wp\/v2\/product\/32941","targetHints":{"allow":["GET"]}}],"collection":[{"href":"https:\/\/a-pant.ee\/ru\/wp-json\/wp\/v2\/product"}],"about":[{"href":"https:\/\/a-pant.ee\/ru\/wp-json\/wp\/v2\/types\/product"}],"replies":[{"embeddable":true,"href":"https:\/\/a-pant.ee\/ru\/wp-json\/wp\/v2\/comments?post=32941"}],"wp:featuredmedia":[{"embeddable":true,"href":"https:\/\/a-pant.ee\/ru\/wp-json\/wp\/v2\/media\/32942"}],"wp:attachment":[{"href":"https:\/\/a-pant.ee\/ru\/wp-json\/wp\/v2\/media?parent=32941"}],"wp:term":[{"taxonomy":"product_brand","embeddable":true,"href":"https:\/\/a-pant.ee\/ru\/wp-json\/wp\/v2\/product_brand?post=32941"},{"taxonomy":"product_cat","embeddable":true,"href":"https:\/\/a-pant.ee\/ru\/wp-json\/wp\/v2\/product_cat?post=32941"},{"taxonomy":"product_tag","embeddable":true,"href":"https:\/\/a-pant.ee\/ru\/wp-json\/wp\/v2\/product_tag?post=32941"}],"curies":[{"name":"wp","href":"https:\/\/api.w.org\/{rel}","templated":true}]}}