{"id":32935,"date":"2026-02-04T14:44:02","date_gmt":"2026-02-04T11:44:02","guid":{"rendered":"https:\/\/a-pant.ee\/product\/gajkovert-dewalt-dcf892-18v-5ah\/"},"modified":"2026-02-22T12:16:43","modified_gmt":"2026-02-22T09:16:43","slug":"gajkovert-dewalt-dcf892-18v-5ah","status":"publish","type":"product","link":"https:\/\/a-pant.ee\/ru\/product\/gajkovert-dewalt-dcf892-18v-5ah\/","title":{"rendered":"\u0413\u0430\u0439\u043a\u043e\u0432\u0435\u0440\u0442 Dewalt DCF892 18V + 5Ah"},"content":{"rendered":"\n<p> L\u00f6\u00f6kmutriv\u00f5ti DeWalt DCF887 + 5 ah\u00a0, heas seisu- ja t\u00f6\u00f6korras! <\/p><p> T\u00e4helepanu: \u00fcks re\u017eiim ei t\u00f6\u00f6ta korrektselt. <\/p><p> KIRJELDUS <\/p><p> Akutrell-l\u00f6\u00f6kmutrikeeraja 18V XR (Li-Ion). <br \/> 1\/2&#8243; ruut, maks. p\u00f6\u00f6rdemoment kuni\u00a01084 Nm. <br \/> 4 kiirust, kuni\u00a03250 l\u00f6\u00f6ki\/min. <br \/> Kompaktne \u2014\u00a0175 mm, kaal\u00a01,67 kg <\/p>\n","protected":false},"excerpt":{"rendered":"<p>L\u00f6\u00f6kmutriv\u00f5ti DeWalt DCF887 + 5 ah\u00a0, heas seisu- ja t\u00f6\u00f6korras! T\u00e4helepanu: \u00fcks re\u017eiim ei t\u00f6\u00f6ta korrektselt. KIRJELDUS Akutrell-l\u00f6\u00f6kmutrikeeraja 18V XR (Li-Ion). 1\/2&#8243; ruut, maks. p\u00f6\u00f6rdemoment kuni\u00a01084 Nm. 4 kiirust, kuni\u00a03250 l\u00f6\u00f6ki\/min. Kompaktne \u2014\u00a0175 mm, kaal\u00a01,67 kg<\/p>\n","protected":false},"featured_media":32936,"comment_status":"closed","ping_status":"open","template":"","meta":{"inline_featured_image":false},"product_brand":[],"product_cat":[221],"product_tag":[],"class_list":{"0":"post-32935","1":"product","2":"type-product","3":"status-publish","4":"has-post-thumbnail","6":"product_cat-akkumulyatornye-dreli","7":"pa_asukoht-lasnamae","8":"pa_seisukord-ispolzovano","10":"first","11":"instock","12":"taxable","13":"shipping-taxable","14":"purchasable","15":"product-type-simple"},"_links":{"self":[{"href":"https:\/\/a-pant.ee\/ru\/wp-json\/wp\/v2\/product\/32935","targetHints":{"allow":["GET"]}}],"collection":[{"href":"https:\/\/a-pant.ee\/ru\/wp-json\/wp\/v2\/product"}],"about":[{"href":"https:\/\/a-pant.ee\/ru\/wp-json\/wp\/v2\/types\/product"}],"replies":[{"embeddable":true,"href":"https:\/\/a-pant.ee\/ru\/wp-json\/wp\/v2\/comments?post=32935"}],"wp:featuredmedia":[{"embeddable":true,"href":"https:\/\/a-pant.ee\/ru\/wp-json\/wp\/v2\/media\/32936"}],"wp:attachment":[{"href":"https:\/\/a-pant.ee\/ru\/wp-json\/wp\/v2\/media?parent=32935"}],"wp:term":[{"taxonomy":"product_brand","embeddable":true,"href":"https:\/\/a-pant.ee\/ru\/wp-json\/wp\/v2\/product_brand?post=32935"},{"taxonomy":"product_cat","embeddable":true,"href":"https:\/\/a-pant.ee\/ru\/wp-json\/wp\/v2\/product_cat?post=32935"},{"taxonomy":"product_tag","embeddable":true,"href":"https:\/\/a-pant.ee\/ru\/wp-json\/wp\/v2\/product_tag?post=32935"}],"curies":[{"name":"wp","href":"https:\/\/api.w.org\/{rel}","templated":true}]}}