{"id":32929,"date":"2026-02-04T14:44:02","date_gmt":"2026-02-04T11:44:02","guid":{"rendered":"https:\/\/a-pant.ee\/product\/akkumulyatornaya-udarnaya-drel-milwaukee-m12-fpd2\/"},"modified":"2026-02-22T12:16:43","modified_gmt":"2026-02-22T09:16:43","slug":"akkumulyatornaya-udarnaya-drel-milwaukee-m12-fpd2-6ah","status":"publish","type":"product","link":"https:\/\/a-pant.ee\/ru\/product\/akkumulyatornaya-udarnaya-drel-milwaukee-m12-fpd2-6ah\/","title":{"rendered":"\u0410\u043a\u043a\u0443\u043c\u0443\u043b\u044f\u0442\u043e\u0440\u043d\u0430\u044f \u0443\u0434\u0430\u0440\u043d\u0430\u044f \u0434\u0440\u0435\u043b\u044c Milwaukee M12 FPD2 + 6ah"},"content":{"rendered":"\n<div><div><\/div><\/div><div><div><div><div><div><p> M\u00fc\u00fcakse\u00a0 <strong> Akul\u00f6\u00f6ktrell Milwaukee M12 FPD2 + 6ah\u00a0 <\/strong> , heas seisu- ja t\u00f6\u00f6korras! <\/p><p> KIRJELDUS <\/p><p> Kaal koos 6,0 Ah akuga: 1,4 kg <br \/> Kiiruse seadistused: 2 <br \/> Maks kivipuuri m\u00f5\u00f5t: 13 mm <br \/> Maks metallipuuri m\u00f5\u00f5t: 13 mm <br \/> Maks p\u00f6\u00f6rdemoment: 45 Nm <br \/> Maks puidupuuri m\u00f5\u00f5t: 35 mm <br \/> Padruni m\u00f5\u00f5t: 13 mm <br \/> Pinge: 12 V <br \/> Puidukruvid kuni: 8 mm <br \/> Suurim l\u00f6\u00f6gisagedus: 0 &#8212; 22,500 l\/min <br \/> T\u00fchijooksukiirus 1. k\u00e4iguga: 0 &#8212; 450 p\/min <br \/> T\u00fchijooksukiirus 2. k\u00e4iguga: 0 &#8212; 1550 p\/min <\/p><\/div><\/div><\/div><\/div><\/div>\n","protected":false},"excerpt":{"rendered":"<p>M\u00fc\u00fcakse\u00a0 Akul\u00f6\u00f6ktrell Milwaukee M12 FPD2 + 6ah\u00a0 , heas seisu- ja t\u00f6\u00f6korras! KIRJELDUS Kaal koos 6,0 Ah akuga: 1,4 kg Kiiruse seadistused: 2 Maks kivipuuri m\u00f5\u00f5t: 13 mm Maks metallipuuri m\u00f5\u00f5t: 13 mm Maks p\u00f6\u00f6rdemoment: 45 Nm Maks puidupuuri m\u00f5\u00f5t: 35 mm Padruni m\u00f5\u00f5t: 13 mm Pinge: 12 V Puidukruvid kuni: 8 mm Suurim l\u00f6\u00f6gisagedus: [&hellip;]<\/p>\n","protected":false},"featured_media":32930,"comment_status":"closed","ping_status":"open","template":"","meta":{"inline_featured_image":false},"product_brand":[],"product_cat":[221],"product_tag":[],"class_list":{"0":"post-32929","1":"product","2":"type-product","3":"status-publish","4":"has-post-thumbnail","6":"product_cat-akkumulyatornye-dreli","7":"pa_asukoht-lasnamae","8":"pa_seisukord-ispolzovano","10":"first","11":"instock","12":"taxable","13":"shipping-taxable","14":"purchasable","15":"product-type-simple"},"_links":{"self":[{"href":"https:\/\/a-pant.ee\/ru\/wp-json\/wp\/v2\/product\/32929","targetHints":{"allow":["GET"]}}],"collection":[{"href":"https:\/\/a-pant.ee\/ru\/wp-json\/wp\/v2\/product"}],"about":[{"href":"https:\/\/a-pant.ee\/ru\/wp-json\/wp\/v2\/types\/product"}],"replies":[{"embeddable":true,"href":"https:\/\/a-pant.ee\/ru\/wp-json\/wp\/v2\/comments?post=32929"}],"wp:featuredmedia":[{"embeddable":true,"href":"https:\/\/a-pant.ee\/ru\/wp-json\/wp\/v2\/media\/32930"}],"wp:attachment":[{"href":"https:\/\/a-pant.ee\/ru\/wp-json\/wp\/v2\/media?parent=32929"}],"wp:term":[{"taxonomy":"product_brand","embeddable":true,"href":"https:\/\/a-pant.ee\/ru\/wp-json\/wp\/v2\/product_brand?post=32929"},{"taxonomy":"product_cat","embeddable":true,"href":"https:\/\/a-pant.ee\/ru\/wp-json\/wp\/v2\/product_cat?post=32929"},{"taxonomy":"product_tag","embeddable":true,"href":"https:\/\/a-pant.ee\/ru\/wp-json\/wp\/v2\/product_tag?post=32929"}],"curies":[{"name":"wp","href":"https:\/\/api.w.org\/{rel}","templated":true}]}}