{"id":32923,"date":"2026-02-04T14:44:02","date_gmt":"2026-02-04T11:44:02","guid":{"rendered":"https:\/\/a-pant.ee\/product\/akudrel-milwaukee-m18-fuel-fpd2-502\/"},"modified":"2026-02-22T12:16:42","modified_gmt":"2026-02-22T09:16:42","slug":"akudrel-milwaukee-m18-fuel-fpd2-502-5ah","status":"publish","type":"product","link":"https:\/\/a-pant.ee\/ru\/product\/akudrel-milwaukee-m18-fuel-fpd2-502-5ah\/","title":{"rendered":"\u0410\u043a\u0443\u0434\u0440\u0435\u043b\u044c Milwaukee M18 Fuel FPD2-502 + 5ah"},"content":{"rendered":"\n<p> Akutrell Milwaukee M18 CBLDD + 5ah\u00a0, heas seisu- ja t\u00f6\u00f6korras! <\/p><p> KIRJELDUS <\/p><p> L\u00f6\u00f6kakutrell-kruvikeeraja Milwaukee M18. <br \/> P\u00f6\u00f6rdemoment kuni\u00a0135 Nm, 2 kiirust. <br \/> L\u00f6\u00f6gisagedus kuni\u00a032 000 l\/min, padrun\u00a013 mm. <br \/> V\u00e4ga ere LED-valgustus. Kaal koos 5.0Ah akuga \u2014\u00a02,2 kg. <\/p>\n","protected":false},"excerpt":{"rendered":"<p>Akutrell Milwaukee M18 CBLDD + 5ah\u00a0, heas seisu- ja t\u00f6\u00f6korras! KIRJELDUS L\u00f6\u00f6kakutrell-kruvikeeraja Milwaukee M18. P\u00f6\u00f6rdemoment kuni\u00a0135 Nm, 2 kiirust. L\u00f6\u00f6gisagedus kuni\u00a032 000 l\/min, padrun\u00a013 mm. V\u00e4ga ere LED-valgustus. Kaal koos 5.0Ah akuga \u2014\u00a02,2 kg.<\/p>\n","protected":false},"featured_media":32924,"comment_status":"closed","ping_status":"open","template":"","meta":{"inline_featured_image":false},"product_brand":[],"product_cat":[221],"product_tag":[],"class_list":{"0":"post-32923","1":"product","2":"type-product","3":"status-publish","4":"has-post-thumbnail","6":"product_cat-akkumulyatornye-dreli","7":"pa_asukoht-lasnamae","8":"pa_seisukord-ispolzovano","10":"first","11":"instock","12":"taxable","13":"shipping-taxable","14":"purchasable","15":"product-type-simple"},"_links":{"self":[{"href":"https:\/\/a-pant.ee\/ru\/wp-json\/wp\/v2\/product\/32923","targetHints":{"allow":["GET"]}}],"collection":[{"href":"https:\/\/a-pant.ee\/ru\/wp-json\/wp\/v2\/product"}],"about":[{"href":"https:\/\/a-pant.ee\/ru\/wp-json\/wp\/v2\/types\/product"}],"replies":[{"embeddable":true,"href":"https:\/\/a-pant.ee\/ru\/wp-json\/wp\/v2\/comments?post=32923"}],"wp:featuredmedia":[{"embeddable":true,"href":"https:\/\/a-pant.ee\/ru\/wp-json\/wp\/v2\/media\/32924"}],"wp:attachment":[{"href":"https:\/\/a-pant.ee\/ru\/wp-json\/wp\/v2\/media?parent=32923"}],"wp:term":[{"taxonomy":"product_brand","embeddable":true,"href":"https:\/\/a-pant.ee\/ru\/wp-json\/wp\/v2\/product_brand?post=32923"},{"taxonomy":"product_cat","embeddable":true,"href":"https:\/\/a-pant.ee\/ru\/wp-json\/wp\/v2\/product_cat?post=32923"},{"taxonomy":"product_tag","embeddable":true,"href":"https:\/\/a-pant.ee\/ru\/wp-json\/wp\/v2\/product_tag?post=32923"}],"curies":[{"name":"wp","href":"https:\/\/api.w.org\/{rel}","templated":true}]}}