{"id":32903,"date":"2026-02-04T14:44:02","date_gmt":"2026-02-04T11:44:02","guid":{"rendered":"https:\/\/a-pant.ee\/product\/akkumulyator-milwaukee-m18-b2-2-0-ah\/"},"modified":"2026-02-22T12:13:58","modified_gmt":"2026-02-22T09:13:58","slug":"akkumulyator-milwaukee-m18-b2-20-ah","status":"publish","type":"product","link":"https:\/\/a-pant.ee\/ru\/product\/akkumulyator-milwaukee-m18-b2-20-ah\/","title":{"rendered":"\u0410\u043a\u043a\u0443\u043c\u0443\u043b\u044f\u0442\u043e\u0440 Milwaukee M18 B2 &#8212; 2,0 Ah"},"content":{"rendered":"\n<p> M\u00fc\u00fcakse\u00a0Aku Milwaukee M18 B2 &#8212; 2,0 Ah\u00a0, heas seisu- ja t\u00f6\u00f6korras! <\/p><p> KIRJELDUS <\/p><p> 18 V &#8212; 2,0 Ah aku annab ekstra j\u00f5udu kompaktses pakendis <\/p><p> kaal 0.4kg <\/p>\n","protected":false},"excerpt":{"rendered":"<p>M\u00fc\u00fcakse\u00a0Aku Milwaukee M18 B2 &#8212; 2,0 Ah\u00a0, heas seisu- ja t\u00f6\u00f6korras! KIRJELDUS 18 V &#8212; 2,0 Ah aku annab ekstra j\u00f5udu kompaktses pakendis kaal 0.4kg<\/p>\n","protected":false},"featured_media":32904,"comment_status":"closed","ping_status":"open","template":"","meta":{"inline_featured_image":false},"product_brand":[],"product_cat":[246],"product_tag":[],"class_list":{"0":"post-32903","1":"product","2":"type-product","3":"status-publish","4":"has-post-thumbnail","6":"product_cat-instrumenty-drugoe","7":"pa_asukoht-lasnamae","8":"pa_seisukord-ispolzovano","10":"first","11":"instock","12":"taxable","13":"shipping-taxable","14":"purchasable","15":"product-type-simple"},"_links":{"self":[{"href":"https:\/\/a-pant.ee\/ru\/wp-json\/wp\/v2\/product\/32903","targetHints":{"allow":["GET"]}}],"collection":[{"href":"https:\/\/a-pant.ee\/ru\/wp-json\/wp\/v2\/product"}],"about":[{"href":"https:\/\/a-pant.ee\/ru\/wp-json\/wp\/v2\/types\/product"}],"replies":[{"embeddable":true,"href":"https:\/\/a-pant.ee\/ru\/wp-json\/wp\/v2\/comments?post=32903"}],"wp:featuredmedia":[{"embeddable":true,"href":"https:\/\/a-pant.ee\/ru\/wp-json\/wp\/v2\/media\/32904"}],"wp:attachment":[{"href":"https:\/\/a-pant.ee\/ru\/wp-json\/wp\/v2\/media?parent=32903"}],"wp:term":[{"taxonomy":"product_brand","embeddable":true,"href":"https:\/\/a-pant.ee\/ru\/wp-json\/wp\/v2\/product_brand?post=32903"},{"taxonomy":"product_cat","embeddable":true,"href":"https:\/\/a-pant.ee\/ru\/wp-json\/wp\/v2\/product_cat?post=32903"},{"taxonomy":"product_tag","embeddable":true,"href":"https:\/\/a-pant.ee\/ru\/wp-json\/wp\/v2\/product_tag?post=32903"}],"curies":[{"name":"wp","href":"https:\/\/api.w.org\/{rel}","templated":true}]}}