{"id":32897,"date":"2026-02-04T14:44:02","date_gmt":"2026-02-04T11:44:02","guid":{"rendered":"https:\/\/a-pant.ee\/product\/planshet-samsung-tab-a8-64gb\/"},"modified":"2026-02-22T12:13:58","modified_gmt":"2026-02-22T09:13:58","slug":"planshet-samsung-tab-a8-64gb-zaryadka-korobka","status":"publish","type":"product","link":"https:\/\/a-pant.ee\/ru\/product\/planshet-samsung-tab-a8-64gb-zaryadka-korobka\/","title":{"rendered":"\u041f\u043b\u0430\u043d\u0448\u0435\u0442 Samsung Tab A8 64GB + \u0417\u0430\u0440\u044f\u0434\u043a\u0430 + \u041a\u043e\u0440\u043e\u0431\u043a\u0430"},"content":{"rendered":"\n<p> Tahvelarvuti Samsung Tab A8 64GB + Laadija + Karp\u00a0, heas seisu- ja t\u00f6\u00f6korras! <\/p><p> KIRJELDUS <\/p><ul><li> Seadme t\u00fc\u00fcp: tahvelarvuti <\/li><li> Ekraan: 10,5\u2033 TFT, 1920 \u00d7 1200 pikslit <\/li><li> Protsessor: kaheksatuumaline kuni 2,0 GHz <\/li><li> Operatsioonis\u00fcsteem: Android <\/li><li> Operatiivm\u00e4lu: 4 GB <\/li><li> Sisetalituse m\u00e4lu: 64 GB <\/li><li> Laiendatav m\u00e4lu: microSD kuni 1 TB <\/li><li> Tagumine kaamera: 8 MP, autofookus <\/li><li> Esikaamera: 5 MP <\/li><li> Wi-Fi: 802.11 a\/b\/g\/n\/ac <\/li><li> Bluetooth: 5.0 <\/li><li> Navigatsioon: GPS, GLONASS, Galileo, QZSS <\/li><li> Pordid: USB-C, 3,5 mm audio <\/li><li> Audio: stereok\u00f5larid <\/li><li> Andurid: kiirendusm\u00f5\u00f5tur, g\u00fcroskoop, valgusandur, geomagnetiline andur, Halli andur <\/li><li> Aku: 7040 mAh <\/li><li> Kaal: umbes 508 g <\/li><li> Vormifaktor: tahvelarvuti <\/li><\/ul>\n","protected":false},"excerpt":{"rendered":"<p>Tahvelarvuti Samsung Tab A8 64GB + Laadija + Karp\u00a0, heas seisu- ja t\u00f6\u00f6korras! KIRJELDUS Seadme t\u00fc\u00fcp: tahvelarvuti Ekraan: 10,5\u2033 TFT, 1920 \u00d7 1200 pikslit Protsessor: kaheksatuumaline kuni 2,0 GHz Operatsioonis\u00fcsteem: Android Operatiivm\u00e4lu: 4 GB Sisetalituse m\u00e4lu: 64 GB Laiendatav m\u00e4lu: microSD kuni 1 TB Tagumine kaamera: 8 MP, autofookus Esikaamera: 5 MP Wi-Fi: 802.11 a\/b\/g\/n\/ac [&hellip;]<\/p>\n","protected":false},"featured_media":32898,"comment_status":"closed","ping_status":"open","template":"","meta":{"inline_featured_image":false},"product_brand":[],"product_cat":[180],"product_tag":[],"class_list":{"0":"post-32897","1":"product","2":"type-product","3":"status-publish","4":"has-post-thumbnail","6":"product_cat-planshety","7":"pa_asukoht-mustamae","8":"pa_seisukord-ispolzovano","10":"first","11":"instock","12":"taxable","13":"shipping-taxable","14":"purchasable","15":"product-type-simple"},"_links":{"self":[{"href":"https:\/\/a-pant.ee\/ru\/wp-json\/wp\/v2\/product\/32897","targetHints":{"allow":["GET"]}}],"collection":[{"href":"https:\/\/a-pant.ee\/ru\/wp-json\/wp\/v2\/product"}],"about":[{"href":"https:\/\/a-pant.ee\/ru\/wp-json\/wp\/v2\/types\/product"}],"replies":[{"embeddable":true,"href":"https:\/\/a-pant.ee\/ru\/wp-json\/wp\/v2\/comments?post=32897"}],"wp:featuredmedia":[{"embeddable":true,"href":"https:\/\/a-pant.ee\/ru\/wp-json\/wp\/v2\/media\/32898"}],"wp:attachment":[{"href":"https:\/\/a-pant.ee\/ru\/wp-json\/wp\/v2\/media?parent=32897"}],"wp:term":[{"taxonomy":"product_brand","embeddable":true,"href":"https:\/\/a-pant.ee\/ru\/wp-json\/wp\/v2\/product_brand?post=32897"},{"taxonomy":"product_cat","embeddable":true,"href":"https:\/\/a-pant.ee\/ru\/wp-json\/wp\/v2\/product_cat?post=32897"},{"taxonomy":"product_tag","embeddable":true,"href":"https:\/\/a-pant.ee\/ru\/wp-json\/wp\/v2\/product_tag?post=32897"}],"curies":[{"name":"wp","href":"https:\/\/api.w.org\/{rel}","templated":true}]}}