{"id":32891,"date":"2026-02-04T14:44:02","date_gmt":"2026-02-04T11:44:02","guid":{"rendered":"https:\/\/a-pant.ee\/product\/radio-makita-dmr106-akum-4-0ah\/"},"modified":"2026-02-22T12:13:58","modified_gmt":"2026-02-22T09:13:58","slug":"radio-makita-dmr106-aku-40ach","status":"publish","type":"product","link":"https:\/\/a-pant.ee\/ru\/product\/radio-makita-dmr106-aku-40ach\/","title":{"rendered":"\u0420\u0430\u0434\u0438\u043e Makita DMR106 + \u0410\u043a\u0443 4,0\u0410\u0427"},"content":{"rendered":"\n<p> Radio Makita DMR106 + Aku 4,0AH\u00a0, heas seisu- ja t\u00f6\u00f6korras! <\/p><p> KIRJELDUS <\/p><ul><li> Seadme t\u00fc\u00fcp: ehitusraadio <\/li><li> Raadiovahemikud: FM \/ AM <\/li><li> Digitaalne raadiojaamade h\u00e4\u00e4lestus <\/li><li> Raadiojaamade m\u00e4lufunktsioon <\/li><li> \u00dchilduvus Makita LXT 7,2\u201318 V akudega <\/li><li> V\u00f5imalus t\u00f6\u00f6tada vooluv\u00f5rgust <\/li><li> Tugev ja vastupidav korpus ehitustingimustes kasutamiseks <\/li><li> Taustvalgustusega LCD-ekraan <\/li><li> Helitugevuse reguleerimine <\/li><li> L\u00f6\u00f6gikindel konstruktsioon <\/li><li> Kaal: umbes 4,6 kg <\/li><\/ul>\n","protected":false},"excerpt":{"rendered":"<p>Radio Makita DMR106 + Aku 4,0AH\u00a0, heas seisu- ja t\u00f6\u00f6korras! KIRJELDUS Seadme t\u00fc\u00fcp: ehitusraadio Raadiovahemikud: FM \/ AM Digitaalne raadiojaamade h\u00e4\u00e4lestus Raadiojaamade m\u00e4lufunktsioon \u00dchilduvus Makita LXT 7,2\u201318 V akudega V\u00f5imalus t\u00f6\u00f6tada vooluv\u00f5rgust Tugev ja vastupidav korpus ehitustingimustes kasutamiseks Taustvalgustusega LCD-ekraan Helitugevuse reguleerimine L\u00f6\u00f6gikindel konstruktsioon Kaal: umbes 4,6 kg<\/p>\n","protected":false},"featured_media":32892,"comment_status":"closed","ping_status":"open","template":"","meta":{"inline_featured_image":false},"product_brand":[],"product_cat":[223],"product_tag":[],"class_list":{"0":"post-32891","1":"product","2":"type-product","3":"status-publish","4":"has-post-thumbnail","6":"product_cat-vsyo-dlya-instrumenta","7":"pa_asukoht-mustamae","8":"pa_seisukord-ispolzovano","11":"first","12":"outofstock","13":"taxable","14":"shipping-taxable","15":"purchasable","16":"product-type-simple"},"_links":{"self":[{"href":"https:\/\/a-pant.ee\/ru\/wp-json\/wp\/v2\/product\/32891","targetHints":{"allow":["GET"]}}],"collection":[{"href":"https:\/\/a-pant.ee\/ru\/wp-json\/wp\/v2\/product"}],"about":[{"href":"https:\/\/a-pant.ee\/ru\/wp-json\/wp\/v2\/types\/product"}],"replies":[{"embeddable":true,"href":"https:\/\/a-pant.ee\/ru\/wp-json\/wp\/v2\/comments?post=32891"}],"wp:featuredmedia":[{"embeddable":true,"href":"https:\/\/a-pant.ee\/ru\/wp-json\/wp\/v2\/media\/32892"}],"wp:attachment":[{"href":"https:\/\/a-pant.ee\/ru\/wp-json\/wp\/v2\/media?parent=32891"}],"wp:term":[{"taxonomy":"product_brand","embeddable":true,"href":"https:\/\/a-pant.ee\/ru\/wp-json\/wp\/v2\/product_brand?post=32891"},{"taxonomy":"product_cat","embeddable":true,"href":"https:\/\/a-pant.ee\/ru\/wp-json\/wp\/v2\/product_cat?post=32891"},{"taxonomy":"product_tag","embeddable":true,"href":"https:\/\/a-pant.ee\/ru\/wp-json\/wp\/v2\/product_tag?post=32891"}],"curies":[{"name":"wp","href":"https:\/\/api.w.org\/{rel}","templated":true}]}}