{"id":32885,"date":"2026-02-04T14:44:02","date_gmt":"2026-02-04T11:44:02","guid":{"rendered":"https:\/\/a-pant.ee\/product\/akkumulyator-makita-bl1840b-4-0ach\/"},"modified":"2026-02-22T12:13:58","modified_gmt":"2026-02-22T09:13:58","slug":"akkumulyator-makita-bl1840b-4-0ach","status":"publish","type":"product","link":"https:\/\/a-pant.ee\/ru\/product\/akkumulyator-makita-bl1840b-4-0ach\/","title":{"rendered":"\u0410\u043a\u043a\u0443\u043c\u0443\u043b\u044f\u0442\u043e\u0440 Makita BL1840B 4.0\u0410\u0447"},"content":{"rendered":"\n<p><strong> Aku Makita BL1840B 4,0Ah <\/strong> , heas seisu- ja t\u00f6\u00f6korras! <\/p><p> KIRJELDUS <\/p><ul><li> T\u00fc\u00fcp: Li-Ion <\/li><li> Pinge: 18 V <\/li><li> Mahtuvus: 4,0 Ah <\/li><li> Energia: ~72 Wh <\/li><li> Laetuse indikaator: olemas (LED) <\/li><li> Laadimisaeg: ~40 min (kiirlaadijaga) <\/li><li> \u00dchilduvus: Makita 18 V LXT t\u00f6\u00f6riistad <\/li><li> Kaitse: \u00fclekuumenemise, \u00fclekoormuse ja liigse t\u00fchjenemise vastu <\/li><li> Kaal: ~0,65 kg <\/li><\/ul>\n","protected":false},"excerpt":{"rendered":"<p>Aku Makita BL1840B 4,0Ah , heas seisu- ja t\u00f6\u00f6korras! KIRJELDUS T\u00fc\u00fcp: Li-Ion Pinge: 18 V Mahtuvus: 4,0 Ah Energia: ~72 Wh Laetuse indikaator: olemas (LED) Laadimisaeg: ~40 min (kiirlaadijaga) \u00dchilduvus: Makita 18 V LXT t\u00f6\u00f6riistad Kaitse: \u00fclekuumenemise, \u00fclekoormuse ja liigse t\u00fchjenemise vastu Kaal: ~0,65 kg<\/p>\n","protected":false},"featured_media":32886,"comment_status":"closed","ping_status":"open","template":"","meta":{"inline_featured_image":false},"product_brand":[],"product_cat":[223],"product_tag":[],"class_list":{"0":"post-32885","1":"product","2":"type-product","3":"status-publish","4":"has-post-thumbnail","6":"product_cat-vsyo-dlya-instrumenta","7":"pa_asukoht-lasnamae","8":"pa_seisukord-ispolzovano","10":"first","11":"instock","12":"taxable","13":"shipping-taxable","14":"purchasable","15":"product-type-simple"},"_links":{"self":[{"href":"https:\/\/a-pant.ee\/ru\/wp-json\/wp\/v2\/product\/32885","targetHints":{"allow":["GET"]}}],"collection":[{"href":"https:\/\/a-pant.ee\/ru\/wp-json\/wp\/v2\/product"}],"about":[{"href":"https:\/\/a-pant.ee\/ru\/wp-json\/wp\/v2\/types\/product"}],"replies":[{"embeddable":true,"href":"https:\/\/a-pant.ee\/ru\/wp-json\/wp\/v2\/comments?post=32885"}],"wp:featuredmedia":[{"embeddable":true,"href":"https:\/\/a-pant.ee\/ru\/wp-json\/wp\/v2\/media\/32886"}],"wp:attachment":[{"href":"https:\/\/a-pant.ee\/ru\/wp-json\/wp\/v2\/media?parent=32885"}],"wp:term":[{"taxonomy":"product_brand","embeddable":true,"href":"https:\/\/a-pant.ee\/ru\/wp-json\/wp\/v2\/product_brand?post=32885"},{"taxonomy":"product_cat","embeddable":true,"href":"https:\/\/a-pant.ee\/ru\/wp-json\/wp\/v2\/product_cat?post=32885"},{"taxonomy":"product_tag","embeddable":true,"href":"https:\/\/a-pant.ee\/ru\/wp-json\/wp\/v2\/product_tag?post=32885"}],"curies":[{"name":"wp","href":"https:\/\/api.w.org\/{rel}","templated":true}]}}