{"id":32844,"date":"2026-02-04T14:39:50","date_gmt":"2026-02-04T11:39:50","guid":{"rendered":"https:\/\/a-pant.ee\/product\/akkumulyator-dewalt-dcb184-5-0ach\/"},"modified":"2026-02-22T12:16:47","modified_gmt":"2026-02-22T09:16:47","slug":"akkumulyator-dewalt-dcb184-5-0ach","status":"publish","type":"product","link":"https:\/\/a-pant.ee\/ru\/product\/akkumulyator-dewalt-dcb184-5-0ach\/","title":{"rendered":"\u0410\u043a\u043a\u0443\u043c\u0443\u043b\u044f\u0442\u043e\u0440 Dewalt DCB184 5.0\u0410\u0447"},"content":{"rendered":"\n<p> Aku Dewalt DCB184 5.0Ah, heas seisu- ja t\u00f6\u00f6korras! <\/p><p> KIRJELDUS <\/p><p><br \/> Aku pinge &#8212; 18 V <\/p><p> Aku maht &#8212; 5,0 Ah <\/p><p> Liitiumioonaku <\/p><p> Aku saavutab oma t\u00e4ieliku mahtuvuse peale 3-4 laadimist <\/p><p> Laengu taseme n\u00e4idik <\/p><p> Kaitstud \u00fclekoormuse eest <\/p>\n","protected":false},"excerpt":{"rendered":"<p>Aku Dewalt DCB184 5.0Ah, heas seisu- ja t\u00f6\u00f6korras! KIRJELDUS Aku pinge &#8212; 18 V Aku maht &#8212; 5,0 Ah Liitiumioonaku Aku saavutab oma t\u00e4ieliku mahtuvuse peale 3-4 laadimist Laengu taseme n\u00e4idik Kaitstud \u00fclekoormuse eest<\/p>\n","protected":false},"featured_media":32845,"comment_status":"closed","ping_status":"closed","template":"","meta":{"inline_featured_image":false},"product_brand":[],"product_cat":[223],"product_tag":[],"class_list":{"0":"post-32844","1":"product","2":"type-product","3":"status-publish","4":"has-post-thumbnail","6":"product_cat-vsyo-dlya-instrumenta","7":"pa_asukoht-mustamae","8":"pa_seisukord-ispolzovano","10":"first","11":"outofstock","12":"taxable","13":"shipping-taxable","14":"purchasable","15":"product-type-simple"},"_links":{"self":[{"href":"https:\/\/a-pant.ee\/ru\/wp-json\/wp\/v2\/product\/32844","targetHints":{"allow":["GET"]}}],"collection":[{"href":"https:\/\/a-pant.ee\/ru\/wp-json\/wp\/v2\/product"}],"about":[{"href":"https:\/\/a-pant.ee\/ru\/wp-json\/wp\/v2\/types\/product"}],"replies":[{"embeddable":true,"href":"https:\/\/a-pant.ee\/ru\/wp-json\/wp\/v2\/comments?post=32844"}],"wp:featuredmedia":[{"embeddable":true,"href":"https:\/\/a-pant.ee\/ru\/wp-json\/wp\/v2\/media\/32845"}],"wp:attachment":[{"href":"https:\/\/a-pant.ee\/ru\/wp-json\/wp\/v2\/media?parent=32844"}],"wp:term":[{"taxonomy":"product_brand","embeddable":true,"href":"https:\/\/a-pant.ee\/ru\/wp-json\/wp\/v2\/product_brand?post=32844"},{"taxonomy":"product_cat","embeddable":true,"href":"https:\/\/a-pant.ee\/ru\/wp-json\/wp\/v2\/product_cat?post=32844"},{"taxonomy":"product_tag","embeddable":true,"href":"https:\/\/a-pant.ee\/ru\/wp-json\/wp\/v2\/product_tag?post=32844"}],"curies":[{"name":"wp","href":"https:\/\/api.w.org\/{rel}","templated":true}]}}