{"id":32838,"date":"2026-02-04T14:39:50","date_gmt":"2026-02-04T11:39:50","guid":{"rendered":"https:\/\/a-pant.ee\/product\/mobilnyj-telefon-realme-gt-5g-256gb\/"},"modified":"2026-02-22T12:16:47","modified_gmt":"2026-02-22T09:16:47","slug":"mobilnyj-telefon-realme-gt-5g-256gb","status":"publish","type":"product","link":"https:\/\/a-pant.ee\/ru\/product\/mobilnyj-telefon-realme-gt-5g-256gb\/","title":{"rendered":"\u041c\u043e\u0431\u0438\u043b\u044c\u043d\u044b\u0439 \u0442\u0435\u043b\u0435\u0444\u043e\u043d Realme GT 5G 256GB"},"content":{"rendered":"\n<p> Mobiiltelefon Realme GT 5G 256GB, heas seisu- ja t\u00f6\u00f6korras! <\/p><p> KIRJELDUS <\/p><p> Seadme t\u00fc\u00fcp:\u00a0nutitelefon <br \/> Mudel:\u00a0Realme GT 5G <br \/> Sisem\u00e4lu:\u00a0256 GB <br \/> RAM:\u00a08 GB <br \/> Protsessor:\u00a0Qualcomm Snapdragon 888 5G <br \/> Ekraan: <\/p><ul><li> 6,43&#8243; <\/li><li> Super AMOLED <\/li><li> Full HD+ (2400 \u00d7 1080) <\/li><li> 120 Hz v\u00e4rskendussagedus <\/li><\/ul><p> Tagakaamera: <\/p><ul><li> 64 MP <\/li><li> 8 MP lainurk <\/li><li> 2 MP makro <\/li><\/ul><p> Esikaamera:\u00a016 MP <\/p><p> Video:\u00a0kuni 4K videosalvestus <\/p><p> Aku:\u00a04500 mAh <br \/> Laadimine:\u00a065 W kiirlaadimine <\/p><p> \u00dchenduvus: <\/p><ul><li> 5G <\/li><li> 4G \/ LTE <\/li><li> Wi-Fi <\/li><li> Bluetooth <\/li><li> GPS <\/li><\/ul><p> Operatsioonis\u00fcsteem:\u00a0Android p\u00f5hine s\u00fcsteem <br \/> Omadused: <\/p><ul><li> v\u00e4ga hea j\u00f5udlus <\/li><li> sujuv kasutuskogemus <\/li><li> ere AMOLED-ekraan <\/li><li> kiire laadimine <\/li><\/ul>\n","protected":false},"excerpt":{"rendered":"<p>Mobiiltelefon Realme GT 5G 256GB, heas seisu- ja t\u00f6\u00f6korras! KIRJELDUS Seadme t\u00fc\u00fcp:\u00a0nutitelefon Mudel:\u00a0Realme GT 5G Sisem\u00e4lu:\u00a0256 GB RAM:\u00a08 GB Protsessor:\u00a0Qualcomm Snapdragon 888 5G Ekraan: 6,43&#8243; Super AMOLED Full HD+ (2400 \u00d7 1080) 120 Hz v\u00e4rskendussagedus Tagakaamera: 64 MP 8 MP lainurk 2 MP makro Esikaamera:\u00a016 MP Video:\u00a0kuni 4K videosalvestus Aku:\u00a04500 mAh Laadimine:\u00a065 W kiirlaadimine \u00dchenduvus: [&hellip;]<\/p>\n","protected":false},"featured_media":32839,"comment_status":"closed","ping_status":"open","template":"","meta":{"inline_featured_image":false},"product_brand":[],"product_cat":[171],"product_tag":[],"class_list":{"0":"post-32838","1":"product","2":"type-product","3":"status-publish","4":"has-post-thumbnail","6":"product_cat-mobilnye-telefony","7":"pa_asukoht-mustamae","8":"pa_seisukord-ispolzovano","10":"first","11":"instock","12":"taxable","13":"shipping-taxable","14":"purchasable","15":"product-type-simple"},"_links":{"self":[{"href":"https:\/\/a-pant.ee\/ru\/wp-json\/wp\/v2\/product\/32838","targetHints":{"allow":["GET"]}}],"collection":[{"href":"https:\/\/a-pant.ee\/ru\/wp-json\/wp\/v2\/product"}],"about":[{"href":"https:\/\/a-pant.ee\/ru\/wp-json\/wp\/v2\/types\/product"}],"replies":[{"embeddable":true,"href":"https:\/\/a-pant.ee\/ru\/wp-json\/wp\/v2\/comments?post=32838"}],"wp:featuredmedia":[{"embeddable":true,"href":"https:\/\/a-pant.ee\/ru\/wp-json\/wp\/v2\/media\/32839"}],"wp:attachment":[{"href":"https:\/\/a-pant.ee\/ru\/wp-json\/wp\/v2\/media?parent=32838"}],"wp:term":[{"taxonomy":"product_brand","embeddable":true,"href":"https:\/\/a-pant.ee\/ru\/wp-json\/wp\/v2\/product_brand?post=32838"},{"taxonomy":"product_cat","embeddable":true,"href":"https:\/\/a-pant.ee\/ru\/wp-json\/wp\/v2\/product_cat?post=32838"},{"taxonomy":"product_tag","embeddable":true,"href":"https:\/\/a-pant.ee\/ru\/wp-json\/wp\/v2\/product_tag?post=32838"}],"curies":[{"name":"wp","href":"https:\/\/api.w.org\/{rel}","templated":true}]}}