{"id":32832,"date":"2026-02-04T14:39:50","date_gmt":"2026-02-04T11:39:50","guid":{"rendered":"https:\/\/a-pant.ee\/product\/raci-motorola-talkabout-t82\/"},"modified":"2026-02-22T12:16:46","modified_gmt":"2026-02-22T09:16:46","slug":"raczii-motorola-talkabout-t82","status":"publish","type":"product","link":"https:\/\/a-pant.ee\/ru\/product\/raczii-motorola-talkabout-t82\/","title":{"rendered":"\u0420\u0430\u0446\u0438\u0438 Motorola Talkabout T82"},"content":{"rendered":"\n<p> Motorola TALKABOUT T82 \u00e4\u00e4rmuslik walkie-talkie, paar + kott + ostik\u00a0, heas seisu- ja t\u00f6\u00f6korras! <\/p><p> KIRJELDUS <\/p><ul><li> T\u00fc\u00fcp: litsentsivaba raadiosaatja <\/li><li> Ekraan: LED, taustvalgustusega <\/li><li> Kanalid: 16 <\/li><li> Maks. t\u00f6\u00f6ulatus: kuni 10 km <\/li><li> Klahvilukk: olemas <\/li><li> Kaitseklass: IPX4 <\/li><li> Toide: aku, USB-laadimine <\/li><li> V\u00e4rv: must \/ oran\u017e <\/li><li> Kaal: 197 g <\/li><li> Komplekt: 4 seadet, laadija, v\u00f6\u00f6klamber <\/li><\/ul>\n","protected":false},"excerpt":{"rendered":"<p>Motorola TALKABOUT T82 \u00e4\u00e4rmuslik walkie-talkie, paar + kott + ostik\u00a0, heas seisu- ja t\u00f6\u00f6korras! KIRJELDUS T\u00fc\u00fcp: litsentsivaba raadiosaatja Ekraan: LED, taustvalgustusega Kanalid: 16 Maks. t\u00f6\u00f6ulatus: kuni 10 km Klahvilukk: olemas Kaitseklass: IPX4 Toide: aku, USB-laadimine V\u00e4rv: must \/ oran\u017e Kaal: 197 g Komplekt: 4 seadet, laadija, v\u00f6\u00f6klamber<\/p>\n","protected":false},"featured_media":32833,"comment_status":"closed","ping_status":"open","template":"","meta":{"inline_featured_image":false},"product_brand":[],"product_cat":[162],"product_tag":[],"class_list":{"0":"post-32832","1":"product","2":"type-product","3":"status-publish","4":"has-post-thumbnail","6":"product_cat-elektronika-drugoe","7":"pa_asukoht-lasnamae","8":"pa_seisukord-ispolzovano","10":"first","11":"instock","12":"taxable","13":"shipping-taxable","14":"purchasable","15":"product-type-simple"},"_links":{"self":[{"href":"https:\/\/a-pant.ee\/ru\/wp-json\/wp\/v2\/product\/32832","targetHints":{"allow":["GET"]}}],"collection":[{"href":"https:\/\/a-pant.ee\/ru\/wp-json\/wp\/v2\/product"}],"about":[{"href":"https:\/\/a-pant.ee\/ru\/wp-json\/wp\/v2\/types\/product"}],"replies":[{"embeddable":true,"href":"https:\/\/a-pant.ee\/ru\/wp-json\/wp\/v2\/comments?post=32832"}],"wp:featuredmedia":[{"embeddable":true,"href":"https:\/\/a-pant.ee\/ru\/wp-json\/wp\/v2\/media\/32833"}],"wp:attachment":[{"href":"https:\/\/a-pant.ee\/ru\/wp-json\/wp\/v2\/media?parent=32832"}],"wp:term":[{"taxonomy":"product_brand","embeddable":true,"href":"https:\/\/a-pant.ee\/ru\/wp-json\/wp\/v2\/product_brand?post=32832"},{"taxonomy":"product_cat","embeddable":true,"href":"https:\/\/a-pant.ee\/ru\/wp-json\/wp\/v2\/product_cat?post=32832"},{"taxonomy":"product_tag","embeddable":true,"href":"https:\/\/a-pant.ee\/ru\/wp-json\/wp\/v2\/product_tag?post=32832"}],"curies":[{"name":"wp","href":"https:\/\/api.w.org\/{rel}","templated":true}]}}