{"id":32824,"date":"2026-02-04T14:39:50","date_gmt":"2026-02-04T11:39:50","guid":{"rendered":"https:\/\/a-pant.ee\/product\/akkumuljatornyj-klyuch-dewalt-dcf512n-5ah\/"},"modified":"2026-02-22T12:16:46","modified_gmt":"2026-02-22T09:16:46","slug":"akkumulyatornyj-klyuch-s-treshhotkoj-dewalt-dcf512n-5ah","status":"publish","type":"product","link":"https:\/\/a-pant.ee\/ru\/product\/akkumulyatornyj-klyuch-s-treshhotkoj-dewalt-dcf512n-5ah\/","title":{"rendered":"\u0410\u043a\u043a\u0443\u043c\u0443\u043b\u044f\u0442\u043e\u0440\u043d\u044b\u0439 \u043a\u043b\u044e\u0447 \u0441 \u0442\u0440\u0435\u0449\u043e\u0442\u043a\u043e\u0439 Dewalt DCF512N + 5ah"},"content":{"rendered":"\n<p> Akutrell Dewalt DCF512 + 5ah\u00a0, noormalene ja t\u00f6\u00f6korras! <\/p><p> KIRJELDUS <\/p><ul><li> T\u00fc\u00fcp: akuga narrev\u00f5ti <\/li><li> Mudel: DeWalt DCF512N-XJ <\/li><li> Kaal: 1,1 kg <\/li><li> Pikkus: 36 cm <\/li><li> Kiirus: 0\u2013250 p\/min (1 k\u00e4ik) <\/li><li> P\u00f6\u00f6rdemoment: kuni 95 Nm <\/li><li> Mootor: harjavaba <\/li><li> Aku: 18 V Li-ion (ei kuulu komplekti) <\/li><li> Laadija: ei kuulu komplekti <\/li><li> LED-valgustus: olemas <\/li><\/ul>\n","protected":false},"excerpt":{"rendered":"<p>Akutrell Dewalt DCF512 + 5ah\u00a0, noormalene ja t\u00f6\u00f6korras! KIRJELDUS T\u00fc\u00fcp: akuga narrev\u00f5ti Mudel: DeWalt DCF512N-XJ Kaal: 1,1 kg Pikkus: 36 cm Kiirus: 0\u2013250 p\/min (1 k\u00e4ik) P\u00f6\u00f6rdemoment: kuni 95 Nm Mootor: harjavaba Aku: 18 V Li-ion (ei kuulu komplekti) Laadija: ei kuulu komplekti LED-valgustus: olemas<\/p>\n","protected":false},"featured_media":32825,"comment_status":"closed","ping_status":"open","template":"","meta":{"inline_featured_image":false},"product_brand":[],"product_cat":[221],"product_tag":[],"class_list":{"0":"post-32824","1":"product","2":"type-product","3":"status-publish","4":"has-post-thumbnail","6":"product_cat-akkumulyatornye-dreli","7":"pa_seisukord-ispolzovano","9":"first","10":"instock","11":"taxable","12":"shipping-taxable","13":"purchasable","14":"product-type-simple"},"_links":{"self":[{"href":"https:\/\/a-pant.ee\/ru\/wp-json\/wp\/v2\/product\/32824","targetHints":{"allow":["GET"]}}],"collection":[{"href":"https:\/\/a-pant.ee\/ru\/wp-json\/wp\/v2\/product"}],"about":[{"href":"https:\/\/a-pant.ee\/ru\/wp-json\/wp\/v2\/types\/product"}],"replies":[{"embeddable":true,"href":"https:\/\/a-pant.ee\/ru\/wp-json\/wp\/v2\/comments?post=32824"}],"wp:featuredmedia":[{"embeddable":true,"href":"https:\/\/a-pant.ee\/ru\/wp-json\/wp\/v2\/media\/32825"}],"wp:attachment":[{"href":"https:\/\/a-pant.ee\/ru\/wp-json\/wp\/v2\/media?parent=32824"}],"wp:term":[{"taxonomy":"product_brand","embeddable":true,"href":"https:\/\/a-pant.ee\/ru\/wp-json\/wp\/v2\/product_brand?post=32824"},{"taxonomy":"product_cat","embeddable":true,"href":"https:\/\/a-pant.ee\/ru\/wp-json\/wp\/v2\/product_cat?post=32824"},{"taxonomy":"product_tag","embeddable":true,"href":"https:\/\/a-pant.ee\/ru\/wp-json\/wp\/v2\/product_tag?post=32824"}],"curies":[{"name":"wp","href":"https:\/\/api.w.org\/{rel}","templated":true}]}}