{"id":32818,"date":"2026-02-04T14:39:50","date_gmt":"2026-02-04T11:39:50","guid":{"rendered":"https:\/\/a-pant.ee\/product\/akkumulyatornyy-gaykovert-dewalt-dcf922nt\/"},"modified":"2026-02-22T12:16:46","modified_gmt":"2026-02-22T09:16:46","slug":"akkumulyatornyj-gajkovert-dewalt-dcf922nt-5ah","status":"publish","type":"product","link":"https:\/\/a-pant.ee\/ru\/product\/akkumulyatornyj-gajkovert-dewalt-dcf922nt-5ah\/","title":{"rendered":"\u0410\u043a\u043a\u0443\u043c\u0443\u043b\u044f\u0442\u043e\u0440\u043d\u044b\u0439 \u0433\u0430\u0439\u043a\u043e\u0432\u0435\u0440\u0442 DEWALT DCF922NT + 5ah"},"content":{"rendered":"\n<p> L\u00f6\u00f6kmutrikeeraja DeWalt DCF922NT + 5ah\u00a0, noormalene ja t\u00f6\u00f6korras! <\/p><p> Fookuslamp ja re\u017eiimid ei t\u00f6\u00f6ta <\/p><p> KIRJELDUS <\/p><ul><li> Mudel: DeWalt DCF922NT-XJ <\/li><li> T\u00fc\u00fcp: akuga mutriv\u00f5ti, professionaalne <\/li><li> Mootor: harjavaba, akutoitega <\/li><li> Aku: 18 V Li-Ion (ei kuulu komplekti) <\/li><li> Kiirus: 0\u20132500 p\/min, l\u00f6\u00f6gisagedus 0\u20133550 p\/min, 2 k\u00e4iku <\/li><li> Maks. p\u00f6\u00f6rdemoment: 406 Nm <\/li><li> LED-valgustus: jah <\/li><li> Otsiku kinnitus: 1\/2&#8243; <\/li><li> Kaal: 1,1 kg (pakendiga 3 kg) <\/li><\/ul>\n","protected":false},"excerpt":{"rendered":"<p>L\u00f6\u00f6kmutrikeeraja DeWalt DCF922NT + 5ah\u00a0, noormalene ja t\u00f6\u00f6korras! Fookuslamp ja re\u017eiimid ei t\u00f6\u00f6ta KIRJELDUS Mudel: DeWalt DCF922NT-XJ T\u00fc\u00fcp: akuga mutriv\u00f5ti, professionaalne Mootor: harjavaba, akutoitega Aku: 18 V Li-Ion (ei kuulu komplekti) Kiirus: 0\u20132500 p\/min, l\u00f6\u00f6gisagedus 0\u20133550 p\/min, 2 k\u00e4iku Maks. p\u00f6\u00f6rdemoment: 406 Nm LED-valgustus: jah Otsiku kinnitus: 1\/2&#8243; Kaal: 1,1 kg (pakendiga 3 kg)<\/p>\n","protected":false},"featured_media":32819,"comment_status":"closed","ping_status":"open","template":"","meta":{"inline_featured_image":false},"product_brand":[],"product_cat":[221],"product_tag":[],"class_list":{"0":"post-32818","1":"product","2":"type-product","3":"status-publish","4":"has-post-thumbnail","6":"product_cat-akkumulyatornye-dreli","7":"pa_asukoht-lasnamae","8":"pa_seisukord-ispolzovano","10":"first","11":"instock","12":"taxable","13":"shipping-taxable","14":"purchasable","15":"product-type-simple"},"_links":{"self":[{"href":"https:\/\/a-pant.ee\/ru\/wp-json\/wp\/v2\/product\/32818","targetHints":{"allow":["GET"]}}],"collection":[{"href":"https:\/\/a-pant.ee\/ru\/wp-json\/wp\/v2\/product"}],"about":[{"href":"https:\/\/a-pant.ee\/ru\/wp-json\/wp\/v2\/types\/product"}],"replies":[{"embeddable":true,"href":"https:\/\/a-pant.ee\/ru\/wp-json\/wp\/v2\/comments?post=32818"}],"wp:featuredmedia":[{"embeddable":true,"href":"https:\/\/a-pant.ee\/ru\/wp-json\/wp\/v2\/media\/32819"}],"wp:attachment":[{"href":"https:\/\/a-pant.ee\/ru\/wp-json\/wp\/v2\/media?parent=32818"}],"wp:term":[{"taxonomy":"product_brand","embeddable":true,"href":"https:\/\/a-pant.ee\/ru\/wp-json\/wp\/v2\/product_brand?post=32818"},{"taxonomy":"product_cat","embeddable":true,"href":"https:\/\/a-pant.ee\/ru\/wp-json\/wp\/v2\/product_cat?post=32818"},{"taxonomy":"product_tag","embeddable":true,"href":"https:\/\/a-pant.ee\/ru\/wp-json\/wp\/v2\/product_tag?post=32818"}],"curies":[{"name":"wp","href":"https:\/\/api.w.org\/{rel}","templated":true}]}}