{"id":32812,"date":"2026-02-04T14:39:50","date_gmt":"2026-02-04T11:39:50","guid":{"rendered":"https:\/\/a-pant.ee\/product\/elektricheskaya-pila-makita-uc4041a\/"},"modified":"2026-02-22T12:16:46","modified_gmt":"2026-02-22T09:16:46","slug":"elektricheskaya-pila-makita-uc4041a","status":"publish","type":"product","link":"https:\/\/a-pant.ee\/ru\/product\/elektricheskaya-pila-makita-uc4041a\/","title":{"rendered":"\u042d\u043b\u0435\u043a\u0442\u0440\u0438\u0447\u0435\u0441\u043a\u0430\u044f \u043f\u0438\u043b\u0430 Makita UC4041A"},"content":{"rendered":"\n<p> Elektrikettsaag Makita UC4041A, heas seisu- ja t\u00f6\u00f6korras! <\/p><p> KIRJELDUS <\/p><ul><li> V\u00f5imsus 1800 W <\/li><li> Keti\u00f5li paagi suurus 0,2 L <\/li><li> Maks. keti kiirus (t\u00fchik\u00e4igul) 14,5 m\/sec <\/li><li> Kaal ilma juhtmeta (EPTA-Protseduur 01\/2003)4,7 kg <\/li><li> Keti samm 3\/8 \u201c <\/li><li> Keti paksus 0.050 \u201c <\/li><li> Keti paksus 1,1 mm <\/li><li> Juhtl\u00fclide arv 56 <\/li><li> Lati pikkus 400 (16\u2033) mm <\/li><li> Toitejuhe 0,3 m <\/li><li> Heliv\u00f5imsuse tase (LWA)101,3 dB(A) <\/li><li> Helir\u00f5hu tase (LpA)90,3 dB(A) <\/li><li> M\u00e4\u00e4ramatu m\u00fcra (K faktor)2,5 dB(A) <\/li><li> Vibratsioonitase (3 teljel)4,7 m\/sec\u00b2 <\/li><li> M\u00e4\u00e4ramatu vibratsioon (K faktor)1,5 m\/sec\u00b2 <\/li><li> M\u00f5\u00f5dud (PxLxK): 436x244x200 mm <\/li><\/ul>\n","protected":false},"excerpt":{"rendered":"<p>Elektrikettsaag Makita UC4041A, heas seisu- ja t\u00f6\u00f6korras! KIRJELDUS V\u00f5imsus 1800 W Keti\u00f5li paagi suurus 0,2 L Maks. keti kiirus (t\u00fchik\u00e4igul) 14,5 m\/sec Kaal ilma juhtmeta (EPTA-Protseduur 01\/2003)4,7 kg Keti samm 3\/8 \u201c Keti paksus 0.050 \u201c Keti paksus 1,1 mm Juhtl\u00fclide arv 56 Lati pikkus 400 (16\u2033) mm Toitejuhe 0,3 m Heliv\u00f5imsuse tase (LWA)101,3 dB(A) [&hellip;]<\/p>\n","protected":false},"featured_media":32813,"comment_status":"closed","ping_status":"closed","template":"","meta":{"inline_featured_image":false},"product_brand":[],"product_cat":[220],"product_tag":[],"class_list":{"0":"post-32812","1":"product","2":"type-product","3":"status-publish","4":"has-post-thumbnail","6":"product_cat-sadovye-instrumenty","7":"pa_asukoht-mustamae","8":"pa_seisukord-ispolzovano","10":"first","11":"outofstock","12":"taxable","13":"shipping-taxable","14":"purchasable","15":"product-type-simple"},"_links":{"self":[{"href":"https:\/\/a-pant.ee\/ru\/wp-json\/wp\/v2\/product\/32812","targetHints":{"allow":["GET"]}}],"collection":[{"href":"https:\/\/a-pant.ee\/ru\/wp-json\/wp\/v2\/product"}],"about":[{"href":"https:\/\/a-pant.ee\/ru\/wp-json\/wp\/v2\/types\/product"}],"replies":[{"embeddable":true,"href":"https:\/\/a-pant.ee\/ru\/wp-json\/wp\/v2\/comments?post=32812"}],"wp:featuredmedia":[{"embeddable":true,"href":"https:\/\/a-pant.ee\/ru\/wp-json\/wp\/v2\/media\/32813"}],"wp:attachment":[{"href":"https:\/\/a-pant.ee\/ru\/wp-json\/wp\/v2\/media?parent=32812"}],"wp:term":[{"taxonomy":"product_brand","embeddable":true,"href":"https:\/\/a-pant.ee\/ru\/wp-json\/wp\/v2\/product_brand?post=32812"},{"taxonomy":"product_cat","embeddable":true,"href":"https:\/\/a-pant.ee\/ru\/wp-json\/wp\/v2\/product_cat?post=32812"},{"taxonomy":"product_tag","embeddable":true,"href":"https:\/\/a-pant.ee\/ru\/wp-json\/wp\/v2\/product_tag?post=32812"}],"curies":[{"name":"wp","href":"https:\/\/api.w.org\/{rel}","templated":true}]}}