{"id":32799,"date":"2026-02-04T14:39:50","date_gmt":"2026-02-04T11:39:50","guid":{"rendered":"https:\/\/a-pant.ee\/product\/tsirkulyarnaya-pila-skil-5055\/"},"modified":"2026-02-22T12:16:45","modified_gmt":"2026-02-22T09:16:45","slug":"czirkulyarnaya-pila-skil-5055","status":"publish","type":"product","link":"https:\/\/a-pant.ee\/ru\/product\/czirkulyarnaya-pila-skil-5055\/","title":{"rendered":"\u0426\u0438\u0440\u043a\u0443\u043b\u044f\u0440\u043d\u0430\u044f \u043f\u0438\u043b\u0430 Skil 5055"},"content":{"rendered":"\n<p> Ketassaag Skil 5055, heas seisu- ja t\u00f6\u00f6korras! <\/p><p> KIRJELDUS <\/p><p> T\u00f6\u00f6riista t\u00fc\u00fcp:\u00a0ketassaag <br \/> Toide:\u00a0elektriv\u00f5rk <br \/> V\u00f5imsus:\u00a0tugev ja stabiilne mootori t\u00f6\u00f6 <br \/> Saeketta l\u00e4bim\u00f5\u00f5t:\u00a0standardne suurus kodu- ja t\u00f6\u00f6koha kasutuseks <br \/> Maksimaalne l\u00f5ikes\u00fcgavus:\u00a0piisav erinevate materjalide l\u00f5ikamiseks <br \/> L\u00f5ikenurga reguleerimine:\u00a0olemas, fikseeritud positsioonidega 0\u00b0 ja 45\u00b0 <br \/> Kaldes\u00fcsteem:\u00a0lihtne ja t\u00e4pne nurga reguleerimine <br \/> Pidur:\u00a0elektriline ohutusele <br \/> Kaitse:\u00a0juhusliku sissel\u00fclitamise vastane kaitse <br \/> K\u00e4epide:\u00a0ergonoomiline disain mugavaks k\u00e4sitsemiseks <br \/> Kasutus:\u00a0puit, vineer, plaadimaterjalide rist- ja pikil\u00f5ige <br \/> Kaal:\u00a0m\u00f5\u00f5dukas, mugav k\u00e4sitseda <br \/> Omadused: <\/p><ul><li> stabiilne t\u00f6\u00f6 <\/li><li> t\u00e4pne l\u00f5ige <\/li><li> lihtne seadistamine <\/li><\/ul>\n","protected":false},"excerpt":{"rendered":"<p>Ketassaag Skil 5055, heas seisu- ja t\u00f6\u00f6korras! KIRJELDUS T\u00f6\u00f6riista t\u00fc\u00fcp:\u00a0ketassaag Toide:\u00a0elektriv\u00f5rk V\u00f5imsus:\u00a0tugev ja stabiilne mootori t\u00f6\u00f6 Saeketta l\u00e4bim\u00f5\u00f5t:\u00a0standardne suurus kodu- ja t\u00f6\u00f6koha kasutuseks Maksimaalne l\u00f5ikes\u00fcgavus:\u00a0piisav erinevate materjalide l\u00f5ikamiseks L\u00f5ikenurga reguleerimine:\u00a0olemas, fikseeritud positsioonidega 0\u00b0 ja 45\u00b0 Kaldes\u00fcsteem:\u00a0lihtne ja t\u00e4pne nurga reguleerimine Pidur:\u00a0elektriline ohutusele Kaitse:\u00a0juhusliku sissel\u00fclitamise vastane kaitse K\u00e4epide:\u00a0ergonoomiline disain mugavaks k\u00e4sitsemiseks Kasutus:\u00a0puit, vineer, plaadimaterjalide rist- ja [&hellip;]<\/p>\n","protected":false},"featured_media":32800,"comment_status":"closed","ping_status":"open","template":"","meta":{"inline_featured_image":false},"product_brand":[],"product_cat":[230],"product_tag":[],"class_list":{"0":"post-32799","1":"product","2":"type-product","3":"status-publish","4":"has-post-thumbnail","6":"product_cat-czirkulyarnye-pily","7":"pa_asukoht-mustamae","8":"pa_seisukord-ispolzovano","10":"first","11":"instock","12":"taxable","13":"shipping-taxable","14":"purchasable","15":"product-type-simple"},"_links":{"self":[{"href":"https:\/\/a-pant.ee\/ru\/wp-json\/wp\/v2\/product\/32799","targetHints":{"allow":["GET"]}}],"collection":[{"href":"https:\/\/a-pant.ee\/ru\/wp-json\/wp\/v2\/product"}],"about":[{"href":"https:\/\/a-pant.ee\/ru\/wp-json\/wp\/v2\/types\/product"}],"replies":[{"embeddable":true,"href":"https:\/\/a-pant.ee\/ru\/wp-json\/wp\/v2\/comments?post=32799"}],"wp:featuredmedia":[{"embeddable":true,"href":"https:\/\/a-pant.ee\/ru\/wp-json\/wp\/v2\/media\/32800"}],"wp:attachment":[{"href":"https:\/\/a-pant.ee\/ru\/wp-json\/wp\/v2\/media?parent=32799"}],"wp:term":[{"taxonomy":"product_brand","embeddable":true,"href":"https:\/\/a-pant.ee\/ru\/wp-json\/wp\/v2\/product_brand?post=32799"},{"taxonomy":"product_cat","embeddable":true,"href":"https:\/\/a-pant.ee\/ru\/wp-json\/wp\/v2\/product_cat?post=32799"},{"taxonomy":"product_tag","embeddable":true,"href":"https:\/\/a-pant.ee\/ru\/wp-json\/wp\/v2\/product_tag?post=32799"}],"curies":[{"name":"wp","href":"https:\/\/api.w.org\/{rel}","templated":true}]}}