{"id":32793,"date":"2026-02-04T14:35:41","date_gmt":"2026-02-04T11:35:41","guid":{"rendered":"https:\/\/a-pant.ee\/product\/benzopila-schepacch-csp50\/"},"modified":"2026-02-22T12:16:53","modified_gmt":"2026-02-22T09:16:53","slug":"benzopila-schepacch-csp50","status":"publish","type":"product","link":"https:\/\/a-pant.ee\/ru\/product\/benzopila-schepacch-csp50\/","title":{"rendered":"\u0411\u0435\u043d\u0437\u043e\u043f\u0438\u043b\u0430 Schepacch CSP50"},"content":{"rendered":"\n<p> Kettsaag Schepacch CSP50, heas seisu- ja t\u00f6\u00f6korras! <\/p><p> KIRJELDUS <\/p><p> T\u00f6\u00f6riista t\u00fc\u00fcp:\u00a0bensiinimootorsaag <br \/> Mootori t\u00fc\u00fcp:\u00a0kahetaktiline bensiinimootor <br \/> Mootori t\u00f6\u00f6maht:\u00a0umbes 50 cm\u00b3 <br \/> V\u00f5imsus:\u00a0umbes 2,0\u20132,2 kW <br \/> Juhtplaadi pikkus:\u00a0kuni 45 cm <br \/> Keti samm:\u00a03\/8&#8243; <br \/> Juhtl\u00fclide paksus:\u00a01,5 mm <br \/> Keti kiirus:\u00a0sobiv intensiivseks l\u00f5ikamiseks <br \/> K\u00e4ivitamine:\u00a0k\u00e4sistarter <br \/> Keti m\u00e4\u00e4rimine:\u00a0automaatne <br \/> Ketikaitse \/ pidur:\u00a0olemas, ohutuks kasutamiseks <br \/> Vibratsioonisummutus:\u00a0olemas <br \/> Kasutusotstarve:\u00a0k\u00fcttepuude l\u00f5ikamine, v\u00e4iksemate ja keskmiste puude langetamine, majapidamist\u00f6\u00f6d <br \/> Kaal:\u00a0umbes 5\u20136 kg (ilma k\u00fctuseta) <br \/> Omadused: <\/p><ul><li> hea l\u00f5ikej\u00f5udlus <\/li><li> vastupidav ehitus <\/li><li> sobib koduseks ja poolprofessionaalseks kasutuseks <\/li><\/ul>\n","protected":false},"excerpt":{"rendered":"<p>Kettsaag Schepacch CSP50, heas seisu- ja t\u00f6\u00f6korras! KIRJELDUS T\u00f6\u00f6riista t\u00fc\u00fcp:\u00a0bensiinimootorsaag Mootori t\u00fc\u00fcp:\u00a0kahetaktiline bensiinimootor Mootori t\u00f6\u00f6maht:\u00a0umbes 50 cm\u00b3 V\u00f5imsus:\u00a0umbes 2,0\u20132,2 kW Juhtplaadi pikkus:\u00a0kuni 45 cm Keti samm:\u00a03\/8&#8243; Juhtl\u00fclide paksus:\u00a01,5 mm Keti kiirus:\u00a0sobiv intensiivseks l\u00f5ikamiseks K\u00e4ivitamine:\u00a0k\u00e4sistarter Keti m\u00e4\u00e4rimine:\u00a0automaatne Ketikaitse \/ pidur:\u00a0olemas, ohutuks kasutamiseks Vibratsioonisummutus:\u00a0olemas Kasutusotstarve:\u00a0k\u00fcttepuude l\u00f5ikamine, v\u00e4iksemate ja keskmiste puude langetamine, majapidamist\u00f6\u00f6d Kaal:\u00a0umbes 5\u20136 kg (ilma k\u00fctuseta) [&hellip;]<\/p>\n","protected":false},"featured_media":32794,"comment_status":"closed","ping_status":"open","template":"","meta":{"inline_featured_image":false},"product_brand":[],"product_cat":[220],"product_tag":[],"class_list":{"0":"post-32793","1":"product","2":"type-product","3":"status-publish","4":"has-post-thumbnail","6":"product_cat-sadovye-instrumenty","7":"pa_asukoht-mustamae","8":"pa_seisukord-ispolzovano","10":"first","11":"instock","12":"taxable","13":"shipping-taxable","14":"purchasable","15":"product-type-simple"},"_links":{"self":[{"href":"https:\/\/a-pant.ee\/ru\/wp-json\/wp\/v2\/product\/32793","targetHints":{"allow":["GET"]}}],"collection":[{"href":"https:\/\/a-pant.ee\/ru\/wp-json\/wp\/v2\/product"}],"about":[{"href":"https:\/\/a-pant.ee\/ru\/wp-json\/wp\/v2\/types\/product"}],"replies":[{"embeddable":true,"href":"https:\/\/a-pant.ee\/ru\/wp-json\/wp\/v2\/comments?post=32793"}],"wp:featuredmedia":[{"embeddable":true,"href":"https:\/\/a-pant.ee\/ru\/wp-json\/wp\/v2\/media\/32794"}],"wp:attachment":[{"href":"https:\/\/a-pant.ee\/ru\/wp-json\/wp\/v2\/media?parent=32793"}],"wp:term":[{"taxonomy":"product_brand","embeddable":true,"href":"https:\/\/a-pant.ee\/ru\/wp-json\/wp\/v2\/product_brand?post=32793"},{"taxonomy":"product_cat","embeddable":true,"href":"https:\/\/a-pant.ee\/ru\/wp-json\/wp\/v2\/product_cat?post=32793"},{"taxonomy":"product_tag","embeddable":true,"href":"https:\/\/a-pant.ee\/ru\/wp-json\/wp\/v2\/product_tag?post=32793"}],"curies":[{"name":"wp","href":"https:\/\/api.w.org\/{rel}","templated":true}]}}