{"id":32764,"date":"2026-02-04T14:35:41","date_gmt":"2026-02-04T11:35:41","guid":{"rendered":"https:\/\/a-pant.ee\/product\/smart-chasy-huawei-gt-4-pro\/"},"modified":"2026-02-22T12:16:52","modified_gmt":"2026-02-22T09:16:52","slug":"smart-chasy-huawei-gt-4-pro-korobka-zaryadka","status":"publish","type":"product","link":"https:\/\/a-pant.ee\/ru\/product\/smart-chasy-huawei-gt-4-pro-korobka-zaryadka\/","title":{"rendered":"\u0421\u043c\u0430\u0440\u0442-\u0447\u0430\u0441\u044b Huawei GT 4 Pro + \u043a\u043e\u0440\u043e\u0431\u043a\u0430 + \u0437\u0430\u0440\u044f\u0434\u043a\u0430"},"content":{"rendered":"\n<p> Nutikell Huawei GT 4 Pro + karp + laadija, heas seisu- ja t\u00f6\u00f6korras! <\/p><p> KIRJELDUS <\/p><p> \u00dcldomadused <\/p><ul><li> Liik:Nutikell <\/li><li> Sisemine m\u00e4lu:32 GB <\/li><li> Veekindlus:kuni 50 m <\/li><li> \u00dchildub tootega:Android 6.0 v\u00f5i uuem, iOS 13 v\u00f5i uuem <\/li><\/ul><p> Ekraani omadused <\/p><ul><li> Ekraani diagonaal:1.5 &#187; (tolli) <\/li><\/ul><p> V\u00f5rk ja \u00fchenduvus <\/p><ul><li> SIM kaardi tugi:Jah <\/li><li> SIM kaardi t\u00fc\u00fcp:eSIM (Pull\/Push) <\/li><li> WLAN (WiFi):802.11b\/g\/n <\/li><li> GPS:Jah <\/li><li> NFC:Jah <\/li><\/ul><p> M\u00f5\u00f5dud ja kaal <\/p><ul><li> Laius:47.6 mm <\/li><li> K\u00f5rgus:47.6 mm <\/li><li> S\u00fcgavus:12.9 mm <\/li><li> Kellarihma pikkus (max):21 cm <\/li><li> Kaal:65 g <\/li><\/ul>\n","protected":false},"excerpt":{"rendered":"<p>Nutikell Huawei GT 4 Pro + karp + laadija, heas seisu- ja t\u00f6\u00f6korras! KIRJELDUS \u00dcldomadused Liik:Nutikell Sisemine m\u00e4lu:32 GB Veekindlus:kuni 50 m \u00dchildub tootega:Android 6.0 v\u00f5i uuem, iOS 13 v\u00f5i uuem Ekraani omadused Ekraani diagonaal:1.5 &#187; (tolli) V\u00f5rk ja \u00fchenduvus SIM kaardi tugi:Jah SIM kaardi t\u00fc\u00fcp:eSIM (Pull\/Push) WLAN (WiFi):802.11b\/g\/n GPS:Jah NFC:Jah M\u00f5\u00f5dud ja kaal Laius:47.6 [&hellip;]<\/p>\n","protected":false},"featured_media":32765,"comment_status":"closed","ping_status":"open","template":"","meta":{"inline_featured_image":false},"product_brand":[],"product_cat":[176],"product_tag":[],"class_list":{"0":"post-32764","1":"product","2":"type-product","3":"status-publish","4":"has-post-thumbnail","6":"product_cat-smart-chasy","7":"pa_asukoht-mustamae","8":"pa_seisukord-ispolzovano","10":"first","11":"instock","12":"taxable","13":"shipping-taxable","14":"purchasable","15":"product-type-simple"},"_links":{"self":[{"href":"https:\/\/a-pant.ee\/ru\/wp-json\/wp\/v2\/product\/32764","targetHints":{"allow":["GET"]}}],"collection":[{"href":"https:\/\/a-pant.ee\/ru\/wp-json\/wp\/v2\/product"}],"about":[{"href":"https:\/\/a-pant.ee\/ru\/wp-json\/wp\/v2\/types\/product"}],"replies":[{"embeddable":true,"href":"https:\/\/a-pant.ee\/ru\/wp-json\/wp\/v2\/comments?post=32764"}],"wp:featuredmedia":[{"embeddable":true,"href":"https:\/\/a-pant.ee\/ru\/wp-json\/wp\/v2\/media\/32765"}],"wp:attachment":[{"href":"https:\/\/a-pant.ee\/ru\/wp-json\/wp\/v2\/media?parent=32764"}],"wp:term":[{"taxonomy":"product_brand","embeddable":true,"href":"https:\/\/a-pant.ee\/ru\/wp-json\/wp\/v2\/product_brand?post=32764"},{"taxonomy":"product_cat","embeddable":true,"href":"https:\/\/a-pant.ee\/ru\/wp-json\/wp\/v2\/product_cat?post=32764"},{"taxonomy":"product_tag","embeddable":true,"href":"https:\/\/a-pant.ee\/ru\/wp-json\/wp\/v2\/product_tag?post=32764"}],"curies":[{"name":"wp","href":"https:\/\/api.w.org\/{rel}","templated":true}]}}