{"id":32741,"date":"2026-02-04T14:35:41","date_gmt":"2026-02-04T11:35:41","guid":{"rendered":"https:\/\/a-pant.ee\/product\/akkumulyatornaya-drel-fxa-jd6310-bez-akkumulyatora\/"},"modified":"2026-02-22T12:16:51","modified_gmt":"2026-02-22T09:16:51","slug":"akkumulyatornaya-drel-fxa-jd6310-bez-akkumulyatora","status":"publish","type":"product","link":"https:\/\/a-pant.ee\/ru\/product\/akkumulyatornaya-drel-fxa-jd6310-bez-akkumulyatora\/","title":{"rendered":"\u0410\u043a\u043a\u0443\u043c\u0443\u043b\u044f\u0442\u043e\u0440\u043d\u0430\u044f \u0434\u0440\u0435\u043b\u044c FXA JD6310 \u0431\u0435\u0437 \u0430\u043a\u043a\u0443\u043c\u0443\u043b\u044f\u0442\u043e\u0440\u0430"},"content":{"rendered":"\n<p> Akutrell FXA JD6310 ilma aku, heas seisu- ja t\u00f6\u00f6korras! <\/p><p> KIRJELDUS <\/p><p> Toote omadused <\/p><p> Kaubam\u00e4rk Fxa <\/p><p> Kaal 1,2 kg <\/p><p> V\u00f5imsus ja j\u00f5udlus <\/p><p> Mootori t\u00fc\u00fcp Harjadega <\/p><p> P\u00f6\u00f6rete arv t\u00fchik\u00e4igul 0-1650, 0-440 <\/p><p> Kiiruste arv 2 <\/p><p> Maksimaalne p\u00f6\u00f6rdemoment, Nm40 <\/p><p> K\u00e4igu l\u00e4bim\u00f5\u00f5t 30 mm <\/p><p> Max puidupuuri l\u00e4bim\u00f5\u00f5t 12 mm <\/p><p> Max teraspuuri l\u00e4bim\u00f5\u00f5t 10 mm <\/p><p> \u0160okire\u017eiim Jah <\/p><p> Toitumine <\/p><p> Aku t\u00fc\u00fcp: Li-ion <\/p><p> Aku kaasas Jah <\/p><p> Kaasas olevate patareide arv: 1 <\/p><p> Aku pinge 18 V <\/p>\n","protected":false},"excerpt":{"rendered":"<p>Akutrell FXA JD6310 ilma aku, heas seisu- ja t\u00f6\u00f6korras! KIRJELDUS Toote omadused Kaubam\u00e4rk Fxa Kaal 1,2 kg V\u00f5imsus ja j\u00f5udlus Mootori t\u00fc\u00fcp Harjadega P\u00f6\u00f6rete arv t\u00fchik\u00e4igul 0-1650, 0-440 Kiiruste arv 2 Maksimaalne p\u00f6\u00f6rdemoment, Nm40 K\u00e4igu l\u00e4bim\u00f5\u00f5t 30 mm Max puidupuuri l\u00e4bim\u00f5\u00f5t 12 mm Max teraspuuri l\u00e4bim\u00f5\u00f5t 10 mm \u0160okire\u017eiim Jah Toitumine Aku t\u00fc\u00fcp: Li-ion Aku [&hellip;]<\/p>\n","protected":false},"featured_media":32742,"comment_status":"closed","ping_status":"open","template":"","meta":{"inline_featured_image":false},"product_brand":[],"product_cat":[221],"product_tag":[],"class_list":{"0":"post-32741","1":"product","2":"type-product","3":"status-publish","4":"has-post-thumbnail","6":"product_cat-akkumulyatornye-dreli","7":"pa_asukoht-lasnamae","8":"pa_seisukord-ispolzovano","10":"first","11":"instock","12":"taxable","13":"shipping-taxable","14":"purchasable","15":"product-type-simple"},"_links":{"self":[{"href":"https:\/\/a-pant.ee\/ru\/wp-json\/wp\/v2\/product\/32741","targetHints":{"allow":["GET"]}}],"collection":[{"href":"https:\/\/a-pant.ee\/ru\/wp-json\/wp\/v2\/product"}],"about":[{"href":"https:\/\/a-pant.ee\/ru\/wp-json\/wp\/v2\/types\/product"}],"replies":[{"embeddable":true,"href":"https:\/\/a-pant.ee\/ru\/wp-json\/wp\/v2\/comments?post=32741"}],"wp:featuredmedia":[{"embeddable":true,"href":"https:\/\/a-pant.ee\/ru\/wp-json\/wp\/v2\/media\/32742"}],"wp:attachment":[{"href":"https:\/\/a-pant.ee\/ru\/wp-json\/wp\/v2\/media?parent=32741"}],"wp:term":[{"taxonomy":"product_brand","embeddable":true,"href":"https:\/\/a-pant.ee\/ru\/wp-json\/wp\/v2\/product_brand?post=32741"},{"taxonomy":"product_cat","embeddable":true,"href":"https:\/\/a-pant.ee\/ru\/wp-json\/wp\/v2\/product_cat?post=32741"},{"taxonomy":"product_tag","embeddable":true,"href":"https:\/\/a-pant.ee\/ru\/wp-json\/wp\/v2\/product_tag?post=32741"}],"curies":[{"name":"wp","href":"https:\/\/api.w.org\/{rel}","templated":true}]}}