{"id":32729,"date":"2026-02-04T14:35:41","date_gmt":"2026-02-04T11:35:41","guid":{"rendered":"https:\/\/a-pant.ee\/product\/lobzik-bosch-pst-650-korobka\/"},"modified":"2026-02-22T12:16:50","modified_gmt":"2026-02-22T09:16:50","slug":"lobzik-bosch-pst-650-korobka","status":"publish","type":"product","link":"https:\/\/a-pant.ee\/ru\/product\/lobzik-bosch-pst-650-korobka\/","title":{"rendered":"\u041b\u043e\u0431\u0437\u0438\u043a Bosch PST 650 + \u043a\u043e\u0440\u043e\u0431\u043a\u0430"},"content":{"rendered":"\n<p> Tikksaag Bosch PST 650 + karp\u00a0, heas seisu- ja t\u00f6\u00f6korras! <\/p><p> KIRJELDUS <\/p><p> V\u00f5imsus: 500 W; <\/p><ul><li> Puidu l\u00f5ikepaksus 90\u00b0 kraadi juures: 65 mm; <\/li><li> Metalli l\u00f5ikepaksus 90\u00b0 kraadi juures: 10 mm; <\/li><li> L\u00f5ike s\u00fcgavus: 65 mm; <\/li><li> Terahoidja t\u00fc\u00fcp: T-kujuline; <\/li><li> Juhtme pikkus: 2,5 m; <\/li><li> Platvormi materjal: teras; <\/li><li> L\u00f5ikenurga reguleerimine: Ei; <\/li><li> Liigutuste arv minutis: 3100 <\/li><li> Ergonoomiline k\u00e4epide; <\/li><li> Paralleelne juhend; <\/li><li> \u00d5huvoolu nupp; <\/li><li> L\u00f5ikeasendite arv: 1; <\/li><li> Kaal: 1.73 kg; <\/li><li> Pinge: 230 V &#8212; 50 Hz. <\/li><\/ul>\n","protected":false},"excerpt":{"rendered":"<p>Tikksaag Bosch PST 650 + karp\u00a0, heas seisu- ja t\u00f6\u00f6korras! KIRJELDUS V\u00f5imsus: 500 W; Puidu l\u00f5ikepaksus 90\u00b0 kraadi juures: 65 mm; Metalli l\u00f5ikepaksus 90\u00b0 kraadi juures: 10 mm; L\u00f5ike s\u00fcgavus: 65 mm; Terahoidja t\u00fc\u00fcp: T-kujuline; Juhtme pikkus: 2,5 m; Platvormi materjal: teras; L\u00f5ikenurga reguleerimine: Ei; Liigutuste arv minutis: 3100 Ergonoomiline k\u00e4epide; Paralleelne juhend; \u00d5huvoolu nupp; [&hellip;]<\/p>\n","protected":false},"featured_media":32730,"comment_status":"closed","ping_status":"open","template":"","meta":{"inline_featured_image":false},"product_brand":[],"product_cat":[244],"product_tag":[],"class_list":{"0":"post-32729","1":"product","2":"type-product","3":"status-publish","4":"has-post-thumbnail","6":"product_cat-lobziki","7":"pa_asukoht-lasnamae","8":"pa_seisukord-ispolzovano","10":"first","11":"instock","12":"taxable","13":"shipping-taxable","14":"purchasable","15":"product-type-simple"},"_links":{"self":[{"href":"https:\/\/a-pant.ee\/ru\/wp-json\/wp\/v2\/product\/32729","targetHints":{"allow":["GET"]}}],"collection":[{"href":"https:\/\/a-pant.ee\/ru\/wp-json\/wp\/v2\/product"}],"about":[{"href":"https:\/\/a-pant.ee\/ru\/wp-json\/wp\/v2\/types\/product"}],"replies":[{"embeddable":true,"href":"https:\/\/a-pant.ee\/ru\/wp-json\/wp\/v2\/comments?post=32729"}],"wp:featuredmedia":[{"embeddable":true,"href":"https:\/\/a-pant.ee\/ru\/wp-json\/wp\/v2\/media\/32730"}],"wp:attachment":[{"href":"https:\/\/a-pant.ee\/ru\/wp-json\/wp\/v2\/media?parent=32729"}],"wp:term":[{"taxonomy":"product_brand","embeddable":true,"href":"https:\/\/a-pant.ee\/ru\/wp-json\/wp\/v2\/product_brand?post=32729"},{"taxonomy":"product_cat","embeddable":true,"href":"https:\/\/a-pant.ee\/ru\/wp-json\/wp\/v2\/product_cat?post=32729"},{"taxonomy":"product_tag","embeddable":true,"href":"https:\/\/a-pant.ee\/ru\/wp-json\/wp\/v2\/product_tag?post=32729"}],"curies":[{"name":"wp","href":"https:\/\/api.w.org\/{rel}","templated":true}]}}