{"id":32723,"date":"2026-02-04T14:35:41","date_gmt":"2026-02-04T11:35:41","guid":{"rendered":"https:\/\/a-pant.ee\/product\/shlifmashinka-grunder-ro-005\/"},"modified":"2026-02-22T12:16:50","modified_gmt":"2026-02-22T09:16:50","slug":"shlifmashinka-grunder-random-orbit-sander-ro-005","status":"publish","type":"product","link":"https:\/\/a-pant.ee\/ru\/product\/shlifmashinka-grunder-random-orbit-sander-ro-005\/","title":{"rendered":"\u0428\u043b\u0438\u0444\u043c\u0430\u0448\u0438\u043d\u043a\u0430 Grunder random orbit sander RO-005"},"content":{"rendered":"\n<p> Lihvmasin Grunder random orbit sander RO-005\u00a0, heas seisu- ja t\u00f6\u00f6korras! <\/p><p> KIRJELDUS <\/p><p> Suure v\u00f5imsusega 450 W mootor eemaldab paksud materjalikihid kiiresti ja t\u00f5husalt. <\/p><ul><li> Libisemiskindel kummist k\u00e4epide, t\u00f6\u00f6riista ergonoomiline ja kompaktne kuju ning 2 meetri pikkune juhe v\u00f5imaldavad teil end t\u00f6\u00f6 ajal ohutult ja turvaliselt tunda ning vabalt liikuda. <\/li><li> Liivapaberit saab kiiresti ja h\u00f5lpsasti vahetada Velcro-s\u00fcsteemi abil. <\/li><li> Lihvija kiirus on reguleeritav. <\/li><li> Tolmueemalduss\u00fcsteem tagab v\u00e4iksema \u00f5husaaste ja puhtama t\u00f6\u00f6keskkonna. <\/li><li> Sisse- ja v\u00e4ljal\u00fclitamise nupp on v\u00e4ga mugav. <\/li><\/ul>\n","protected":false},"excerpt":{"rendered":"<p>Lihvmasin Grunder random orbit sander RO-005\u00a0, heas seisu- ja t\u00f6\u00f6korras! KIRJELDUS Suure v\u00f5imsusega 450 W mootor eemaldab paksud materjalikihid kiiresti ja t\u00f5husalt. Libisemiskindel kummist k\u00e4epide, t\u00f6\u00f6riista ergonoomiline ja kompaktne kuju ning 2 meetri pikkune juhe v\u00f5imaldavad teil end t\u00f6\u00f6 ajal ohutult ja turvaliselt tunda ning vabalt liikuda. Liivapaberit saab kiiresti ja h\u00f5lpsasti vahetada Velcro-s\u00fcsteemi abil. [&hellip;]<\/p>\n","protected":false},"featured_media":32724,"comment_status":"closed","ping_status":"open","template":"","meta":{"inline_featured_image":false},"product_brand":[],"product_cat":[233],"product_tag":[],"class_list":{"0":"post-32723","1":"product","2":"type-product","3":"status-publish","4":"has-post-thumbnail","6":"product_cat-shlifovalnyj-instrument","7":"pa_asukoht-lasnamae","8":"pa_seisukord-ispolzovano","10":"first","11":"instock","12":"taxable","13":"shipping-taxable","14":"purchasable","15":"product-type-simple"},"_links":{"self":[{"href":"https:\/\/a-pant.ee\/ru\/wp-json\/wp\/v2\/product\/32723","targetHints":{"allow":["GET"]}}],"collection":[{"href":"https:\/\/a-pant.ee\/ru\/wp-json\/wp\/v2\/product"}],"about":[{"href":"https:\/\/a-pant.ee\/ru\/wp-json\/wp\/v2\/types\/product"}],"replies":[{"embeddable":true,"href":"https:\/\/a-pant.ee\/ru\/wp-json\/wp\/v2\/comments?post=32723"}],"wp:featuredmedia":[{"embeddable":true,"href":"https:\/\/a-pant.ee\/ru\/wp-json\/wp\/v2\/media\/32724"}],"wp:attachment":[{"href":"https:\/\/a-pant.ee\/ru\/wp-json\/wp\/v2\/media?parent=32723"}],"wp:term":[{"taxonomy":"product_brand","embeddable":true,"href":"https:\/\/a-pant.ee\/ru\/wp-json\/wp\/v2\/product_brand?post=32723"},{"taxonomy":"product_cat","embeddable":true,"href":"https:\/\/a-pant.ee\/ru\/wp-json\/wp\/v2\/product_cat?post=32723"},{"taxonomy":"product_tag","embeddable":true,"href":"https:\/\/a-pant.ee\/ru\/wp-json\/wp\/v2\/product_tag?post=32723"}],"curies":[{"name":"wp","href":"https:\/\/api.w.org\/{rel}","templated":true}]}}