{"id":32717,"date":"2026-02-04T14:35:41","date_gmt":"2026-02-04T11:35:41","guid":{"rendered":"https:\/\/a-pant.ee\/product\/udlinitel-brenhenstuhl-25m\/"},"modified":"2026-02-22T12:16:50","modified_gmt":"2026-02-22T09:16:50","slug":"udlinitel-brenhenstuhl-25m","status":"publish","type":"product","link":"https:\/\/a-pant.ee\/ru\/product\/udlinitel-brenhenstuhl-25m\/","title":{"rendered":"\u0423\u0434\u043b\u0438\u043d\u0438\u0442\u0435\u043b\u044c Brenhenstuhl 25m"},"content":{"rendered":"\n<p> Pikkendus Brenhenstuhl 25m\u00a0, heas seisu- ja t\u00f6\u00f6korras! <\/p><p> KIRJELDUS <\/p><p> Kaabli t\u00fc\u00fcp: H07RN-F 3G2,5 <\/p><p> Kaabli pikkus: 25 m <\/p><p> Kaabli kvaliteet: RN-kaabel <\/p><p> Pistikupesade arv: 3 \u00d7 maandatud Schuko (IP44, isesulguvad katted) <\/p><p> Nominaalpinge: 230 V <\/p><p> V\u00f5imsus (keritud kaabliga): 1300 W <\/p><p> V\u00f5imsus (lahtikeritud kaabliga): 3300 W <\/p><p> Kaitseklass: IP44 \u2013 pritsmekindel <\/p><p> Materjal: Plastikkorpus, galvaniseeritud terasraam <\/p><p> Trumli l\u00e4bim\u00f5\u00f5t: 290 mm <\/p><p> Kandesang: Jah (Cablepilot\u00ae s\u00fcsteem) <\/p><p> \u00dclekuumenemiskaitse: Jah <\/p><p> Kaal: 6,45 kg <\/p>\n","protected":false},"excerpt":{"rendered":"<p>Pikkendus Brenhenstuhl 25m\u00a0, heas seisu- ja t\u00f6\u00f6korras! KIRJELDUS Kaabli t\u00fc\u00fcp: H07RN-F 3G2,5 Kaabli pikkus: 25 m Kaabli kvaliteet: RN-kaabel Pistikupesade arv: 3 \u00d7 maandatud Schuko (IP44, isesulguvad katted) Nominaalpinge: 230 V V\u00f5imsus (keritud kaabliga): 1300 W V\u00f5imsus (lahtikeritud kaabliga): 3300 W Kaitseklass: IP44 \u2013 pritsmekindel Materjal: Plastikkorpus, galvaniseeritud terasraam Trumli l\u00e4bim\u00f5\u00f5t: 290 mm Kandesang: Jah [&hellip;]<\/p>\n","protected":false},"featured_media":32718,"comment_status":"closed","ping_status":"open","template":"","meta":{"inline_featured_image":false},"product_brand":[],"product_cat":[246],"product_tag":[],"class_list":{"0":"post-32717","1":"product","2":"type-product","3":"status-publish","4":"has-post-thumbnail","6":"product_cat-instrumenty-drugoe","7":"pa_asukoht-lasnamae","8":"pa_seisukord-ispolzovano","10":"first","11":"instock","12":"taxable","13":"shipping-taxable","14":"purchasable","15":"product-type-simple"},"_links":{"self":[{"href":"https:\/\/a-pant.ee\/ru\/wp-json\/wp\/v2\/product\/32717","targetHints":{"allow":["GET"]}}],"collection":[{"href":"https:\/\/a-pant.ee\/ru\/wp-json\/wp\/v2\/product"}],"about":[{"href":"https:\/\/a-pant.ee\/ru\/wp-json\/wp\/v2\/types\/product"}],"replies":[{"embeddable":true,"href":"https:\/\/a-pant.ee\/ru\/wp-json\/wp\/v2\/comments?post=32717"}],"wp:featuredmedia":[{"embeddable":true,"href":"https:\/\/a-pant.ee\/ru\/wp-json\/wp\/v2\/media\/32718"}],"wp:attachment":[{"href":"https:\/\/a-pant.ee\/ru\/wp-json\/wp\/v2\/media?parent=32717"}],"wp:term":[{"taxonomy":"product_brand","embeddable":true,"href":"https:\/\/a-pant.ee\/ru\/wp-json\/wp\/v2\/product_brand?post=32717"},{"taxonomy":"product_cat","embeddable":true,"href":"https:\/\/a-pant.ee\/ru\/wp-json\/wp\/v2\/product_cat?post=32717"},{"taxonomy":"product_tag","embeddable":true,"href":"https:\/\/a-pant.ee\/ru\/wp-json\/wp\/v2\/product_tag?post=32717"}],"curies":[{"name":"wp","href":"https:\/\/api.w.org\/{rel}","templated":true}]}}