{"id":32711,"date":"2026-02-04T14:35:41","date_gmt":"2026-02-04T11:35:41","guid":{"rendered":"https:\/\/a-pant.ee\/product\/rabochaya-lampa-led-light-10w\/"},"modified":"2026-02-22T12:16:50","modified_gmt":"2026-02-22T09:16:50","slug":"rabochaya-lampa-led-light-10w","status":"publish","type":"product","link":"https:\/\/a-pant.ee\/ru\/product\/rabochaya-lampa-led-light-10w\/","title":{"rendered":"\u0420\u0430\u0431\u043e\u0447\u0430\u044f \u043b\u0430\u043c\u043f\u0430 LED light 10W"},"content":{"rendered":"\n<p> T\u00f6\u00f6lamp LED light 10W\u00a0, heas seisu- ja t\u00f6\u00f6korras! <\/p><p> KIRJELDUS <\/p><p> LED Statiiviga pro\u017eektor ADVIVE WORK LED\/50W\/230V IP65 on kaasaegne valgustuslahendus teie kodu jaoks. Valgus kasutab\u00a0LED Sisseehitatud moodul, mis tagab t\u00f5husa ja energias\u00e4\u00e4stliku valgustuse. Valgusti disain ja k\u00f5rge kvaliteet tagavad pika eluea ja rahulolu valgustiga. <\/p>\n","protected":false},"excerpt":{"rendered":"<p>T\u00f6\u00f6lamp LED light 10W\u00a0, heas seisu- ja t\u00f6\u00f6korras! KIRJELDUS LED Statiiviga pro\u017eektor ADVIVE WORK LED\/50W\/230V IP65 on kaasaegne valgustuslahendus teie kodu jaoks. Valgus kasutab\u00a0LED Sisseehitatud moodul, mis tagab t\u00f5husa ja energias\u00e4\u00e4stliku valgustuse. Valgusti disain ja k\u00f5rge kvaliteet tagavad pika eluea ja rahulolu valgustiga.<\/p>\n","protected":false},"featured_media":32712,"comment_status":"closed","ping_status":"open","template":"","meta":{"inline_featured_image":false},"product_brand":[],"product_cat":[246],"product_tag":[],"class_list":{"0":"post-32711","1":"product","2":"type-product","3":"status-publish","4":"has-post-thumbnail","6":"product_cat-instrumenty-drugoe","7":"pa_asukoht-lasnamae","8":"pa_seisukord-ispolzovano","10":"first","11":"instock","12":"taxable","13":"shipping-taxable","14":"purchasable","15":"product-type-simple"},"_links":{"self":[{"href":"https:\/\/a-pant.ee\/ru\/wp-json\/wp\/v2\/product\/32711","targetHints":{"allow":["GET"]}}],"collection":[{"href":"https:\/\/a-pant.ee\/ru\/wp-json\/wp\/v2\/product"}],"about":[{"href":"https:\/\/a-pant.ee\/ru\/wp-json\/wp\/v2\/types\/product"}],"replies":[{"embeddable":true,"href":"https:\/\/a-pant.ee\/ru\/wp-json\/wp\/v2\/comments?post=32711"}],"wp:featuredmedia":[{"embeddable":true,"href":"https:\/\/a-pant.ee\/ru\/wp-json\/wp\/v2\/media\/32712"}],"wp:attachment":[{"href":"https:\/\/a-pant.ee\/ru\/wp-json\/wp\/v2\/media?parent=32711"}],"wp:term":[{"taxonomy":"product_brand","embeddable":true,"href":"https:\/\/a-pant.ee\/ru\/wp-json\/wp\/v2\/product_brand?post=32711"},{"taxonomy":"product_cat","embeddable":true,"href":"https:\/\/a-pant.ee\/ru\/wp-json\/wp\/v2\/product_cat?post=32711"},{"taxonomy":"product_tag","embeddable":true,"href":"https:\/\/a-pant.ee\/ru\/wp-json\/wp\/v2\/product_tag?post=32711"}],"curies":[{"name":"wp","href":"https:\/\/api.w.org\/{rel}","templated":true}]}}