{"id":32697,"date":"2026-02-04T14:35:41","date_gmt":"2026-02-04T11:35:41","guid":{"rendered":"https:\/\/a-pant.ee\/product\/zerkalnaya-kamera-canon-eos-100d-zaryadka-sumka\/"},"modified":"2026-02-22T12:16:49","modified_gmt":"2026-02-22T09:16:49","slug":"zerkalnaya-kamera-canon-eos-100d-zaryadka-sumka","status":"publish","type":"product","link":"https:\/\/a-pant.ee\/ru\/product\/zerkalnaya-kamera-canon-eos-100d-zaryadka-sumka\/","title":{"rendered":"\u0417\u0435\u0440\u043a\u0430\u043b\u044c\u043d\u0430\u044f \u043a\u0430\u043c\u0435\u0440\u0430 Canon EOS 100D + \u0437\u0430\u0440\u044f\u0434\u043a\u0430 + \u0441\u0443\u043c\u043a\u0430"},"content":{"rendered":"\n<p> Peegelkaamera Canon EOS 100D + laadija + kott\u00a0, heas seisu- ja t\u00f6\u00f6korras! <\/p><p> KIRJELDUS <\/p><p> 18 MP Hybrid AF CMOS sensor (APS-C m\u00f5\u00f5dus nagu teistel Canoni alg- ja kesktaseme peegelkaameratel) <\/p><ul><li> 14-bit DIGIC 5 pildiprotsessor <\/li><li> 3.0\u2033 diagonaaliga puudutustundlik (capacitive) ekraan. 1040000 px <\/li><li> 9 autofookuspunkti, keskmine on ristt\u00fc\u00fcpi <\/li><li> Pildiotsija suurendus: 0.87 x. Pentapeegel <\/li><li> Filmib Full HD videoklippe 1920 x 1080 px (30, 25, 24 fps). J\u00e4tkuv teravustamine filmire\u017eiimil <\/li><li> Sisseehitatud mono mikrofon, 3.5 mm mikrofonipesa <\/li><li> Digifiltrid \u2013 ekraanilt kadreerides n\u00e4idatakse filtriefekti <\/li><li> 4 kaadrit sekundis sariv\u00f5te <\/li><li> ISO 100 \u2013 12800, v\u00f5imendusega 25600 <\/li><\/ul>\n","protected":false},"excerpt":{"rendered":"<p>Peegelkaamera Canon EOS 100D + laadija + kott\u00a0, heas seisu- ja t\u00f6\u00f6korras! KIRJELDUS 18 MP Hybrid AF CMOS sensor (APS-C m\u00f5\u00f5dus nagu teistel Canoni alg- ja kesktaseme peegelkaameratel) 14-bit DIGIC 5 pildiprotsessor 3.0\u2033 diagonaaliga puudutustundlik (capacitive) ekraan. 1040000 px 9 autofookuspunkti, keskmine on ristt\u00fc\u00fcpi Pildiotsija suurendus: 0.87 x. Pentapeegel Filmib Full HD videoklippe 1920 x [&hellip;]<\/p>\n","protected":false},"featured_media":32698,"comment_status":"closed","ping_status":"open","template":"","meta":{"inline_featured_image":false},"product_brand":[],"product_cat":[163],"product_tag":[],"class_list":{"0":"post-32697","1":"product","2":"type-product","3":"status-publish","4":"has-post-thumbnail","6":"product_cat-fototehnika","7":"pa_asukoht-lasnamae","8":"pa_seisukord-ispolzovano","10":"first","11":"outofstock","12":"taxable","13":"shipping-taxable","14":"purchasable","15":"product-type-simple"},"_links":{"self":[{"href":"https:\/\/a-pant.ee\/ru\/wp-json\/wp\/v2\/product\/32697","targetHints":{"allow":["GET"]}}],"collection":[{"href":"https:\/\/a-pant.ee\/ru\/wp-json\/wp\/v2\/product"}],"about":[{"href":"https:\/\/a-pant.ee\/ru\/wp-json\/wp\/v2\/types\/product"}],"replies":[{"embeddable":true,"href":"https:\/\/a-pant.ee\/ru\/wp-json\/wp\/v2\/comments?post=32697"}],"wp:featuredmedia":[{"embeddable":true,"href":"https:\/\/a-pant.ee\/ru\/wp-json\/wp\/v2\/media\/32698"}],"wp:attachment":[{"href":"https:\/\/a-pant.ee\/ru\/wp-json\/wp\/v2\/media?parent=32697"}],"wp:term":[{"taxonomy":"product_brand","embeddable":true,"href":"https:\/\/a-pant.ee\/ru\/wp-json\/wp\/v2\/product_brand?post=32697"},{"taxonomy":"product_cat","embeddable":true,"href":"https:\/\/a-pant.ee\/ru\/wp-json\/wp\/v2\/product_cat?post=32697"},{"taxonomy":"product_tag","embeddable":true,"href":"https:\/\/a-pant.ee\/ru\/wp-json\/wp\/v2\/product_tag?post=32697"}],"curies":[{"name":"wp","href":"https:\/\/api.w.org\/{rel}","templated":true}]}}