{"id":32691,"date":"2026-02-04T14:35:41","date_gmt":"2026-02-04T11:35:41","guid":{"rendered":"https:\/\/a-pant.ee\/product\/mobilnyy-telefon-viqee-s25-ultra-256gb\/"},"modified":"2026-02-22T12:16:49","modified_gmt":"2026-02-22T09:16:49","slug":"mobilnyj-telefon-viqee-s25-ultra-256gb","status":"publish","type":"product","link":"https:\/\/a-pant.ee\/ru\/product\/mobilnyj-telefon-viqee-s25-ultra-256gb\/","title":{"rendered":"\u041c\u043e\u0431\u0438\u043b\u044c\u043d\u044b\u0439 \u0442\u0435\u043b\u0435\u0444\u043e\u043d VIQEE S25 Ultra 256Gb"},"content":{"rendered":"\n<p> Mobiiltelefon VIQEE S25 Ultra 256Gb\u00a0, heas seisu- ja t\u00f6\u00f6korras! <\/p><p> KIRJELDUS <\/p><p> T\u00fc\u00fcp: Telefon &#8212; 2G Network: GSM 850\/S900\/1800\/1900 &#8212; 3G Network: HSDPA 850\/900\/1900\/2100 &#8212; 4G Network: LTE &#8212; 5G Network &#8212; SIM-t\u00fc\u00fcp: Nano-SIM ja eSIM\/ Dual eSIM v\u00f5i Dual SIM (2 Nano-SIM-i ja eSIM, topelt ooteaeg) &#8212; M\u00f5\u00f5tmed: 162.8 x 77.6 x 8.2 mm &#8212; Kaal: 218g &#8212; Ekraani suurus: 6.9 inches 1440 x 3120 pikslit &#8212; Ekraani t\u00fc\u00fcp: D\u00fcnaamiline LTPO AMOLED 2X, 120Hz, HDR10+, 2600 niti (tipp) &#8212; Sisem\u00e4lu: 256GB, 12GB RAM &#8212; M\u00e4lukaardi pesa <\/p>\n","protected":false},"excerpt":{"rendered":"<p>Mobiiltelefon VIQEE S25 Ultra 256Gb\u00a0, heas seisu- ja t\u00f6\u00f6korras! KIRJELDUS T\u00fc\u00fcp: Telefon &#8212; 2G Network: GSM 850\/S900\/1800\/1900 &#8212; 3G Network: HSDPA 850\/900\/1900\/2100 &#8212; 4G Network: LTE &#8212; 5G Network &#8212; SIM-t\u00fc\u00fcp: Nano-SIM ja eSIM\/ Dual eSIM v\u00f5i Dual SIM (2 Nano-SIM-i ja eSIM, topelt ooteaeg) &#8212; M\u00f5\u00f5tmed: 162.8 x 77.6 x 8.2 mm &#8212; Kaal: [&hellip;]<\/p>\n","protected":false},"featured_media":32692,"comment_status":"closed","ping_status":"open","template":"","meta":{"inline_featured_image":false},"product_brand":[],"product_cat":[171],"product_tag":[],"class_list":{"0":"post-32691","1":"product","2":"type-product","3":"status-publish","4":"has-post-thumbnail","6":"product_cat-mobilnye-telefony","7":"pa_asukoht-lasnamae","8":"pa_seisukord-ispolzovano","10":"first","11":"instock","12":"taxable","13":"shipping-taxable","14":"purchasable","15":"product-type-simple"},"_links":{"self":[{"href":"https:\/\/a-pant.ee\/ru\/wp-json\/wp\/v2\/product\/32691","targetHints":{"allow":["GET"]}}],"collection":[{"href":"https:\/\/a-pant.ee\/ru\/wp-json\/wp\/v2\/product"}],"about":[{"href":"https:\/\/a-pant.ee\/ru\/wp-json\/wp\/v2\/types\/product"}],"replies":[{"embeddable":true,"href":"https:\/\/a-pant.ee\/ru\/wp-json\/wp\/v2\/comments?post=32691"}],"wp:featuredmedia":[{"embeddable":true,"href":"https:\/\/a-pant.ee\/ru\/wp-json\/wp\/v2\/media\/32692"}],"wp:attachment":[{"href":"https:\/\/a-pant.ee\/ru\/wp-json\/wp\/v2\/media?parent=32691"}],"wp:term":[{"taxonomy":"product_brand","embeddable":true,"href":"https:\/\/a-pant.ee\/ru\/wp-json\/wp\/v2\/product_brand?post=32691"},{"taxonomy":"product_cat","embeddable":true,"href":"https:\/\/a-pant.ee\/ru\/wp-json\/wp\/v2\/product_cat?post=32691"},{"taxonomy":"product_tag","embeddable":true,"href":"https:\/\/a-pant.ee\/ru\/wp-json\/wp\/v2\/product_tag?post=32691"}],"curies":[{"name":"wp","href":"https:\/\/api.w.org\/{rel}","templated":true}]}}