{"id":32685,"date":"2026-02-04T14:35:41","date_gmt":"2026-02-04T11:35:41","guid":{"rendered":"https:\/\/a-pant.ee\/product\/telefon-huawei-p9-lite-16gb\/"},"modified":"2026-02-22T12:16:48","modified_gmt":"2026-02-22T09:16:48","slug":"telefon-huawei-p9-lite-16gb","status":"publish","type":"product","link":"https:\/\/a-pant.ee\/ru\/product\/telefon-huawei-p9-lite-16gb\/","title":{"rendered":"\u0422\u0435\u043b\u0435\u0444\u043e\u043d Huawei P9 Lite 16gb"},"content":{"rendered":"\n<p> Telefon Huawei P9 Lite 16gb\u00a0, heas seisu- ja t\u00f6\u00f6korras! <\/p><p> KIRJELDUS <\/p><p> T\u00fc\u00fcp:\u00a0nutitelefon <br \/> Mudeli nimi:\u00a0Huawei P9 Lite <br \/> Sisem\u00e4lu:\u00a016 GB <br \/> Operatiivm\u00e4lu:\u00a0piisav igap\u00e4evaste toimingute jaoks <br \/> Protsessor:\u00a0t\u00f5hus mitmetuumaline kiip stabiilseks kasutuseks <br \/> Ekraan:\u00a0keskmise suurusega ekraan hea vaatenurgaga <br \/> Kaamerad: <\/p><ul><li> tagumine p\u00f5hikaamera sobiva resolutsiooniga foto ja video tegemiseks <\/li><li> esikaamera selfie\u2019de ja videok\u00f5nede jaoks <br \/> \u00dchenduvus:\u00a04G\/LTE, 3G, Wi-Fi, Bluetooth <br \/> Navigatsioon:\u00a0GPS\/GLONASS <br \/> Aku:\u00a0tasakaalustatud aku t\u00f6\u00f6ajaga <br \/> Operatsioonis\u00fcsteem:\u00a0Android koos tootja kasutajaliidese versiooniga <br \/> Omadused: <\/li><li> igap\u00e4evategevuste jaoks vajalikud funktsioonid ja sensorid <\/li><li> piisav helikvaliteet ja mobiilside toetus <br \/> Suurus \/ Kaal:\u00a0mugav kasutamiseks ja kaasas kandmiseks <\/li><\/ul>\n","protected":false},"excerpt":{"rendered":"<p>Telefon Huawei P9 Lite 16gb\u00a0, heas seisu- ja t\u00f6\u00f6korras! KIRJELDUS T\u00fc\u00fcp:\u00a0nutitelefon Mudeli nimi:\u00a0Huawei P9 Lite Sisem\u00e4lu:\u00a016 GB Operatiivm\u00e4lu:\u00a0piisav igap\u00e4evaste toimingute jaoks Protsessor:\u00a0t\u00f5hus mitmetuumaline kiip stabiilseks kasutuseks Ekraan:\u00a0keskmise suurusega ekraan hea vaatenurgaga Kaamerad: tagumine p\u00f5hikaamera sobiva resolutsiooniga foto ja video tegemiseks esikaamera selfie\u2019de ja videok\u00f5nede jaoks \u00dchenduvus:\u00a04G\/LTE, 3G, Wi-Fi, Bluetooth Navigatsioon:\u00a0GPS\/GLONASS Aku:\u00a0tasakaalustatud aku t\u00f6\u00f6ajaga Operatsioonis\u00fcsteem:\u00a0Android koos [&hellip;]<\/p>\n","protected":false},"featured_media":32686,"comment_status":"closed","ping_status":"closed","template":"","meta":{"inline_featured_image":false},"product_brand":[],"product_cat":[171],"product_tag":[],"class_list":{"0":"post-32685","1":"product","2":"type-product","3":"status-publish","4":"has-post-thumbnail","6":"product_cat-mobilnye-telefony","7":"pa_asukoht-mustamae","8":"pa_seisukord-ispolzovano","10":"first","11":"outofstock","12":"taxable","13":"shipping-taxable","14":"purchasable","15":"product-type-simple"},"_links":{"self":[{"href":"https:\/\/a-pant.ee\/ru\/wp-json\/wp\/v2\/product\/32685","targetHints":{"allow":["GET"]}}],"collection":[{"href":"https:\/\/a-pant.ee\/ru\/wp-json\/wp\/v2\/product"}],"about":[{"href":"https:\/\/a-pant.ee\/ru\/wp-json\/wp\/v2\/types\/product"}],"replies":[{"embeddable":true,"href":"https:\/\/a-pant.ee\/ru\/wp-json\/wp\/v2\/comments?post=32685"}],"wp:featuredmedia":[{"embeddable":true,"href":"https:\/\/a-pant.ee\/ru\/wp-json\/wp\/v2\/media\/32686"}],"wp:attachment":[{"href":"https:\/\/a-pant.ee\/ru\/wp-json\/wp\/v2\/media?parent=32685"}],"wp:term":[{"taxonomy":"product_brand","embeddable":true,"href":"https:\/\/a-pant.ee\/ru\/wp-json\/wp\/v2\/product_brand?post=32685"},{"taxonomy":"product_cat","embeddable":true,"href":"https:\/\/a-pant.ee\/ru\/wp-json\/wp\/v2\/product_cat?post=32685"},{"taxonomy":"product_tag","embeddable":true,"href":"https:\/\/a-pant.ee\/ru\/wp-json\/wp\/v2\/product_tag?post=32685"}],"curies":[{"name":"wp","href":"https:\/\/api.w.org\/{rel}","templated":true}]}}