{"id":32679,"date":"2026-02-04T14:30:33","date_gmt":"2026-02-04T11:30:33","guid":{"rendered":"https:\/\/a-pant.ee\/product\/telefon-nokia-n60-5g-64gb\/"},"modified":"2026-02-22T12:16:57","modified_gmt":"2026-02-22T09:16:57","slug":"telefon-nokia-n60-5g-64gb","status":"publish","type":"product","link":"https:\/\/a-pant.ee\/ru\/product\/telefon-nokia-n60-5g-64gb\/","title":{"rendered":"\u0422\u0435\u043b\u0435\u0444\u043e\u043d Nokia N60 5G 64GB"},"content":{"rendered":"\n<p> Telefon Nokia N60 5G 64GB\u00a0, heas seisu- ja t\u00f6\u00f6korras! <\/p><p> KIRJELDUS <\/p><p> T\u00fc\u00fcp:\u00a0nutitelefon <br \/> Mudeli nimi:\u00a0Nokia N60 5G <br \/> Sisem\u00e4lu:\u00a064 GB <br \/> Operatiivm\u00e4lu:\u00a0piisav sujuvaks t\u00f6\u00f6ks <br \/> Protsessor:\u00a0kaasaegne 5G-kiip kiireks reageerimiseks <br \/> V\u00f5rgutoetus:\u00a05G, 4G, 3G <br \/> Ekraan:\u00a0suur ja hea resolutsiooniga ekraan sisu vaatamiseks <br \/> Kaamerad: <\/p><ul><li> tagumine p\u00f5hikaamera hea fotode ja videote jaoks <\/li><li> esikaamera selfie\u2019de ja videok\u00f5nede jaoks <br \/> Operatsioonis\u00fcsteem:\u00a0Android <br \/> \u00dchenduvus:\u00a0Wi-Fi, Bluetooth, GPS <br \/> Aku:\u00a0mahukas aku pika t\u00f6\u00f6ajaga <br \/> Lisafunktsioonid:\u00a0tundlikud andurid ja kaasaegsed \u00fchendusliidesed <br \/> Suurus\/kogukaal:\u00a0mugav k\u00e4sitseda ja kaasas kanda <\/li><\/ul>\n","protected":false},"excerpt":{"rendered":"<p>Telefon Nokia N60 5G 64GB\u00a0, heas seisu- ja t\u00f6\u00f6korras! KIRJELDUS T\u00fc\u00fcp:\u00a0nutitelefon Mudeli nimi:\u00a0Nokia N60 5G Sisem\u00e4lu:\u00a064 GB Operatiivm\u00e4lu:\u00a0piisav sujuvaks t\u00f6\u00f6ks Protsessor:\u00a0kaasaegne 5G-kiip kiireks reageerimiseks V\u00f5rgutoetus:\u00a05G, 4G, 3G Ekraan:\u00a0suur ja hea resolutsiooniga ekraan sisu vaatamiseks Kaamerad: tagumine p\u00f5hikaamera hea fotode ja videote jaoks esikaamera selfie\u2019de ja videok\u00f5nede jaoks Operatsioonis\u00fcsteem:\u00a0Android \u00dchenduvus:\u00a0Wi-Fi, Bluetooth, GPS Aku:\u00a0mahukas aku pika t\u00f6\u00f6ajaga [&hellip;]<\/p>\n","protected":false},"featured_media":32680,"comment_status":"closed","ping_status":"open","template":"","meta":{"inline_featured_image":false},"product_brand":[],"product_cat":[171],"product_tag":[],"class_list":{"0":"post-32679","1":"product","2":"type-product","3":"status-publish","4":"has-post-thumbnail","6":"product_cat-mobilnye-telefony","7":"pa_asukoht-mustamae","8":"pa_seisukord-ispolzovano","10":"first","11":"instock","12":"taxable","13":"shipping-taxable","14":"purchasable","15":"product-type-simple"},"_links":{"self":[{"href":"https:\/\/a-pant.ee\/ru\/wp-json\/wp\/v2\/product\/32679","targetHints":{"allow":["GET"]}}],"collection":[{"href":"https:\/\/a-pant.ee\/ru\/wp-json\/wp\/v2\/product"}],"about":[{"href":"https:\/\/a-pant.ee\/ru\/wp-json\/wp\/v2\/types\/product"}],"replies":[{"embeddable":true,"href":"https:\/\/a-pant.ee\/ru\/wp-json\/wp\/v2\/comments?post=32679"}],"wp:featuredmedia":[{"embeddable":true,"href":"https:\/\/a-pant.ee\/ru\/wp-json\/wp\/v2\/media\/32680"}],"wp:attachment":[{"href":"https:\/\/a-pant.ee\/ru\/wp-json\/wp\/v2\/media?parent=32679"}],"wp:term":[{"taxonomy":"product_brand","embeddable":true,"href":"https:\/\/a-pant.ee\/ru\/wp-json\/wp\/v2\/product_brand?post=32679"},{"taxonomy":"product_cat","embeddable":true,"href":"https:\/\/a-pant.ee\/ru\/wp-json\/wp\/v2\/product_cat?post=32679"},{"taxonomy":"product_tag","embeddable":true,"href":"https:\/\/a-pant.ee\/ru\/wp-json\/wp\/v2\/product_tag?post=32679"}],"curies":[{"name":"wp","href":"https:\/\/api.w.org\/{rel}","templated":true}]}}