{"id":32673,"date":"2026-02-04T14:30:33","date_gmt":"2026-02-04T11:30:33","guid":{"rendered":"https:\/\/a-pant.ee\/product\/bolgarka-skil-f015-9016\/"},"modified":"2026-02-22T12:16:56","modified_gmt":"2026-02-22T09:16:56","slug":"bolgarka-skil-f015-9016","status":"publish","type":"product","link":"https:\/\/a-pant.ee\/ru\/product\/bolgarka-skil-f015-9016\/","title":{"rendered":"\u0411\u043e\u043b\u0433\u0430\u0440\u043a\u0430 Skil f015 9016"},"content":{"rendered":"\n<p> Relakas Skil f015 9016\u00a0, heas seisu- ja t\u00f6\u00f6korras! <\/p><p> KIRJELDUS <\/p><p> T\u00f6\u00f6riista t\u00fc\u00fcp:\u00a0nurklihvimismasin (bolgaar) <br \/> Toide:\u00a0v\u00f5rgu kaudu (elektriga) <br \/> V\u00f5imsus:\u00a0piisav nii koduseks kui remondit\u00f6\u00f6ks <br \/> Maksimaalne ketta l\u00e4bim\u00f5\u00f5t:\u00a0125 mm <br \/> Spindli kinnitus:\u00a0standardne M14 <br \/> T\u00fchik\u00e4igukiirus:\u00a0k\u00f5rge p\u00f6\u00f6rlemiskiirus t\u00f5husaks l\u00f5ikamiseks ja lihvimiseks <br \/> Mootori t\u00fc\u00fcp:\u00a0elektriline v\u00f5rgu mootor <br \/> Funktsioonid ja omadused: <\/p><ul><li> juhusliku sissel\u00fclitamise vastane kaitse <\/li><li> spindli lukk ketta kiireks vahetamiseks <\/li><li> mugav ergonoomiline k\u00e4epide <\/li><li> t\u00f5hus mootori jahutus <br \/> Kasutus:\u00a0metallide, kivi, plaadi ja tellise l\u00f5ikamine, lihvimine ja puhastamine <br \/> Kaal:\u00a0m\u00f5\u00f5dukas, mugav k\u00e4sitseda <br \/> Lisafunktsioonid:\u00a0t\u00f6\u00f6tab stabiilselt ka koormuse all <\/li><\/ul>\n","protected":false},"excerpt":{"rendered":"<p>Relakas Skil f015 9016\u00a0, heas seisu- ja t\u00f6\u00f6korras! KIRJELDUS T\u00f6\u00f6riista t\u00fc\u00fcp:\u00a0nurklihvimismasin (bolgaar) Toide:\u00a0v\u00f5rgu kaudu (elektriga) V\u00f5imsus:\u00a0piisav nii koduseks kui remondit\u00f6\u00f6ks Maksimaalne ketta l\u00e4bim\u00f5\u00f5t:\u00a0125 mm Spindli kinnitus:\u00a0standardne M14 T\u00fchik\u00e4igukiirus:\u00a0k\u00f5rge p\u00f6\u00f6rlemiskiirus t\u00f5husaks l\u00f5ikamiseks ja lihvimiseks Mootori t\u00fc\u00fcp:\u00a0elektriline v\u00f5rgu mootor Funktsioonid ja omadused: juhusliku sissel\u00fclitamise vastane kaitse spindli lukk ketta kiireks vahetamiseks mugav ergonoomiline k\u00e4epide t\u00f5hus mootori jahutus [&hellip;]<\/p>\n","protected":false},"featured_media":32674,"comment_status":"closed","ping_status":"open","template":"","meta":{"inline_featured_image":false},"product_brand":[],"product_cat":[235],"product_tag":[],"class_list":{"0":"post-32673","1":"product","2":"type-product","3":"status-publish","4":"has-post-thumbnail","6":"product_cat-bolgarki","7":"pa_asukoht-mustamae","8":"pa_seisukord-ispolzovano","10":"first","11":"instock","12":"taxable","13":"shipping-taxable","14":"purchasable","15":"product-type-simple"},"_links":{"self":[{"href":"https:\/\/a-pant.ee\/ru\/wp-json\/wp\/v2\/product\/32673","targetHints":{"allow":["GET"]}}],"collection":[{"href":"https:\/\/a-pant.ee\/ru\/wp-json\/wp\/v2\/product"}],"about":[{"href":"https:\/\/a-pant.ee\/ru\/wp-json\/wp\/v2\/types\/product"}],"replies":[{"embeddable":true,"href":"https:\/\/a-pant.ee\/ru\/wp-json\/wp\/v2\/comments?post=32673"}],"wp:featuredmedia":[{"embeddable":true,"href":"https:\/\/a-pant.ee\/ru\/wp-json\/wp\/v2\/media\/32674"}],"wp:attachment":[{"href":"https:\/\/a-pant.ee\/ru\/wp-json\/wp\/v2\/media?parent=32673"}],"wp:term":[{"taxonomy":"product_brand","embeddable":true,"href":"https:\/\/a-pant.ee\/ru\/wp-json\/wp\/v2\/product_brand?post=32673"},{"taxonomy":"product_cat","embeddable":true,"href":"https:\/\/a-pant.ee\/ru\/wp-json\/wp\/v2\/product_cat?post=32673"},{"taxonomy":"product_tag","embeddable":true,"href":"https:\/\/a-pant.ee\/ru\/wp-json\/wp\/v2\/product_tag?post=32673"}],"curies":[{"name":"wp","href":"https:\/\/api.w.org\/{rel}","templated":true}]}}