{"id":32667,"date":"2026-02-04T14:30:33","date_gmt":"2026-02-04T11:30:33","guid":{"rendered":"https:\/\/a-pant.ee\/product\/chasy-tissot-bella-ora-oval-t103-310-36\/"},"modified":"2026-02-22T12:16:56","modified_gmt":"2026-02-22T09:16:56","slug":"chasy-tissot-bella-ora-oval-t10331036-korobka","status":"publish","type":"product","link":"https:\/\/a-pant.ee\/ru\/product\/chasy-tissot-bella-ora-oval-t10331036-korobka\/","title":{"rendered":"\u0427\u0430\u0441\u044b Tissot Bella Ora Oval t103,310,36 + \u041a\u043e\u0440\u043e\u0431\u043a\u0430"},"content":{"rendered":"\n<p> K\u00e4ekellad Tissot Bella Ora Oval t103,310,36 + Karp\u00a0, heas seisu- ja t\u00f6\u00f6korras! <\/p><p> KIRJELDUS <\/p><p> T\u00fc\u00fcp:\u00a0k\u00e4ekell <br \/> Mootor:\u00a0kvarts <br \/> Korpus:\u00a0roostevaba teras <br \/> Klaas:\u00a0safiirklaas (kriimustuskindel) <br \/> Kellan\u00e4gu:\u00a0analoog <br \/> Veekindlus:\u00a0igap\u00e4evaseks kandmiseks (pritsmekindel) <br \/> Kellade klass:\u00a0elegantne, naiste mudel <br \/> Korpuse suurus:\u00a0\u00f5huke ja peen (ovaalne kuju) <br \/> Korpuse kuju:\u00a0ovaalne <br \/> Stiil:\u00a0klassikaline, pidulik <br \/> Rihma\/karabiini t\u00fc\u00fcp:\u00a0k\u00e4ekellarihm\/-lukk mugavaks kandmiseks <br \/> Omadused: <\/p><ul><li> k\u00f5rge t\u00e4psus <\/li><li> mugav randmel <\/li><li> sobib nii igap\u00e4evaseks kandmiseks kui pidulikeks s\u00fcndmusteks <\/li><\/ul>\n","protected":false},"excerpt":{"rendered":"<p>K\u00e4ekellad Tissot Bella Ora Oval t103,310,36 + Karp\u00a0, heas seisu- ja t\u00f6\u00f6korras! KIRJELDUS T\u00fc\u00fcp:\u00a0k\u00e4ekell Mootor:\u00a0kvarts Korpus:\u00a0roostevaba teras Klaas:\u00a0safiirklaas (kriimustuskindel) Kellan\u00e4gu:\u00a0analoog Veekindlus:\u00a0igap\u00e4evaseks kandmiseks (pritsmekindel) Kellade klass:\u00a0elegantne, naiste mudel Korpuse suurus:\u00a0\u00f5huke ja peen (ovaalne kuju) Korpuse kuju:\u00a0ovaalne Stiil:\u00a0klassikaline, pidulik Rihma\/karabiini t\u00fc\u00fcp:\u00a0k\u00e4ekellarihm\/-lukk mugavaks kandmiseks Omadused: k\u00f5rge t\u00e4psus mugav randmel sobib nii igap\u00e4evaseks kandmiseks kui pidulikeks s\u00fcndmusteks<\/p>\n","protected":false},"featured_media":32668,"comment_status":"closed","ping_status":"open","template":"","meta":{"inline_featured_image":false},"product_brand":[],"product_cat":[212],"product_tag":[],"class_list":{"0":"post-32667","1":"product","2":"type-product","3":"status-publish","4":"has-post-thumbnail","6":"product_cat-zhenskie-chasy","7":"pa_asukoht-mustamae","8":"pa_seisukord-ispolzovano","10":"first","11":"instock","12":"taxable","13":"shipping-taxable","14":"purchasable","15":"product-type-simple"},"_links":{"self":[{"href":"https:\/\/a-pant.ee\/ru\/wp-json\/wp\/v2\/product\/32667","targetHints":{"allow":["GET"]}}],"collection":[{"href":"https:\/\/a-pant.ee\/ru\/wp-json\/wp\/v2\/product"}],"about":[{"href":"https:\/\/a-pant.ee\/ru\/wp-json\/wp\/v2\/types\/product"}],"replies":[{"embeddable":true,"href":"https:\/\/a-pant.ee\/ru\/wp-json\/wp\/v2\/comments?post=32667"}],"wp:featuredmedia":[{"embeddable":true,"href":"https:\/\/a-pant.ee\/ru\/wp-json\/wp\/v2\/media\/32668"}],"wp:attachment":[{"href":"https:\/\/a-pant.ee\/ru\/wp-json\/wp\/v2\/media?parent=32667"}],"wp:term":[{"taxonomy":"product_brand","embeddable":true,"href":"https:\/\/a-pant.ee\/ru\/wp-json\/wp\/v2\/product_brand?post=32667"},{"taxonomy":"product_cat","embeddable":true,"href":"https:\/\/a-pant.ee\/ru\/wp-json\/wp\/v2\/product_cat?post=32667"},{"taxonomy":"product_tag","embeddable":true,"href":"https:\/\/a-pant.ee\/ru\/wp-json\/wp\/v2\/product_tag?post=32667"}],"curies":[{"name":"wp","href":"https:\/\/api.w.org\/{rel}","templated":true}]}}