{"id":32662,"date":"2026-02-04T14:30:33","date_gmt":"2026-02-04T11:30:33","guid":{"rendered":"https:\/\/a-pant.ee\/product\/gvozdievoi-pistolet-makita-dbn500\/"},"modified":"2026-02-22T12:16:56","modified_gmt":"2026-02-22T09:16:56","slug":"gvozdevoj-pistolet-makita-dbn500-bez-aku","status":"publish","type":"product","link":"https:\/\/a-pant.ee\/ru\/product\/gvozdevoj-pistolet-makita-dbn500-bez-aku\/","title":{"rendered":"\u0413\u0432\u043e\u0437\u0434\u0435\u0432\u043e\u0439 \u043f\u0438\u0441\u0442\u043e\u043b\u0435\u0442 Makita DBN500 \u0431\u0435\u0437 \u0430\u043a\u0443"},"content":{"rendered":"\n<p> Naelap\u00fcstol Makita DBN500 ilma akuta\u00a0, heas seisu- ja t\u00f6\u00f6korras! <\/p><p> KIRJELDUS <\/p><p> T\u00f6\u00f6riista t\u00fc\u00fcp:\u00a0rihmlihvija <br \/> Toide:\u00a0230 V v\u00f5rgu kaudu <br \/> V\u00f5imsus:\u00a01010 W <br \/> Rihma suurus:\u00a0100 \u00d7 610 mm <br \/> Rihma kiirus:\u00a0reguleeritav vastavalt t\u00f6\u00f6\u00fclesandele <br \/> Kiiruse reguleerimine:\u00a0mitmeastmeline <br \/> Mootori t\u00fc\u00fcp:\u00a0v\u00f5imas v\u00f5rgu mootor <br \/> Tolmu eemaldus:\u00a0integreeritud \u00f5hutusava tolmuimeja \u00fchenduseks <br \/> Mugavus:\u00a0ergonoomiline k\u00e4epide ja lihtne juhtimine \u00fche k\u00e4ega <br \/> Kasutusala:\u00a0puidu lihvimine, vanade pindade eemaldamine, pindade tasandamine <br \/> Kaal:\u00a0suhteliselt kerge v\u00f5rreldes v\u00f5imsusega \u2014 mugav kasutada <br \/> Lisafunktsioonid:\u00a0vastupidav ehitus profikasutuseks <\/p>\n","protected":false},"excerpt":{"rendered":"<p>Naelap\u00fcstol Makita DBN500 ilma akuta\u00a0, heas seisu- ja t\u00f6\u00f6korras! KIRJELDUS T\u00f6\u00f6riista t\u00fc\u00fcp:\u00a0rihmlihvija Toide:\u00a0230 V v\u00f5rgu kaudu V\u00f5imsus:\u00a01010 W Rihma suurus:\u00a0100 \u00d7 610 mm Rihma kiirus:\u00a0reguleeritav vastavalt t\u00f6\u00f6\u00fclesandele Kiiruse reguleerimine:\u00a0mitmeastmeline Mootori t\u00fc\u00fcp:\u00a0v\u00f5imas v\u00f5rgu mootor Tolmu eemaldus:\u00a0integreeritud \u00f5hutusava tolmuimeja \u00fchenduseks Mugavus:\u00a0ergonoomiline k\u00e4epide ja lihtne juhtimine \u00fche k\u00e4ega Kasutusala:\u00a0puidu lihvimine, vanade pindade eemaldamine, pindade tasandamine Kaal:\u00a0suhteliselt kerge v\u00f5rreldes [&hellip;]<\/p>\n","protected":false},"featured_media":32663,"comment_status":"closed","ping_status":"closed","template":"","meta":{"inline_featured_image":false},"product_brand":[],"product_cat":[224],"product_tag":[],"class_list":{"0":"post-32662","1":"product","2":"type-product","3":"status-publish","4":"has-post-thumbnail","6":"product_cat-gazovye-pistolety","7":"pa_asukoht-mustamae","8":"pa_seisukord-ispolzovano","10":"first","11":"outofstock","12":"taxable","13":"shipping-taxable","14":"purchasable","15":"product-type-simple"},"_links":{"self":[{"href":"https:\/\/a-pant.ee\/ru\/wp-json\/wp\/v2\/product\/32662","targetHints":{"allow":["GET"]}}],"collection":[{"href":"https:\/\/a-pant.ee\/ru\/wp-json\/wp\/v2\/product"}],"about":[{"href":"https:\/\/a-pant.ee\/ru\/wp-json\/wp\/v2\/types\/product"}],"replies":[{"embeddable":true,"href":"https:\/\/a-pant.ee\/ru\/wp-json\/wp\/v2\/comments?post=32662"}],"wp:featuredmedia":[{"embeddable":true,"href":"https:\/\/a-pant.ee\/ru\/wp-json\/wp\/v2\/media\/32663"}],"wp:attachment":[{"href":"https:\/\/a-pant.ee\/ru\/wp-json\/wp\/v2\/media?parent=32662"}],"wp:term":[{"taxonomy":"product_brand","embeddable":true,"href":"https:\/\/a-pant.ee\/ru\/wp-json\/wp\/v2\/product_brand?post=32662"},{"taxonomy":"product_cat","embeddable":true,"href":"https:\/\/a-pant.ee\/ru\/wp-json\/wp\/v2\/product_cat?post=32662"},{"taxonomy":"product_tag","embeddable":true,"href":"https:\/\/a-pant.ee\/ru\/wp-json\/wp\/v2\/product_tag?post=32662"}],"curies":[{"name":"wp","href":"https:\/\/api.w.org\/{rel}","templated":true}]}}