{"id":32656,"date":"2026-02-04T14:30:33","date_gmt":"2026-02-04T11:30:33","guid":{"rendered":"https:\/\/a-pant.ee\/product\/akkumulyatornyy-zaklepochnyj-pistolet-milwaukee-m12\/"},"modified":"2026-02-22T12:16:56","modified_gmt":"2026-02-22T09:16:56","slug":"akkumulyatornyj-zaklyopochnyj-pistolet-milwaukee-m12-bprt-aku","status":"publish","type":"product","link":"https:\/\/a-pant.ee\/ru\/product\/akkumulyatornyj-zaklyopochnyj-pistolet-milwaukee-m12-bprt-aku\/","title":{"rendered":"\u0410\u043a\u043a\u0443\u043c\u0443\u043b\u044f\u0442\u043e\u0440\u043d\u044b\u0439 \u0417\u0430\u043a\u043b\u0451\u043f\u043e\u0447\u043d\u044b\u0439 \u041f\u0438\u0441\u0442\u043e\u043b\u0435\u0442 Milwaukee M12 BPRT + \u0410\u043a\u0443"},"content":{"rendered":"\n<p> Akutoitel needip\u00fcstol Milwaukee M12 BPRT + Aku\u00a0, heas seisu- ja t\u00f6\u00f6korras! <\/p><p> KIRJELDUS <\/p><p> T\u00f6\u00f6riista t\u00fc\u00fcp:\u00a0akutoitega neetimis\u00adtangid <br \/> Toites\u00fcsteem:\u00a0Milwaukee M12 akud (12 V) <br \/> Neetide t\u00fc\u00fcbid:\u00a0t\u00f5mblikneetid <br \/> Toetatavad m\u00f5\u00f5dud:\u00a02,4 \/ 3,2 \/ 4,0 \/ 4,8 mm <br \/> Neetide materjalid:\u00a0alumiinium, teras, roostevaba teras <br \/> T\u00f5mbej\u00f5ud:\u00a0tugev ja sobib professionaalseks kasutamiseks <br \/> T\u00f5mbek\u00e4ik:\u00a0kuni 20\u201321 mm (s\u00f5ltuvalt neetist) <br \/> T\u00f6\u00f6kiirus:\u00a0kiire s\u00fcdamiku t\u00f5mbamine, k\u00f5rge t\u00f6\u00f6efektiivsus <br \/> Varre kogumiskonteiner:\u00a0olemas, kogub eemaldatud s\u00fcdamikud <br \/> Otsakud:\u00a0vahetatavad, hoiustatakse t\u00f6\u00f6riista korpusel <br \/> T\u00f6\u00f6valgus:\u00a0LED valgustus t\u00f6\u00f6alale <br \/> Eriomadused:\u00a0kompaktne ja mugav disain, madal vibratsioon <br \/> Kaal (ilma akuta):\u00a0umbes 1,0\u20131,2 kg <\/p>\n","protected":false},"excerpt":{"rendered":"<p>Akutoitel needip\u00fcstol Milwaukee M12 BPRT + Aku\u00a0, heas seisu- ja t\u00f6\u00f6korras! KIRJELDUS T\u00f6\u00f6riista t\u00fc\u00fcp:\u00a0akutoitega neetimis\u00adtangid Toites\u00fcsteem:\u00a0Milwaukee M12 akud (12 V) Neetide t\u00fc\u00fcbid:\u00a0t\u00f5mblikneetid Toetatavad m\u00f5\u00f5dud:\u00a02,4 \/ 3,2 \/ 4,0 \/ 4,8 mm Neetide materjalid:\u00a0alumiinium, teras, roostevaba teras T\u00f5mbej\u00f5ud:\u00a0tugev ja sobib professionaalseks kasutamiseks T\u00f5mbek\u00e4ik:\u00a0kuni 20\u201321 mm (s\u00f5ltuvalt neetist) T\u00f6\u00f6kiirus:\u00a0kiire s\u00fcdamiku t\u00f5mbamine, k\u00f5rge t\u00f6\u00f6efektiivsus Varre kogumiskonteiner:\u00a0olemas, kogub eemaldatud [&hellip;]<\/p>\n","protected":false},"featured_media":32657,"comment_status":"closed","ping_status":"closed","template":"","meta":{"inline_featured_image":false},"product_brand":[],"product_cat":[247],"product_tag":[],"class_list":{"0":"post-32656","1":"product","2":"type-product","3":"status-publish","4":"has-post-thumbnail","6":"product_cat-universalnye-instrumenty","7":"pa_asukoht-mustamae","8":"pa_seisukord-ispolzovano","10":"first","11":"outofstock","12":"taxable","13":"shipping-taxable","14":"purchasable","15":"product-type-simple"},"_links":{"self":[{"href":"https:\/\/a-pant.ee\/ru\/wp-json\/wp\/v2\/product\/32656","targetHints":{"allow":["GET"]}}],"collection":[{"href":"https:\/\/a-pant.ee\/ru\/wp-json\/wp\/v2\/product"}],"about":[{"href":"https:\/\/a-pant.ee\/ru\/wp-json\/wp\/v2\/types\/product"}],"replies":[{"embeddable":true,"href":"https:\/\/a-pant.ee\/ru\/wp-json\/wp\/v2\/comments?post=32656"}],"wp:featuredmedia":[{"embeddable":true,"href":"https:\/\/a-pant.ee\/ru\/wp-json\/wp\/v2\/media\/32657"}],"wp:attachment":[{"href":"https:\/\/a-pant.ee\/ru\/wp-json\/wp\/v2\/media?parent=32656"}],"wp:term":[{"taxonomy":"product_brand","embeddable":true,"href":"https:\/\/a-pant.ee\/ru\/wp-json\/wp\/v2\/product_brand?post=32656"},{"taxonomy":"product_cat","embeddable":true,"href":"https:\/\/a-pant.ee\/ru\/wp-json\/wp\/v2\/product_cat?post=32656"},{"taxonomy":"product_tag","embeddable":true,"href":"https:\/\/a-pant.ee\/ru\/wp-json\/wp\/v2\/product_tag?post=32656"}],"curies":[{"name":"wp","href":"https:\/\/api.w.org\/{rel}","templated":true}]}}