{"id":32650,"date":"2026-02-04T14:30:33","date_gmt":"2026-02-04T11:30:33","guid":{"rendered":"https:\/\/a-pant.ee\/product\/akkumulyatornaya-drel-shurupovert-makita-ddf482z-2\/"},"modified":"2026-02-22T12:16:55","modified_gmt":"2026-02-22T09:16:55","slug":"akkumulyatornaya-drel-shurupovert-bez-batarei-makita-ddf482z","status":"publish","type":"product","link":"https:\/\/a-pant.ee\/ru\/product\/akkumulyatornaya-drel-shurupovert-bez-batarei-makita-ddf482z\/","title":{"rendered":"\u0410\u043a\u043a\u0443\u043c\u0443\u043b\u044f\u0442\u043e\u0440\u043d\u0430\u044f \u0434\u0440\u0435\u043b\u044c-\u0448\u0443\u0440\u0443\u043f\u043e\u0432\u0435\u0440\u0442 \u0431\u0435\u0437 \u0431\u0430\u0442\u0430\u0440\u0435\u0438 Makita DDF482Z"},"content":{"rendered":"\n<p> Akukruvikeeraja Makita DDF482Z\u00a0, heas seisu- ja t\u00f6\u00f6korras! <\/p><p> KIRJELDUS <\/p><ul><li> T\u00fc\u00fcp: akuga puur\/trell <\/li><li> Mudel: Makita DDF482Z <\/li><li> Kaal: 1,4 kg <\/li><li> Mootor: harjadega <\/li><li> Kiirused: 2 (0\u2013600 \/ 0\u20131900 rpm) <\/li><li> P\u00f6\u00f6rdemoment: kuni 62 Nm <\/li><li> Padrun: 13 mm <\/li><li> Puurimine: puit 38 mm, teras 13 mm, betoon 12 mm <\/li><li> L\u00f6\u00f6kre\u017eiim: puudub <\/li><li> M\u00fcra: 75 dB <\/li><li> Aku: 18 V Li-ion (komplektis ei ole), laadimisaeg ~36 min <\/li><\/ul>\n","protected":false},"excerpt":{"rendered":"<p>Akukruvikeeraja Makita DDF482Z\u00a0, heas seisu- ja t\u00f6\u00f6korras! KIRJELDUS T\u00fc\u00fcp: akuga puur\/trell Mudel: Makita DDF482Z Kaal: 1,4 kg Mootor: harjadega Kiirused: 2 (0\u2013600 \/ 0\u20131900 rpm) P\u00f6\u00f6rdemoment: kuni 62 Nm Padrun: 13 mm Puurimine: puit 38 mm, teras 13 mm, betoon 12 mm L\u00f6\u00f6kre\u017eiim: puudub M\u00fcra: 75 dB Aku: 18 V Li-ion (komplektis ei ole), laadimisaeg [&hellip;]<\/p>\n","protected":false},"featured_media":32651,"comment_status":"closed","ping_status":"open","template":"","meta":{"inline_featured_image":false},"product_brand":[],"product_cat":[221],"product_tag":[],"class_list":{"0":"post-32650","1":"product","2":"type-product","3":"status-publish","4":"has-post-thumbnail","6":"product_cat-akkumulyatornye-dreli","7":"pa_asukoht-lasnamae","8":"pa_seisukord-ispolzovano","10":"first","11":"instock","12":"taxable","13":"shipping-taxable","14":"purchasable","15":"product-type-simple"},"_links":{"self":[{"href":"https:\/\/a-pant.ee\/ru\/wp-json\/wp\/v2\/product\/32650","targetHints":{"allow":["GET"]}}],"collection":[{"href":"https:\/\/a-pant.ee\/ru\/wp-json\/wp\/v2\/product"}],"about":[{"href":"https:\/\/a-pant.ee\/ru\/wp-json\/wp\/v2\/types\/product"}],"replies":[{"embeddable":true,"href":"https:\/\/a-pant.ee\/ru\/wp-json\/wp\/v2\/comments?post=32650"}],"wp:featuredmedia":[{"embeddable":true,"href":"https:\/\/a-pant.ee\/ru\/wp-json\/wp\/v2\/media\/32651"}],"wp:attachment":[{"href":"https:\/\/a-pant.ee\/ru\/wp-json\/wp\/v2\/media?parent=32650"}],"wp:term":[{"taxonomy":"product_brand","embeddable":true,"href":"https:\/\/a-pant.ee\/ru\/wp-json\/wp\/v2\/product_brand?post=32650"},{"taxonomy":"product_cat","embeddable":true,"href":"https:\/\/a-pant.ee\/ru\/wp-json\/wp\/v2\/product_cat?post=32650"},{"taxonomy":"product_tag","embeddable":true,"href":"https:\/\/a-pant.ee\/ru\/wp-json\/wp\/v2\/product_tag?post=32650"}],"curies":[{"name":"wp","href":"https:\/\/api.w.org\/{rel}","templated":true}]}}