{"id":32637,"date":"2026-02-04T14:30:33","date_gmt":"2026-02-04T11:30:33","guid":{"rendered":"https:\/\/a-pant.ee\/product\/smartfon-cat-s31-2-16gb\/"},"modified":"2026-02-22T12:16:55","modified_gmt":"2026-02-22T09:16:55","slug":"smartfon-cat-s31-2-16gb","status":"publish","type":"product","link":"https:\/\/a-pant.ee\/ru\/product\/smartfon-cat-s31-2-16gb\/","title":{"rendered":"\u0421\u043c\u0430\u0440\u0442\u0444\u043e\u043d CAT S31 2\/16gb"},"content":{"rendered":"\n<p><strong> Nutitelefon CAT S31 2\/16gb <\/strong> , heas seisu- ja t\u00f6\u00f6korras! <strong> \u00a0 <\/strong><\/p><p> KIRJELDUS <\/p><p> Diagonaal: 4,7 tolli (tolli) <\/p><p> Ekraani t\u00fc\u00fcp: IPS. <\/p><p> Eraldusv\u00f5ime: 1280 x 720 pikslit <\/p><p> Pikslite tihedus: 300 ppi. <\/p><p> Lisaomadused: Gorilla Glass 3 ekraaniklaas. <\/p><p> \u00a0 <\/p>\n","protected":false},"excerpt":{"rendered":"<p>Nutitelefon CAT S31 2\/16gb , heas seisu- ja t\u00f6\u00f6korras! \u00a0 KIRJELDUS Diagonaal: 4,7 tolli (tolli) Ekraani t\u00fc\u00fcp: IPS. Eraldusv\u00f5ime: 1280 x 720 pikslit Pikslite tihedus: 300 ppi. Lisaomadused: Gorilla Glass 3 ekraaniklaas. \u00a0<\/p>\n","protected":false},"featured_media":32638,"comment_status":"closed","ping_status":"open","template":"","meta":{"inline_featured_image":false},"product_brand":[],"product_cat":[171],"product_tag":[],"class_list":{"0":"post-32637","1":"product","2":"type-product","3":"status-publish","4":"has-post-thumbnail","6":"product_cat-mobilnye-telefony","7":"pa_asukoht-lasnamae","8":"pa_seisukord-ispolzovano","10":"first","11":"instock","12":"taxable","13":"shipping-taxable","14":"purchasable","15":"product-type-simple"},"_links":{"self":[{"href":"https:\/\/a-pant.ee\/ru\/wp-json\/wp\/v2\/product\/32637","targetHints":{"allow":["GET"]}}],"collection":[{"href":"https:\/\/a-pant.ee\/ru\/wp-json\/wp\/v2\/product"}],"about":[{"href":"https:\/\/a-pant.ee\/ru\/wp-json\/wp\/v2\/types\/product"}],"replies":[{"embeddable":true,"href":"https:\/\/a-pant.ee\/ru\/wp-json\/wp\/v2\/comments?post=32637"}],"wp:featuredmedia":[{"embeddable":true,"href":"https:\/\/a-pant.ee\/ru\/wp-json\/wp\/v2\/media\/32638"}],"wp:attachment":[{"href":"https:\/\/a-pant.ee\/ru\/wp-json\/wp\/v2\/media?parent=32637"}],"wp:term":[{"taxonomy":"product_brand","embeddable":true,"href":"https:\/\/a-pant.ee\/ru\/wp-json\/wp\/v2\/product_brand?post=32637"},{"taxonomy":"product_cat","embeddable":true,"href":"https:\/\/a-pant.ee\/ru\/wp-json\/wp\/v2\/product_cat?post=32637"},{"taxonomy":"product_tag","embeddable":true,"href":"https:\/\/a-pant.ee\/ru\/wp-json\/wp\/v2\/product_tag?post=32637"}],"curies":[{"name":"wp","href":"https:\/\/api.w.org\/{rel}","templated":true}]}}