{"id":32631,"date":"2026-02-04T14:30:33","date_gmt":"2026-02-04T11:30:33","guid":{"rendered":"https:\/\/a-pant.ee\/product\/monitor-asus-zenscreen-oled-mq16ahe-sumka\/"},"modified":"2026-02-22T12:16:55","modified_gmt":"2026-02-22T09:16:55","slug":"monitor-asus-zenscreen-oled-mq16ahe-sumka","status":"publish","type":"product","link":"https:\/\/a-pant.ee\/ru\/product\/monitor-asus-zenscreen-oled-mq16ahe-sumka\/","title":{"rendered":"\u041c\u043e\u043d\u0438\u0442\u043e\u0440 Asus ZenScreen OLED MQ16AHE + \u0421\u0443\u043c\u043a\u0430"},"content":{"rendered":"\n<p><strong> Monitor Asus ZenScreen OLED MQ16AHE + Kott <\/strong> , heas seisu- ja t\u00f6\u00f6korras! <\/p><p> KIRJELDUS <\/p><ul><li> Diagonaal: <strong> 15,6&#8243; <\/strong><\/li><li> Resolutsioon: <strong> 1920\u00d71080 (Full HD) <\/strong><\/li><li> Paneel: <strong> OLED <\/strong> , 100% DCI-P3 <\/li><li> Kontrastsus kuni <strong> 1 000 000:1 <\/strong><\/li><li> Heledus umbes <strong> 400 nitti <\/strong><\/li><li> Reageerimisaeg: <strong> 1 ms <\/strong><\/li><li> V\u00e4rskendussagedus: <strong> 60 Hz <\/strong><\/li><li> Pordid: <strong> USB-C (DisplayPort), Mini-HDMI <\/strong><\/li><li> Kaal umbes <strong> 0,7 kg <\/strong><\/li><\/ul><p> \u00a0 <\/p>\n","protected":false},"excerpt":{"rendered":"<p>Monitor Asus ZenScreen OLED MQ16AHE + Kott , heas seisu- ja t\u00f6\u00f6korras! KIRJELDUS Diagonaal: 15,6&#8243; Resolutsioon: 1920\u00d71080 (Full HD) Paneel: OLED , 100% DCI-P3 Kontrastsus kuni 1 000 000:1 Heledus umbes 400 nitti Reageerimisaeg: 1 ms V\u00e4rskendussagedus: 60 Hz Pordid: USB-C (DisplayPort), Mini-HDMI Kaal umbes 0,7 kg \u00a0<\/p>\n","protected":false},"featured_media":32632,"comment_status":"closed","ping_status":"open","template":"","meta":{"inline_featured_image":false},"product_brand":[],"product_cat":[173],"product_tag":[],"class_list":{"0":"post-32631","1":"product","2":"type-product","3":"status-publish","4":"has-post-thumbnail","6":"product_cat-monitory","7":"pa_asukoht-lasnamae","8":"pa_seisukord-ispolzovano","10":"first","11":"outofstock","12":"taxable","13":"shipping-taxable","14":"purchasable","15":"product-type-simple"},"_links":{"self":[{"href":"https:\/\/a-pant.ee\/ru\/wp-json\/wp\/v2\/product\/32631","targetHints":{"allow":["GET"]}}],"collection":[{"href":"https:\/\/a-pant.ee\/ru\/wp-json\/wp\/v2\/product"}],"about":[{"href":"https:\/\/a-pant.ee\/ru\/wp-json\/wp\/v2\/types\/product"}],"replies":[{"embeddable":true,"href":"https:\/\/a-pant.ee\/ru\/wp-json\/wp\/v2\/comments?post=32631"}],"wp:featuredmedia":[{"embeddable":true,"href":"https:\/\/a-pant.ee\/ru\/wp-json\/wp\/v2\/media\/32632"}],"wp:attachment":[{"href":"https:\/\/a-pant.ee\/ru\/wp-json\/wp\/v2\/media?parent=32631"}],"wp:term":[{"taxonomy":"product_brand","embeddable":true,"href":"https:\/\/a-pant.ee\/ru\/wp-json\/wp\/v2\/product_brand?post=32631"},{"taxonomy":"product_cat","embeddable":true,"href":"https:\/\/a-pant.ee\/ru\/wp-json\/wp\/v2\/product_cat?post=32631"},{"taxonomy":"product_tag","embeddable":true,"href":"https:\/\/a-pant.ee\/ru\/wp-json\/wp\/v2\/product_tag?post=32631"}],"curies":[{"name":"wp","href":"https:\/\/api.w.org\/{rel}","templated":true}]}}