{"id":32625,"date":"2026-02-04T14:30:33","date_gmt":"2026-02-04T11:30:33","guid":{"rendered":"https:\/\/a-pant.ee\/product\/stroitelnyy-fen-makita-hg5012\/"},"modified":"2026-02-22T12:16:55","modified_gmt":"2026-02-22T09:16:55","slug":"stroitelnyj-fen-makita-hg5012","status":"publish","type":"product","link":"https:\/\/a-pant.ee\/ru\/product\/stroitelnyj-fen-makita-hg5012\/","title":{"rendered":"\u0421\u0442\u0440\u043e\u0438\u0442\u0435\u043b\u044c\u043d\u044b\u0439 \u0444\u0435\u043d Makita HG5012"},"content":{"rendered":"\n<p><strong> Ehitusf\u00f6\u00f6n Makita HG5012, <\/strong> heas seisu- ja t\u00f6\u00f6korras! <\/p><p> KIRJELDUS <\/p><ul><li> V\u00f5imsus: <strong> 1600 W <\/strong><\/li><li> Temperatuur: <strong> 350 \/ 500 \u00b0C <\/strong><\/li><li> \u00d5huvool: <strong> 350 \/ 500 l\/min <\/strong><\/li><li> Kaal umbes: <strong> 0,6 kg <\/strong><\/li><\/ul>\n","protected":false},"excerpt":{"rendered":"<p>Ehitusf\u00f6\u00f6n Makita HG5012, heas seisu- ja t\u00f6\u00f6korras! KIRJELDUS V\u00f5imsus: 1600 W Temperatuur: 350 \/ 500 \u00b0C \u00d5huvool: 350 \/ 500 l\/min Kaal umbes: 0,6 kg<\/p>\n","protected":false},"featured_media":32626,"comment_status":"closed","ping_status":"open","template":"","meta":{"inline_featured_image":false},"product_brand":[],"product_cat":[222],"product_tag":[],"class_list":{"0":"post-32625","1":"product","2":"type-product","3":"status-publish","4":"has-post-thumbnail","6":"product_cat-stroitelnye-feny","7":"pa_asukoht-lasnamae","8":"pa_seisukord-ispolzovano","10":"first","11":"instock","12":"taxable","13":"shipping-taxable","14":"purchasable","15":"product-type-simple"},"_links":{"self":[{"href":"https:\/\/a-pant.ee\/ru\/wp-json\/wp\/v2\/product\/32625","targetHints":{"allow":["GET"]}}],"collection":[{"href":"https:\/\/a-pant.ee\/ru\/wp-json\/wp\/v2\/product"}],"about":[{"href":"https:\/\/a-pant.ee\/ru\/wp-json\/wp\/v2\/types\/product"}],"replies":[{"embeddable":true,"href":"https:\/\/a-pant.ee\/ru\/wp-json\/wp\/v2\/comments?post=32625"}],"wp:featuredmedia":[{"embeddable":true,"href":"https:\/\/a-pant.ee\/ru\/wp-json\/wp\/v2\/media\/32626"}],"wp:attachment":[{"href":"https:\/\/a-pant.ee\/ru\/wp-json\/wp\/v2\/media?parent=32625"}],"wp:term":[{"taxonomy":"product_brand","embeddable":true,"href":"https:\/\/a-pant.ee\/ru\/wp-json\/wp\/v2\/product_brand?post=32625"},{"taxonomy":"product_cat","embeddable":true,"href":"https:\/\/a-pant.ee\/ru\/wp-json\/wp\/v2\/product_cat?post=32625"},{"taxonomy":"product_tag","embeddable":true,"href":"https:\/\/a-pant.ee\/ru\/wp-json\/wp\/v2\/product_tag?post=32625"}],"curies":[{"name":"wp","href":"https:\/\/api.w.org\/{rel}","templated":true}]}}